{"id":7220,"date":"2023-01-10T12:13:26","date_gmt":"2023-01-10T18:13:26","guid":{"rendered":"https:\/\/www.orbiscorporation.com\/reusable-corrugated-boxes\/"},"modified":"2025-11-04T10:24:38","modified_gmt":"2025-11-04T16:24:38","slug":"cajas-de-plastico-corrugado-reutilizables","status":"publish","type":"page","link":"https:\/\/www.orbiscorporation.com\/es-mx\/productos\/cajas-de-plastico-corrugado-reutilizables\/","title":{"rendered":"Cajas de pl\u00e1stico corrugado reutilizables"},"content":{"rendered":"\n<p>Plasticorr\u00ae es el primer reemplazo de caja marr\u00f3n reutilizable ideal para aplicaciones con bucles de cadena de suministro cerrados, incluida la recepci\u00f3n entrante y productos terminados para empaquetar juntos. PlastiCorr es un reemplazo directo de las cajas de fibra corrugada con una funcionalidad id\u00e9ntica y caracter\u00edsticas mejoradas. El dise\u00f1o patentado de PlastiCorr ofrece un rendimiento confiable y repetible, al mismo tiempo que impulsa la eficiencia en el proceso de empaque y brinda la m\u00e1xima protecci\u00f3n a la mercanc\u00eda.<\/p>\n\n\n\n<p>La integraci\u00f3n de PlastiCorr en los sistemas de automatizaci\u00f3n existentes es perfecta y es un reemplazo directo para las cajas de fibra corrugada con numerosos beneficios:<\/p>\n\n\n\n<ul class=\"wp-block-list\">\n<li>Reutilizable hasta 70 veces<\/li>\n\n\n\n<li>La tecnolog\u00eda Enfold\u2122 permite que las solapas de las cajas vuelvan a su posici\u00f3n recta despu\u00e9s de cada uso<\/li>\n\n\n\n<li>La construcci\u00f3n totalmente de pl\u00e1stico es resistente al agua y a la humedad para mejorar la durabilidad de la caja y la protecci\u00f3n de la mercanc\u00eda<\/li>\n\n\n\n<li>El pliegue del fabricante no tiene grosor extra para evitar la coronaci\u00f3n en pilas y ofrece la capacidad de empaquetar sin deformaci\u00f3n de la caja<\/li>\n\n\n\n<li>Todos los bordes est\u00e1n sellados para reducir el riesgo de contaminantes, as\u00ed como mejorar la seguridad y la ergonom\u00eda<\/li>\n\n\n\n<li>Serigraf\u00eda en l\u00ednea de alta calidad para mejorar la marca y el etiquetado<\/li>\n<\/ul>\n\n\n\n<p><a href=\"https:\/\/www.orbiscorporation.com\/es-mx\/request-a-quote\/\" data-type=\"page\" data-id=\"14438\"><br>Solicitar una cotizaci\u00f3n<br><\/a><\/p>\n","protected":false},"excerpt":{"rendered":"<p>Plasticorr\u00ae es el primer reemplazo de caja marr\u00f3n reutilizable ideal para aplicaciones con bucles de cadena de suministro cerrados, incluida la recepci\u00f3n entrante y productos terminados para empaquetar juntos. PlastiCorr es un reemplazo directo de las cajas de fibra corrugada con una funcionalidad id\u00e9ntica y caracter\u00edsticas mejoradas. El dise\u00f1o patentado de PlastiCorr ofrece un rendimiento [&hellip;]<\/p>\n","protected":false},"author":3,"featured_media":7185,"parent":13552,"menu_order":0,"comment_status":"closed","ping_status":"closed","template":"","meta":{"_acf_changed":false,"footnotes":""},"class_list":["post-7220","page","type-page","status-publish","has-post-thumbnail","hentry"],"acf":[],"_links":{"self":[{"href":"https:\/\/www.orbiscorporation.com\/es-mx\/wp-json\/wp\/v2\/pages\/7220","targetHints":{"allow":["GET"]}}],"collection":[{"href":"https:\/\/www.orbiscorporation.com\/es-mx\/wp-json\/wp\/v2\/pages"}],"about":[{"href":"https:\/\/www.orbiscorporation.com\/es-mx\/wp-json\/wp\/v2\/types\/page"}],"author":[{"embeddable":true,"href":"https:\/\/www.orbiscorporation.com\/es-mx\/wp-json\/wp\/v2\/users\/3"}],"replies":[{"embeddable":true,"href":"https:\/\/www.orbiscorporation.com\/es-mx\/wp-json\/wp\/v2\/comments?post=7220"}],"version-history":[{"count":0,"href":"https:\/\/www.orbiscorporation.com\/es-mx\/wp-json\/wp\/v2\/pages\/7220\/revisions"}],"up":[{"embeddable":true,"href":"https:\/\/www.orbiscorporation.com\/es-mx\/wp-json\/wp\/v2\/pages\/13552"}],"wp:featuredmedia":[{"embeddable":true,"href":"https:\/\/www.orbiscorporation.com\/es-mx\/wp-json\/wp\/v2\/media\/7185"}],"wp:attachment":[{"href":"https:\/\/www.orbiscorporation.com\/es-mx\/wp-json\/wp\/v2\/media?parent=7220"}],"curies":[{"name":"wp","href":"https:\/\/api.w.org\/{rel}","templated":true}]}}