{"id":8188,"date":"2022-12-21T15:59:52","date_gmt":"2022-12-21T21:59:52","guid":{"rendered":"https:\/\/www.orbiscorporation.com\/metal-racks\/"},"modified":"2025-11-04T11:00:13","modified_gmt":"2025-11-04T17:00:13","slug":"racks-metalicos","status":"publish","type":"page","link":"https:\/\/www.orbiscorporation.com\/es-mx\/productos\/racks-metalicos\/","title":{"rendered":"Soluciones de Racks Met\u00e1licos"},"content":{"rendered":"\t\t<div data-elementor-type=\"wp-page\" data-elementor-id=\"8188\" class=\"elementor elementor-8188 elementor-6400\" data-elementor-post-type=\"page\">\n\t\t\t\t<div class=\"elementor-element elementor-element-6a816a8 e-flex e-con-boxed e-con e-parent\" data-id=\"6a816a8\" data-element_type=\"container\" data-e-type=\"container\" data-settings=\"{&quot;background_background&quot;:&quot;classic&quot;}\">\n\t\t\t\t\t<div class=\"e-con-inner\">\n\t\t\t\t<div class=\"elementor-element elementor-element-10d9059 elementor-widget elementor-widget-woocommerce-breadcrumb\" data-id=\"10d9059\" data-element_type=\"widget\" data-e-type=\"widget\" data-widget_type=\"woocommerce-breadcrumb.default\">\n\t\t\t\t<div class=\"elementor-widget-container\">\n\t\t\t\t\t<nav class=\"woocommerce-breadcrumb\" aria-label=\"Breadcrumb\">Inicio<\/nav>\t\t\t\t<\/div>\n\t\t\t\t<\/div>\n\t\t\t\t\t<\/div>\n\t\t\t\t<\/div>\n\t\t<div class=\"elementor-element elementor-element-b0c8487 e-flex e-con-boxed e-con e-parent\" data-id=\"b0c8487\" data-element_type=\"container\" data-e-type=\"container\" data-settings=\"{&quot;background_background&quot;:&quot;classic&quot;}\">\n\t\t\t\t\t<div class=\"e-con-inner\">\n\t\t<div class=\"elementor-element elementor-element-794827e e-con-full e-flex e-con e-child\" data-id=\"794827e\" data-element_type=\"container\" data-e-type=\"container\" data-settings=\"{&quot;background_background&quot;:&quot;classic&quot;}\">\n\t\t\t\t<\/div>\n\t\t<div data-dce-background-color=\"#FFFFFF\" class=\"elementor-element elementor-element-b09da5e e-con-full elementor-hidden-tablet elementor-hidden-mobile e-flex e-con e-child\" data-id=\"b09da5e\" data-element_type=\"container\" data-e-type=\"container\" data-settings=\"{&quot;background_background&quot;:&quot;classic&quot;}\">\n\t\t\t\t<div class=\"elementor-element elementor-element-46e4680 elementor-widget elementor-widget-image\" data-id=\"46e4680\" data-element_type=\"widget\" data-e-type=\"widget\" data-widget_type=\"image.default\">\n\t\t\t\t<div class=\"elementor-widget-container\">\n\t\t\t\t\t\t\t\t\t\t\t\t\t\t\t<img loading=\"lazy\" decoding=\"async\" width=\"800\" height=\"819\" src=\"https:\/\/www.orbiscorporation.com\/wp-content\/uploads\/2023\/01\/Collapsible_Rack_Green_Expanded_3Q_Open-1000x1024.jpg\" class=\"attachment-large size-large wp-image-7714\" alt=\"\" srcset=\"https:\/\/www.orbiscorporation.com\/wp-content\/uploads\/2023\/01\/Collapsible_Rack_Green_Expanded_3Q_Open-1000x1024.jpg 1000w, https:\/\/www.orbiscorporation.com\/wp-content\/uploads\/2023\/01\/Collapsible_Rack_Green_Expanded_3Q_Open-293x300.jpg 293w, https:\/\/www.orbiscorporation.com\/wp-content\/uploads\/2023\/01\/Collapsible_Rack_Green_Expanded_3Q_Open-768x787.jpg 768w, https:\/\/www.orbiscorporation.com\/wp-content\/uploads\/2023\/01\/Collapsible_Rack_Green_Expanded_3Q_Open.jpg 1200w\" sizes=\"auto, (max-width: 800px) 100vw, 800px\">\t\t\t\t\t\t\t\t\t\t\t\t\t\t\t<\/div>\n\t\t\t\t<\/div>\n\t\t\t\t<\/div>\n\t\t\t\t\t<\/div>\n\t\t\t\t<\/div>\n\t\t<div class=\"elementor-element elementor-element-8775b56 e-flex e-con-boxed e-con e-parent\" data-id=\"8775b56\" data-element_type=\"container\" data-e-type=\"container\">\n\t\t\t\t\t<div class=\"e-con-inner\">\n\t\t<div data-dce-background-color=\"#02433E\" data-dce-background-overlay-image-url=\"https:\/\/www.orbiscorporation.com\/wp-content\/uploads\/2025\/02\/ORBIS_Loop_Transparent-2.png\" class=\"elementor-element elementor-element-b5f9d08 e-con-full e-flex e-con e-child\" data-id=\"b5f9d08\" data-element_type=\"container\" data-e-type=\"container\" data-settings=\"{&quot;background_background&quot;:&quot;classic&quot;}\">\n\t\t\t\t<div data-dce-title-color=\"#FFFFFF\" class=\"elementor-element elementor-element-ef487db elementor-widget elementor-widget-heading\" data-id=\"ef487db\" data-element_type=\"widget\" data-e-type=\"widget\" data-widget_type=\"heading.default\">\n\t\t\t\t<div class=\"elementor-widget-container\">\n\t\t\t\t\t<div class=\"elementor-heading-title elementor-size-default\">\u00bfTienes alguna pregunta sobre un producto o quieres un presupuesto personalizado?<\/div>\t\t\t\t<\/div>\n\t\t\t\t<\/div>\n\t\t\t\t<div data-dce-text-color=\"#FFFFFF\" class=\"elementor-element elementor-element-3c0980c elementor-widget elementor-widget-text-editor\" data-id=\"3c0980c\" data-element_type=\"widget\" data-e-type=\"widget\" data-widget_type=\"text-editor.default\">\n\t\t\t\t<div class=\"elementor-widget-container\">\n\t\t\t\t\t\t\t\t\t<p>\u00a1Ponte en contacto hoy mismo! Nuestros expertos est\u00e1n preparados para elaborar la soluci\u00f3n de envasado reutilizable perfecta para tus necesidades.<\/p>\t\t\t\t\t\t\t\t<\/div>\n\t\t\t\t<\/div>\n\t\t\t\t<\/div>\n\t\t<div data-dce-background-color=\"#02433E\" class=\"elementor-element elementor-element-411e932 e-con-full e-flex e-con e-child\" data-id=\"411e932\" data-element_type=\"container\" data-e-type=\"container\" data-settings=\"{&quot;background_background&quot;:&quot;classic&quot;}\">\n\t\t\t\t<div data-dce-background-color=\"#48939E\" class=\"elementor-element elementor-element-041e24f elementor-align-center request-a-quote-click elementor-widget elementor-widget-button\" data-id=\"041e24f\" data-element_type=\"widget\" data-e-type=\"widget\" data-widget_type=\"button.default\">\n\t\t\t\t<div class=\"elementor-widget-container\">\n\t\t\t\t\t\t\t\t\t<div class=\"elementor-button-wrapper\">\n\t\t\t\t\t<a class=\"elementor-button elementor-button-link elementor-size-sm\" href=\"https:\/\/www.orbiscorporation.com\/es-mx\/request-a-quote\/\">\n\t\t\t\t\t\t<span class=\"elementor-button-content-wrapper\">\n\t\t\t\t\t\t<span class=\"elementor-button-icon\">\n\t\t\t\t<i aria-hidden=\"true\" class=\"fas fa-arrow-right\"><\/i>\t\t\t<\/span>\n\t\t\t\t\t\t\t\t\t<span class=\"elementor-button-text\">Solicitar una cotizaci\u00f3n<\/span>\n\t\t\t\t\t<\/span>\n\t\t\t\t\t<\/a>\n\t\t\t\t<\/div>\n\t\t\t\t\t\t\t\t<\/div>\n\t\t\t\t<\/div>\n\t\t\t\t<\/div>\n\t\t\t\t\t<\/div>\n\t\t\t\t<\/div>\n\t\t<div data-dce-background-color=\"#FFFFFF\" class=\"elementor-element elementor-element-6fb658b e-flex e-con-boxed e-con e-parent\" data-id=\"6fb658b\" data-element_type=\"container\" data-e-type=\"container\" data-settings=\"{&quot;background_background&quot;:&quot;classic&quot;}\">\n\t\t\t\t\t<div class=\"e-con-inner\">\n\t\t\t\t<div class=\"elementor-element elementor-element-36952e1 elementor-widget elementor-widget-heading\" data-id=\"36952e1\" data-element_type=\"widget\" data-e-type=\"widget\" data-widget_type=\"heading.default\">\n\t\t\t\t<div class=\"elementor-widget-container\">\n\t\t\t\t\t<h2 class=\"elementor-heading-title elementor-size-default\">Soluciones de Racks Met\u00e1licos<\/h2>\t\t\t\t<\/div>\n\t\t\t\t<\/div>\n\t\t\t\t<div class=\"elementor-element elementor-element-4669503 elementor-widget elementor-widget-text-editor\" data-id=\"4669503\" data-element_type=\"widget\" data-e-type=\"widget\" data-widget_type=\"text-editor.default\">\n\t\t\t\t<div class=\"elementor-widget-container\">\n\t\t\t\t\t\t\t\t\t<p>ORBIS ofrece la m\u00e1s amplia variedad de contenedores met\u00e1licos para embarques y transporte de materiales. Nuestros oferta de productos met\u00e1licos incluyen: racks, contenedores, tarimas apilables, contenedores apilables para almacenaje. Tambi\u00e9n ofrecemos soluciones met\u00e1licas hechas a medida tales como contenedores y tarimas. Entre las opciones ofrecemos: racks con bolsas textiles, para transporte y uso interno. Ofrecemos sistemas de manejo de materiales y soluciones de empaque para proteger sus piezas a trav\u00e9s de su cadena de suministro.<br>  <\/p>\t\t\t\t\t\t\t\t<\/div>\n\t\t\t\t<\/div>\n\t\t\t\t\t<\/div>\n\t\t\t\t<\/div>\n\t\t<div data-dce-background-color=\"#FFFFFF\" class=\"elementor-element elementor-element-83c03af e-flex e-con-boxed e-con e-parent\" data-id=\"83c03af\" data-element_type=\"container\" data-e-type=\"container\" data-settings=\"{&quot;background_background&quot;:&quot;classic&quot;}\">\n\t\t\t\t\t<div class=\"e-con-inner\">\n\t\t<div class=\"elementor-element elementor-element-2580523 e-con-full e-flex e-con e-child\" data-id=\"2580523\" data-element_type=\"container\" data-e-type=\"container\">\n\t\t\t\t<div class=\"elementor-element elementor-element-caddead elementor-widget elementor-widget-image\" data-id=\"caddead\" data-element_type=\"widget\" data-e-type=\"widget\" data-widget_type=\"image.default\">\n\t\t\t\t<div class=\"elementor-widget-container\">\n\t\t\t\t\t\t\t\t\t\t\t\t\t\t\t<img loading=\"lazy\" decoding=\"async\" width=\"1200\" height=\"800\" src=\"https:\/\/www.orbiscorporation.com\/wp-content\/uploads\/2022\/12\/Types-of-Racks.jpg\" class=\"attachment-full size-full wp-image-6410\" alt=\"\" srcset=\"https:\/\/www.orbiscorporation.com\/wp-content\/uploads\/2022\/12\/Types-of-Racks.jpg 1200w, https:\/\/www.orbiscorporation.com\/wp-content\/uploads\/2022\/12\/Types-of-Racks-800x533.jpg 800w, https:\/\/www.orbiscorporation.com\/wp-content\/uploads\/2022\/12\/Types-of-Racks-300x200.jpg 300w, https:\/\/www.orbiscorporation.com\/wp-content\/uploads\/2022\/12\/Types-of-Racks-1024x683.jpg 1024w, https:\/\/www.orbiscorporation.com\/wp-content\/uploads\/2022\/12\/Types-of-Racks-768x512.jpg 768w, https:\/\/www.orbiscorporation.com\/wp-content\/uploads\/2022\/12\/Types-of-Racks-600x400.jpg 600w\" sizes=\"auto, (max-width: 1200px) 100vw, 1200px\">\t\t\t\t\t\t\t\t\t\t\t\t\t\t\t<\/div>\n\t\t\t\t<\/div>\n\t\t\t\t<\/div>\n\t\t<div class=\"elementor-element elementor-element-13e4f9f e-con-full e-flex e-con e-child\" data-id=\"13e4f9f\" data-element_type=\"container\" data-e-type=\"container\">\n\t\t\t\t<div data-dce-title-color=\"#02433E\" class=\"elementor-element elementor-element-411ca93 elementor-widget elementor-widget-heading\" data-id=\"411ca93\" data-element_type=\"widget\" data-e-type=\"widget\" data-widget_type=\"heading.default\">\n\t\t\t\t<div class=\"elementor-widget-container\">\n\t\t\t\t\t<h3 class=\"elementor-heading-title elementor-size-default\">Tipos de Racks<\/h3>\t\t\t\t<\/div>\n\t\t\t\t<\/div>\n\t\t\t\t<div class=\"elementor-element elementor-element-bea225d elementor-widget elementor-widget-text-editor\" data-id=\"bea225d\" data-element_type=\"widget\" data-e-type=\"widget\" data-widget_type=\"text-editor.default\">\n\t\t\t\t<div class=\"elementor-widget-container\">\n\t\t\t\t\t\t\t\t\t<p>ORBIS ofrece racks con bolsas textiles, para transporte y uso interno. Ofrecemos sistemas de manejo de materiales y soluciones de empaque para proteger sus piezas a trav\u00e9s de su cadena de suministro. <\/p>\t\t\t\t\t\t\t\t<\/div>\n\t\t\t\t<\/div>\n\t\t\t\t<div data-dce-background-color=\"#046F66\" class=\"elementor-element elementor-element-5139bb5 elementor-align-left elementor-mobile-align-center elementor-widget elementor-widget-button\" data-id=\"5139bb5\" data-element_type=\"widget\" data-e-type=\"widget\" data-widget_type=\"button.default\">\n\t\t\t\t<div class=\"elementor-widget-container\">\n\t\t\t\t\t\t\t\t\t<div class=\"elementor-button-wrapper\">\n\t\t\t\t\t<a class=\"elementor-button elementor-button-link elementor-size-sm\" href=\"https:\/\/www.orbiscorporation.com\/es-mx\/productos\/racks-metalicos\/tipos-de-racks\/\">\n\t\t\t\t\t\t<span class=\"elementor-button-content-wrapper\">\n\t\t\t\t\t\t<span class=\"elementor-button-icon\">\n\t\t\t\t<i aria-hidden=\"true\" class=\"fas fa-arrow-right\"><\/i>\t\t\t<\/span>\n\t\t\t\t\t\t\t\t\t<span class=\"elementor-button-text\">Tipos de Racks<\/span>\n\t\t\t\t\t<\/span>\n\t\t\t\t\t<\/a>\n\t\t\t\t<\/div>\n\t\t\t\t\t\t\t\t<\/div>\n\t\t\t\t<\/div>\n\t\t\t\t<\/div>\n\t\t\t\t\t<\/div>\n\t\t\t\t<\/div>\n\t\t<div class=\"elementor-element elementor-element-8c692c4 e-flex e-con-boxed e-con e-parent\" data-id=\"8c692c4\" data-element_type=\"container\" data-e-type=\"container\">\n\t\t\t\t\t<div class=\"e-con-inner\">\n\t\t\t\t<div class=\"elementor-element elementor-element-59ffb82 elementor-widget elementor-widget-image\" data-id=\"59ffb82\" data-element_type=\"widget\" data-e-type=\"widget\" data-widget_type=\"image.default\">\n\t\t\t\t<div class=\"elementor-widget-container\">\n\t\t\t\t\t\t\t\t\t\t\t\t\t\t\t<img loading=\"lazy\" decoding=\"async\" width=\"800\" height=\"225\" src=\"https:\/\/www.orbiscorporation.com\/wp-content\/uploads\/2022\/12\/ORBISHIELD_DESIGN_PROCESS-1024x288.jpg\" class=\"attachment-large size-large wp-image-6847\" alt=\"\" srcset=\"https:\/\/www.orbiscorporation.com\/wp-content\/uploads\/2022\/12\/ORBISHIELD_DESIGN_PROCESS-1024x288.jpg 1024w, https:\/\/www.orbiscorporation.com\/wp-content\/uploads\/2022\/12\/ORBISHIELD_DESIGN_PROCESS-300x84.jpg 300w, https:\/\/www.orbiscorporation.com\/wp-content\/uploads\/2022\/12\/ORBISHIELD_DESIGN_PROCESS-768x216.jpg 768w, https:\/\/www.orbiscorporation.com\/wp-content\/uploads\/2022\/12\/ORBISHIELD_DESIGN_PROCESS.jpg 1323w\" sizes=\"auto, (max-width: 800px) 100vw, 800px\">\t\t\t\t\t\t\t\t\t\t\t\t\t\t\t<\/div>\n\t\t\t\t<\/div>\n\t\t\t\t\t<\/div>\n\t\t\t\t<\/div>\n\t\t<div data-dce-background-color=\"#FFFFFF\" class=\"elementor-element elementor-element-5a7c52a e-flex e-con-boxed e-con e-parent\" data-id=\"5a7c52a\" data-element_type=\"container\" data-e-type=\"container\" data-settings=\"{&quot;background_background&quot;:&quot;classic&quot;}\">\n\t\t\t\t\t<div class=\"e-con-inner\">\n\t\t<div class=\"elementor-element elementor-element-63eeacd e-con-full e-flex e-con e-child\" data-id=\"63eeacd\" data-element_type=\"container\" data-e-type=\"container\">\n\t\t\t\t<div class=\"elementor-element elementor-element-88b74b6 elementor-widget elementor-widget-image\" data-id=\"88b74b6\" data-element_type=\"widget\" data-e-type=\"widget\" data-widget_type=\"image.default\">\n\t\t\t\t<div class=\"elementor-widget-container\">\n\t\t\t\t\t\t\t\t\t\t\t\t\t\t\t<img loading=\"lazy\" decoding=\"async\" width=\"432\" height=\"288\" src=\"https:\/\/www.orbiscorporation.com\/wp-content\/uploads\/2022\/12\/Custom-Design-Considerations.jpg\" class=\"attachment-full size-full wp-image-6756\" alt=\"\" srcset=\"https:\/\/www.orbiscorporation.com\/wp-content\/uploads\/2022\/12\/Custom-Design-Considerations.jpg 432w, https:\/\/www.orbiscorporation.com\/wp-content\/uploads\/2022\/12\/Custom-Design-Considerations-300x200.jpg 300w\" sizes=\"auto, (max-width: 432px) 100vw, 432px\">\t\t\t\t\t\t\t\t\t\t\t\t\t\t\t<\/div>\n\t\t\t\t<\/div>\n\t\t\t\t<\/div>\n\t\t<div class=\"elementor-element elementor-element-7bd9972 e-con-full e-flex e-con e-child\" data-id=\"7bd9972\" data-element_type=\"container\" data-e-type=\"container\">\n\t\t\t\t<div data-dce-title-color=\"#02433E\" class=\"elementor-element elementor-element-42cb416 elementor-widget elementor-widget-heading\" data-id=\"42cb416\" data-element_type=\"widget\" data-e-type=\"widget\" data-widget_type=\"heading.default\">\n\t\t\t\t<div class=\"elementor-widget-container\">\n\t\t\t\t\t<h3 class=\"elementor-heading-title elementor-size-default\">Consideraciones de Dise\u00f1o<\/h3>\t\t\t\t<\/div>\n\t\t\t\t<\/div>\n\t\t\t\t<div class=\"elementor-element elementor-element-fd7f758 elementor-widget elementor-widget-text-editor\" data-id=\"fd7f758\" data-element_type=\"widget\" data-e-type=\"widget\" data-widget_type=\"text-editor.default\">\n\t\t\t\t<div class=\"elementor-widget-container\">\n\t\t\t\t\t\t\t\t\t<p>Los dise\u00f1adores de ORBIS trabajan con nuestros clientes para determinar el nivel de protecci\u00f3n necesario, despu\u00e9s dise\u00f1an e integran los racks met\u00e1licos con nuestros separadores internos ORBIShield para as\u00ed lograr la m\u00e1xima densidad de empaque y garantizar la integridad del producto. <\/p>\t\t\t\t\t\t\t\t<\/div>\n\t\t\t\t<\/div>\n\t\t\t\t<\/div>\n\t\t\t\t\t<\/div>\n\t\t\t\t<\/div>\n\t\t<div data-dce-background-color=\"#FFFFFF\" class=\"elementor-element elementor-element-d357d6f e-flex e-con-boxed e-con e-parent\" data-id=\"d357d6f\" data-element_type=\"container\" data-e-type=\"container\" data-settings=\"{&quot;background_background&quot;:&quot;classic&quot;}\">\n\t\t\t\t\t<div class=\"e-con-inner\">\n\t\t<div class=\"elementor-element elementor-element-d7500ca e-con-full e-flex e-con e-child\" data-id=\"d7500ca\" data-element_type=\"container\" data-e-type=\"container\">\n\t\t\t\t<div class=\"elementor-element elementor-element-bb2cef7 elementor-widget elementor-widget-image\" data-id=\"bb2cef7\" data-element_type=\"widget\" data-e-type=\"widget\" data-widget_type=\"image.default\">\n\t\t\t\t<div class=\"elementor-widget-container\">\n\t\t\t\t\t\t\t\t\t\t\t\t\t\t\t<img loading=\"lazy\" decoding=\"async\" width=\"800\" height=\"534\" src=\"https:\/\/www.orbiscorporation.com\/wp-content\/uploads\/2022\/12\/METAL_SOLUTIONS_APPLICATION_2020-19-1024x684.jpg\" class=\"attachment-large size-large wp-image-6754\" alt=\"\" srcset=\"https:\/\/www.orbiscorporation.com\/wp-content\/uploads\/2022\/12\/METAL_SOLUTIONS_APPLICATION_2020-19-1024x684.jpg 1024w, https:\/\/www.orbiscorporation.com\/wp-content\/uploads\/2022\/12\/METAL_SOLUTIONS_APPLICATION_2020-19-800x533.jpg 800w, https:\/\/www.orbiscorporation.com\/wp-content\/uploads\/2022\/12\/METAL_SOLUTIONS_APPLICATION_2020-19-300x200.jpg 300w, https:\/\/www.orbiscorporation.com\/wp-content\/uploads\/2022\/12\/METAL_SOLUTIONS_APPLICATION_2020-19-768x513.jpg 768w, https:\/\/www.orbiscorporation.com\/wp-content\/uploads\/2022\/12\/METAL_SOLUTIONS_APPLICATION_2020-19-600x400.jpg 600w, https:\/\/www.orbiscorporation.com\/wp-content\/uploads\/2022\/12\/METAL_SOLUTIONS_APPLICATION_2020-19.jpg 1200w\" sizes=\"auto, (max-width: 800px) 100vw, 800px\">\t\t\t\t\t\t\t\t\t\t\t\t\t\t\t<\/div>\n\t\t\t\t<\/div>\n\t\t\t\t<\/div>\n\t\t<div class=\"elementor-element elementor-element-23f9c89 e-con-full e-flex e-con e-child\" data-id=\"23f9c89\" data-element_type=\"container\" data-e-type=\"container\">\n\t\t\t\t<div data-dce-title-color=\"#02433E\" class=\"elementor-element elementor-element-92db581 elementor-widget elementor-widget-heading\" data-id=\"92db581\" data-element_type=\"widget\" data-e-type=\"widget\" data-widget_type=\"heading.default\">\n\t\t\t\t<div class=\"elementor-widget-container\">\n\t\t\t\t\t<h3 class=\"elementor-heading-title elementor-size-default\">D\u00e9janos la Integraci\u00f3n a Nosotros<\/h3>\t\t\t\t<\/div>\n\t\t\t\t<\/div>\n\t\t\t\t<div class=\"elementor-element elementor-element-9287c24 elementor-widget elementor-widget-text-editor\" data-id=\"9287c24\" data-element_type=\"widget\" data-e-type=\"widget\" data-widget_type=\"text-editor.default\">\n\t\t\t\t<div class=\"elementor-widget-container\">\n\t\t\t\t\t\t\t\t\t<p>La integraci\u00f3n vertical de la fabricaci\u00f3n de metal y el material de estiba producci\u00f3n permite que ORBIS sea su \u00fanica fuente de soluciones de embalaje de metal personalizadas. El material de estiba se dise\u00f1a y produce internamente y luego se integra en los estantes. Esto garantiza que su soluci\u00f3n totalmente integrada se env\u00ede sin inconvenientes a sus instalaciones, lista para empaquetar.  <\/p>\t\t\t\t\t\t\t\t<\/div>\n\t\t\t\t<\/div>\n\t\t\t\t<div data-dce-background-color=\"#046F66\" class=\"elementor-element elementor-element-c8e20d9 elementor-align-left elementor-mobile-align-center request-a-quote-click elementor-widget elementor-widget-button\" data-id=\"c8e20d9\" data-element_type=\"widget\" data-e-type=\"widget\" data-widget_type=\"button.default\">\n\t\t\t\t<div class=\"elementor-widget-container\">\n\t\t\t\t\t\t\t\t\t<div class=\"elementor-button-wrapper\">\n\t\t\t\t\t<a class=\"elementor-button elementor-button-link elementor-size-sm\" href=\"https:\/\/www.orbiscorporation.com\/es-mx\/request-a-quote\/\">\n\t\t\t\t\t\t<span class=\"elementor-button-content-wrapper\">\n\t\t\t\t\t\t<span class=\"elementor-button-icon\">\n\t\t\t\t<i aria-hidden=\"true\" class=\"fas fa-arrow-right\"><\/i>\t\t\t<\/span>\n\t\t\t\t\t\t\t\t\t<span class=\"elementor-button-text\">Solicitar una cotizaci\u00f3n<\/span>\n\t\t\t\t\t<\/span>\n\t\t\t\t\t<\/a>\n\t\t\t\t<\/div>\n\t\t\t\t\t\t\t\t<\/div>\n\t\t\t\t<\/div>\n\t\t\t\t<\/div>\n\t\t\t\t\t<\/div>\n\t\t\t\t<\/div>\n\t\t<div data-dce-background-color=\"#FFFFFF\" class=\"elementor-element elementor-element-4e0abb0 e-flex e-con-boxed e-con e-parent\" data-id=\"4e0abb0\" data-element_type=\"container\" data-e-type=\"container\" data-settings=\"{&quot;background_background&quot;:&quot;classic&quot;}\">\n\t\t\t\t\t<div class=\"e-con-inner\">\n\t\t<div class=\"elementor-element elementor-element-4803ba4 e-con-full e-flex e-con e-child\" data-id=\"4803ba4\" data-element_type=\"container\" data-e-type=\"container\">\n\t\t\t\t<div class=\"elementor-element elementor-element-45b7828 elementor-widget elementor-widget-image\" data-id=\"45b7828\" data-element_type=\"widget\" data-e-type=\"widget\" data-widget_type=\"image.default\">\n\t\t\t\t<div class=\"elementor-widget-container\">\n\t\t\t\t\t\t\t\t\t\t\t\t\t\t\t<img loading=\"lazy\" decoding=\"async\" width=\"1200\" height=\"612\" src=\"https:\/\/www.orbiscorporation.com\/wp-content\/uploads\/2022\/12\/ORBISHIELD_CUSTOM_FACILITIES_MAP.jpg\" class=\"attachment-full size-full wp-image-6858\" alt=\"\">\t\t\t\t\t\t\t\t\t\t\t\t\t\t\t<\/div>\n\t\t\t\t<\/div>\n\t\t\t\t<\/div>\n\t\t<div class=\"elementor-element elementor-element-6271e0d e-con-full e-flex e-con e-child\" data-id=\"6271e0d\" data-element_type=\"container\" data-e-type=\"container\">\n\t\t\t\t<div data-dce-title-color=\"#02433E\" class=\"elementor-element elementor-element-96797b6 elementor-widget elementor-widget-heading\" data-id=\"96797b6\" data-element_type=\"widget\" data-e-type=\"widget\" data-widget_type=\"heading.default\">\n\t\t\t\t<div class=\"elementor-widget-container\">\n\t\t\t\t\t<h3 class=\"elementor-heading-title elementor-size-default\">Plantas de fabricaci\u00f3n<\/h3>\t\t\t\t<\/div>\n\t\t\t\t<\/div>\n\t\t\t\t<div class=\"elementor-element elementor-element-27e1bda elementor-widget elementor-widget-text-editor\" data-id=\"27e1bda\" data-element_type=\"widget\" data-e-type=\"widget\" data-widget_type=\"text-editor.default\">\n\t\t\t\t<div class=\"elementor-widget-container\">\n\t\t\t\t\t\t\t\t\t<p>Con plantas en el centro de M\u00e9xico, ORBIS ofrece dise\u00f1o, servicio y soporte cuando y donde lo necesite.<\/p>\t\t\t\t\t\t\t\t<\/div>\n\t\t\t\t<\/div>\n\t\t\t\t<\/div>\n\t\t\t\t\t<\/div>\n\t\t\t\t<\/div>\n\t\t\t\t<\/div>\n\t\t","protected":false},"excerpt":{"rendered":"<p>\u00bfTienes alguna pregunta sobre un producto o quieres un presupuesto personalizado? \u00a1Ponte en contacto hoy mismo! Nuestros expertos est\u00e1n preparados para elaborar la soluci\u00f3n de envasado reutilizable perfecta para tus necesidades. Solicitar una cotizaci\u00f3n Soluciones de Racks Met\u00e1licos ORBIS ofrece la m\u00e1s amplia variedad de contenedores met\u00e1licos para embarques y transporte de materiales. Nuestros oferta [&hellip;]<\/p>\n","protected":false},"author":3,"featured_media":7714,"parent":13552,"menu_order":0,"comment_status":"closed","ping_status":"closed","template":"elementor_header_footer","meta":{"_acf_changed":false,"footnotes":""},"class_list":["post-8188","page","type-page","status-publish","has-post-thumbnail","hentry"],"acf":[],"_links":{"self":[{"href":"https:\/\/www.orbiscorporation.com\/es-mx\/wp-json\/wp\/v2\/pages\/8188","targetHints":{"allow":["GET"]}}],"collection":[{"href":"https:\/\/www.orbiscorporation.com\/es-mx\/wp-json\/wp\/v2\/pages"}],"about":[{"href":"https:\/\/www.orbiscorporation.com\/es-mx\/wp-json\/wp\/v2\/types\/page"}],"author":[{"embeddable":true,"href":"https:\/\/www.orbiscorporation.com\/es-mx\/wp-json\/wp\/v2\/users\/3"}],"replies":[{"embeddable":true,"href":"https:\/\/www.orbiscorporation.com\/es-mx\/wp-json\/wp\/v2\/comments?post=8188"}],"version-history":[{"count":0,"href":"https:\/\/www.orbiscorporation.com\/es-mx\/wp-json\/wp\/v2\/pages\/8188\/revisions"}],"up":[{"embeddable":true,"href":"https:\/\/www.orbiscorporation.com\/es-mx\/wp-json\/wp\/v2\/pages\/13552"}],"wp:featuredmedia":[{"embeddable":true,"href":"https:\/\/www.orbiscorporation.com\/es-mx\/wp-json\/wp\/v2\/media\/7714"}],"wp:attachment":[{"href":"https:\/\/www.orbiscorporation.com\/es-mx\/wp-json\/wp\/v2\/media?parent=8188"}],"curies":[{"name":"wp","href":"https:\/\/api.w.org\/{rel}","templated":true}]}}