{"id":8651,"date":"2023-01-26T08:22:07","date_gmt":"2023-01-26T14:22:07","guid":{"rendered":"https:\/\/www.orbiscorporation.com\/?page_id=8651"},"modified":"2025-11-04T10:53:39","modified_gmt":"2025-11-04T16:53:39","slug":"industrial-pallets","status":"publish","type":"page","link":"https:\/\/www.orbiscorporation.com\/es-mx\/industries\/industrial\/plastic-pallets\/","title":{"rendered":"Tarimas de Plastico"},"content":{"rendered":"\t\t<div data-elementor-type=\"wp-page\" data-elementor-id=\"8651\" class=\"elementor elementor-8651\" data-elementor-post-type=\"page\">\n\t\t\t\t<div class=\"elementor-element elementor-element-8d6ecdb e-flex e-con-boxed e-con e-parent\" data-id=\"8d6ecdb\" data-element_type=\"container\" data-e-type=\"container\" data-settings=\"{&quot;background_background&quot;:&quot;classic&quot;}\">\n\t\t\t\t\t<div class=\"e-con-inner\">\n\t\t<div class=\"elementor-element elementor-element-921f858 e-con-full e-flex e-con e-child\" data-id=\"921f858\" data-element_type=\"container\" data-e-type=\"container\" data-settings=\"{&quot;background_background&quot;:&quot;classic&quot;}\">\n\t\t\t\t<\/div>\n\t\t<div data-dce-background-color=\"#FFFFFF\" class=\"elementor-element elementor-element-f57ef0d e-con-full e-flex e-con e-child\" data-id=\"f57ef0d\" data-element_type=\"container\" data-e-type=\"container\" data-settings=\"{&quot;background_background&quot;:&quot;classic&quot;}\">\n\t\t\t\t<div class=\"elementor-element elementor-element-45e9df3 elementor-widget elementor-widget-image\" data-id=\"45e9df3\" data-element_type=\"widget\" data-e-type=\"widget\" data-widget_type=\"image.default\">\n\t\t\t\t<div class=\"elementor-widget-container\">\n\t\t\t\t\t\t\t\t\t\t\t\t\t\t\t<img loading=\"lazy\" decoding=\"async\" width=\"800\" height=\"600\" src=\"https:\/\/www.orbiscorporation.com\/wp-content\/uploads\/2024\/03\/3-Runner-Reusable-Plastic-Pallet-1024x768.jpg\" class=\"attachment-large size-large wp-image-10944\" alt=\"A black plastic pallet on a white background.\" srcset=\"https:\/\/www.orbiscorporation.com\/wp-content\/uploads\/2024\/03\/3-Runner-Reusable-Plastic-Pallet-1024x768.jpg 1024w, https:\/\/www.orbiscorporation.com\/wp-content\/uploads\/2024\/03\/3-Runner-Reusable-Plastic-Pallet-300x225.jpg 300w, https:\/\/www.orbiscorporation.com\/wp-content\/uploads\/2024\/03\/3-Runner-Reusable-Plastic-Pallet-768x576.jpg 768w, https:\/\/www.orbiscorporation.com\/wp-content\/uploads\/2024\/03\/3-Runner-Reusable-Plastic-Pallet.jpg 1200w\" sizes=\"auto, (max-width: 800px) 100vw, 800px\" \/>\t\t\t\t\t\t\t\t\t\t\t\t\t\t\t<\/div>\n\t\t\t\t<\/div>\n\t\t\t\t<\/div>\n\t\t\t\t\t<\/div>\n\t\t\t\t<\/div>\n\t\t<div class=\"elementor-element elementor-element-7a490f7 e-flex e-con-boxed e-con e-parent\" data-id=\"7a490f7\" data-element_type=\"container\" data-e-type=\"container\">\n\t\t\t\t\t<div class=\"e-con-inner\">\n\t\t\t\t<div class=\"elementor-element elementor-element-a7e319c elementor-widget elementor-widget-text-editor\" data-id=\"a7e319c\" data-element_type=\"widget\" data-e-type=\"widget\" data-widget_type=\"text-editor.default\">\n\t\t\t\t<div class=\"elementor-widget-container\">\n\t\t\t\t\t\t\t\t\t<p>Los fabricantes y proveedores l\u00edderes de camiones pesados, equipos de la construcci\u00f3n, automotrices e industriales as\u00ed como aparatos electrodom\u00e9sticos, reconocen que un programa de tarimas de pl\u00e1stico retornables eficaz puede reducir los costos, impulsar la sustentabilidad y optimizar su cadena de suministro.<br \/><br \/>Las tarimas de pl\u00e1stico de ORBIS est\u00e1n disponibles en medidas de 20\u2033 x 28\u2033 hasta 48\u2033 x 72\u2033 y est\u00e1n dise\u00f1adas para ambientes industriales pesados.<\/p><p>Los expertos en empaque retornable de ORBIS Corporation ofrecen extensos conocimientos sobre la industria, productos y aplicaciones para ayudar a las empresas a implementar tarimas de pl\u00e1stico. Los profesionales en empaques de ORBIS analizan una sola operaci\u00f3n o la cadena de suministro entera para identificar las \u00e1reas donde el empaque retornable de pl\u00e1stico tendr\u00e1 un impacto positivo. Despu\u00e9s de comprobar los ahorros, ORBIS ayuda a las empresas a dise\u00f1ar, probar e implementar programas de tarimas de pl\u00e1stico. ORBIS entiende que los lanzamientos de nuevos productos, las mejoras a la calidad, los cambiantes procesos de producci\u00f3n y las nuevas pr\u00e1cticas laborales pueden requerir empaque retornable nuevo e innovador.<\/p><p>Con d\u00e9cadas de experiencia en el servicio al sector industrial, ORBIS trabaja de cerca con sus clientes para identificar sus necesidades e implementar un programa de tarimas que satisfaga sus necesidades espec\u00edficas.<\/p>\t\t\t\t\t\t\t\t<\/div>\n\t\t\t\t<\/div>\n\t\t\t\t<div data-dce-background-color=\"#48939E\" class=\"elementor-element elementor-element-b9ab44c elementor-align-center request-a-quote-click elementor-widget elementor-widget-button\" data-id=\"b9ab44c\" data-element_type=\"widget\" data-e-type=\"widget\" data-widget_type=\"button.default\">\n\t\t\t\t<div class=\"elementor-widget-container\">\n\t\t\t\t\t\t\t\t\t<div class=\"elementor-button-wrapper\">\n\t\t\t\t\t<a class=\"elementor-button elementor-button-link elementor-size-sm\" href=\"https:\/\/www.orbiscorporation.com\/es-mx\/request-a-quote\/\">\n\t\t\t\t\t\t<span class=\"elementor-button-content-wrapper\">\n\t\t\t\t\t\t<span class=\"elementor-button-icon\">\n\t\t\t\t<i aria-hidden=\"true\" class=\"fas fa-arrow-right\"><\/i>\t\t\t<\/span>\n\t\t\t\t\t\t\t\t\t<span class=\"elementor-button-text\">Solicitar una cotizaci\u00f3n<\/span>\n\t\t\t\t\t<\/span>\n\t\t\t\t\t<\/a>\n\t\t\t\t<\/div>\n\t\t\t\t\t\t\t\t<\/div>\n\t\t\t\t<\/div>\n\t\t\t\t\t<\/div>\n\t\t\t\t<\/div>\n\t\t\t\t<\/div>\n\t\t","protected":false},"excerpt":{"rendered":"<p>Los fabricantes y proveedores l\u00edderes de camiones pesados, equipos de la construcci\u00f3n, automotrices e industriales as\u00ed como aparatos electrodom\u00e9sticos, reconocen que un programa de tarimas de pl\u00e1stico retornables eficaz puede reducir los costos, impulsar la sustentabilidad y optimizar su cadena de suministro. Las tarimas de pl\u00e1stico de ORBIS est\u00e1n disponibles en medidas de 20\u2033 x [&hellip;]<\/p>\n","protected":false},"author":3,"featured_media":10944,"parent":0,"menu_order":0,"comment_status":"closed","ping_status":"closed","template":"elementor_header_footer","meta":{"_acf_changed":false,"footnotes":""},"class_list":["post-8651","page","type-page","status-publish","has-post-thumbnail","hentry"],"acf":[],"_links":{"self":[{"href":"https:\/\/www.orbiscorporation.com\/es-mx\/wp-json\/wp\/v2\/pages\/8651","targetHints":{"allow":["GET"]}}],"collection":[{"href":"https:\/\/www.orbiscorporation.com\/es-mx\/wp-json\/wp\/v2\/pages"}],"about":[{"href":"https:\/\/www.orbiscorporation.com\/es-mx\/wp-json\/wp\/v2\/types\/page"}],"author":[{"embeddable":true,"href":"https:\/\/www.orbiscorporation.com\/es-mx\/wp-json\/wp\/v2\/users\/3"}],"replies":[{"embeddable":true,"href":"https:\/\/www.orbiscorporation.com\/es-mx\/wp-json\/wp\/v2\/comments?post=8651"}],"version-history":[{"count":0,"href":"https:\/\/www.orbiscorporation.com\/es-mx\/wp-json\/wp\/v2\/pages\/8651\/revisions"}],"wp:featuredmedia":[{"embeddable":true,"href":"https:\/\/www.orbiscorporation.com\/es-mx\/wp-json\/wp\/v2\/media\/10944"}],"wp:attachment":[{"href":"https:\/\/www.orbiscorporation.com\/es-mx\/wp-json\/wp\/v2\/media?parent=8651"}],"curies":[{"name":"wp","href":"https:\/\/api.w.org\/{rel}","templated":true}]}}