{"id":5699,"date":"2022-11-18T13:56:02","date_gmt":"2022-11-18T19:56:02","guid":{"rendered":"https:\/\/orbiscorporstg.wpengine.com\/product\/40-x-48-rcko-hd\/"},"modified":"2026-03-19T07:36:38","modified_gmt":"2026-03-19T13:36:38","slug":"40-x-48-rcko-hd","status":"publish","type":"product","link":"https:\/\/www.orbiscorporation.com\/es-mx\/products\/plastic-pallets\/stackable\/40-x-48-rcko-hd\/","title":{"rendered":"40 x 48 RCKO HD"},"content":{"rendered":"\r\n<p>La tarima 40 x 48 RackoCell HD de una pieza est\u00e1 dise\u00f1ada para el uso higi\u00e9nico en aplicaciones de alimentos, bebidas y f\u00e1rmacos. La tarima RackoCell contiene una plataforma de flujo libre para una desinfecci\u00f3n y secado r\u00e1pido, se ofrece con material aprobado por la FDA y sin cavidades ocultas ni \u00e1reas huecas que propician la acumulaci\u00f3n de contaminantes. Adem\u00e1s, ahora se ofrecen con un material met\u00e1lico detectable en rayos X, espec\u00edficamente para las plantas de alimentos que utilizan ese sistema para inspeccionar cargas antes del embarque. Esto permite que las plantas usen tarimas pl\u00e1sticas totalmente higi\u00e9nicas en toda la planta de procesamiento interno.\u00a0\u00a0\u00a0 Las tarimas de pl\u00e1stico para rack optimizan el almacenamiento, reducen el da\u00f1o a los productos que puede ocurrir con las tarimas de madera y facilitan el movimiento de cargas de producto a lo largo de un sistema. Esta tarima pl\u00e1stica ofrece una alternativa econ\u00f3mica, ecol\u00f3gica y eficiente a las tarimas de madera o patines.<\/p>\r\n\r\n\r\n\r\n<p><strong>El peso puede variar para el modelo aprobado por la FM. Llame o solicite una cotizaci\u00f3n para obtener m\u00e1s informaci\u00f3n.\u00a0<\/strong><\/p>\r\n\r\n\r\n\r\n<ul class=\"wp-block-list\">\r\n<li><span data-teams=\"true\">Fabricado en polipropileno (PP) virgen<\/span><\/li>\r\n<li>Cubierta plana<\/li>\r\n\r\n\r\n\r\n<li>Dise\u00f1o totalmente higi\u00e9nico<\/li>\r\n\r\n\r\n\r\n<li>Construcci\u00f3n de una sola pieza<\/li>\r\n\r\n\r\n\r\n<li>Espuma estructural moldeada<\/li>\r\n\r\n\r\n\r\n<li>Materiales opcionales retardantes de incendios, para detectores de metales y rayos X disponibles<\/li>\r\n\r\n\r\n\r\n<li>Reciclable<\/li>\r\n\r\n\r\n\r\n<li>Gomas antiderrapantes opcionales para puntas de horquilla (cant.: 8) y cuatro gomas antiderrapantes de poste exterior<\/li>\r\n\r\n\r\n\r\n<li>Entrada para horquilla montacargas: 4 v\u00edas<\/li>\r\n\r\n\r\n\r\n<li>Entrada para pat\u00edn manual: 4 v\u00edas<\/li>\r\n<\/ul>\r\n","protected":false},"excerpt":{"rendered":"<p>La tarima 40 x 48 RackoCell HD de una pieza est\u00e1 dise\u00f1ada para el uso higi\u00e9nico en aplicaciones de alimentos, bebidas y f\u00e1rmacos. La tarima RackoCell contiene una plataforma de flujo libre para una desinfecci\u00f3n y secado r\u00e1pido, se ofrece con material aprobado por la FDA y sin cavidades ocultas ni \u00e1reas huecas que propician [&hellip;]<\/p>\n","protected":false},"featured_media":2696,"template":"","meta":{"_acf_changed":true},"product_brand":[],"product_cat":[1850,1849,1811],"product_tag":[4156,1812,1819,1821],"class_list":{"0":"post-5699","1":"product","2":"type-product","3":"status-publish","4":"has-post-thumbnail","6":"product_cat-stackable","7":"product_cat-rackable","8":"product_cat-plastic-pallets","9":"product_tag-40x48-es-mx-2","10":"product_tag-agricultura","11":"product_tag-fabricacion-de-alimentos","12":"product_tag-farmaceutica","14":"first","15":"instock","16":"product-type-simple"},"acf":[],"gallery_images":[12175,12173],"_links":{"self":[{"href":"https:\/\/www.orbiscorporation.com\/es-mx\/wp-json\/wp\/v2\/product\/5699","targetHints":{"allow":["GET"]}}],"collection":[{"href":"https:\/\/www.orbiscorporation.com\/es-mx\/wp-json\/wp\/v2\/product"}],"about":[{"href":"https:\/\/www.orbiscorporation.com\/es-mx\/wp-json\/wp\/v2\/types\/product"}],"wp:featuredmedia":[{"embeddable":true,"href":"https:\/\/www.orbiscorporation.com\/es-mx\/wp-json\/wp\/v2\/media\/2696"}],"wp:attachment":[{"href":"https:\/\/www.orbiscorporation.com\/es-mx\/wp-json\/wp\/v2\/media?parent=5699"}],"wp:term":[{"taxonomy":"product_brand","embeddable":true,"href":"https:\/\/www.orbiscorporation.com\/es-mx\/wp-json\/wp\/v2\/product_brand?post=5699"},{"taxonomy":"product_cat","embeddable":true,"href":"https:\/\/www.orbiscorporation.com\/es-mx\/wp-json\/wp\/v2\/product_cat?post=5699"},{"taxonomy":"product_tag","embeddable":true,"href":"https:\/\/www.orbiscorporation.com\/es-mx\/wp-json\/wp\/v2\/product_tag?post=5699"}],"curies":[{"name":"wp","href":"https:\/\/api.w.org\/{rel}","templated":true}]}}