{"id":5708,"date":"2022-11-18T14:10:36","date_gmt":"2022-11-18T20:10:36","guid":{"rendered":"https:\/\/orbiscorporstg.wpengine.com\/product\/37-x-37-bev-fg\/"},"modified":"2023-04-27T15:16:15","modified_gmt":"2023-04-27T21:16:15","slug":"37-x-37-bev-fg","status":"publish","type":"product","link":"https:\/\/www.orbiscorporation.com\/es-mx\/products\/plastic-pallets\/pared-recta-tarimas\/37-x-37-bev-fg\/","title":{"rendered":"37 x 37 BEV FG"},"content":{"rendered":"<table width=\"1139\">\n<tbody>\n<tr>\n<td width=\"1139\">La tarima ORBIS de 37 x 37 NPL 350 est\u00e1 dise\u00f1ada para la industria de las bebidas. Est\u00e1 dise\u00f1ada para embarcar productos de bebidas, latas de aluminio y acero, botellas de vidrio y pl\u00e1stico y otros envases r\u00edgidos. Estas tarimas de pl\u00e1stico reutilizables ofrecen una larga vida de servicio y son ideales para cargas apiladas, sistemas de banda transportadora, distribuci\u00f3n y almacenamiento est\u00e1tico. El dise\u00f1o no poroso y suave hace que estas tarimas se puedan limpiar f\u00e1cilmente. Esta tarima pl\u00e1stica ofrece una alternativa econ\u00f3mica, ecol\u00f3gica y eficiente a las tarimas de madera o patines.<\/p>\n<ul>\n<li>Configuraci\u00f3n poste en poste para durabilidad al impacto<\/li>\n<li>Compatible con la mayor\u00eda de los entarimadores y bandas transportadoras<\/li>\n<li>Disponible en material aprobado por la FDA<\/li>\n<li>Se ofrecen gomas antiderrapantes opcionales para plataforma (cant.: 4)<\/li>\n<li>Se ofrece desbaste de plataforma opcional<\/li>\n<li>Entrada ahusada de 4 v\u00edas<\/li>\n<\/ul>\n<\/td>\n<\/tr>\n<\/tbody>\n<\/table>\n","protected":false},"excerpt":{"rendered":"<p>La tarima ORBIS de 37 x 37 NPL 350 est\u00e1 dise\u00f1ada para la industria de las bebidas. Est\u00e1 dise\u00f1ada para embarcar productos de bebidas, latas de aluminio y acero, botellas de vidrio y pl\u00e1stico y otros envases r\u00edgidos. Estas tarimas de pl\u00e1stico reutilizables ofrecen una larga vida de servicio y son ideales para cargas apiladas, [&hellip;]<\/p>\n","protected":false},"featured_media":2500,"template":"","meta":{"_acf_changed":false},"product_brand":[],"product_cat":[1850,1811],"product_tag":[4154,1816],"class_list":{"0":"post-5708","1":"product","2":"type-product","3":"status-publish","4":"has-post-thumbnail","6":"product_cat-stackable","7":"product_cat-plastic-pallets","8":"product_tag-37x37-es-mx-2","9":"product_tag-bebidas","11":"first","12":"instock","13":"product-type-simple"},"acf":[],"gallery_images":[12209,12215,12211,12213],"_links":{"self":[{"href":"https:\/\/www.orbiscorporation.com\/es-mx\/wp-json\/wp\/v2\/product\/5708","targetHints":{"allow":["GET"]}}],"collection":[{"href":"https:\/\/www.orbiscorporation.com\/es-mx\/wp-json\/wp\/v2\/product"}],"about":[{"href":"https:\/\/www.orbiscorporation.com\/es-mx\/wp-json\/wp\/v2\/types\/product"}],"wp:featuredmedia":[{"embeddable":true,"href":"https:\/\/www.orbiscorporation.com\/es-mx\/wp-json\/wp\/v2\/media\/2500"}],"wp:attachment":[{"href":"https:\/\/www.orbiscorporation.com\/es-mx\/wp-json\/wp\/v2\/media?parent=5708"}],"wp:term":[{"taxonomy":"product_brand","embeddable":true,"href":"https:\/\/www.orbiscorporation.com\/es-mx\/wp-json\/wp\/v2\/product_brand?post=5708"},{"taxonomy":"product_cat","embeddable":true,"href":"https:\/\/www.orbiscorporation.com\/es-mx\/wp-json\/wp\/v2\/product_cat?post=5708"},{"taxonomy":"product_tag","embeddable":true,"href":"https:\/\/www.orbiscorporation.com\/es-mx\/wp-json\/wp\/v2\/product_tag?post=5708"}],"curies":[{"name":"wp","href":"https:\/\/api.w.org\/{rel}","templated":true}]}}