{"id":5716,"date":"2022-11-18T14:10:36","date_gmt":"2022-11-18T20:10:36","guid":{"rendered":"https:\/\/orbiscorporstg.wpengine.com\/product\/40-x-48-hdsc\/"},"modified":"2024-08-15T09:13:16","modified_gmt":"2024-08-15T15:13:16","slug":"40-x-48-hdsc","status":"publish","type":"product","link":"https:\/\/www.orbiscorporation.com\/es-mx\/products\/plastic-pallets\/stackable\/40-x-48-hdsc\/","title":{"rendered":"40 x 48 HDSC"},"content":{"rendered":"<table width=\"1139\">\n<tbody>\n<tr>\n<td width=\"1139\">El Structo-Cell HDSC de 40 x 48 est\u00e1 dise\u00f1ado para manipular y enviar cargas de productos en entornos de almacenamiento, procesamiento y fabricaci\u00f3n de alimentos. Su dise\u00f1o de flujo continuo altamente higi\u00e9nico hace que sea f\u00e1cil de limpiar y su material no poroso no absorber\u00e1 la humedad ni los olores. Es totalmente reutilizable y ofrece una consistencia dimensional optimizada para equipos automatizados. Estos palets ofrecen una larga vida \u00fatil y son ideales para la carga de pilas, sistemas de transporte, distribuci\u00f3n y almacenamiento est\u00e1tico. Todas las tarimas ORBIS ofrecen una alternativa econ\u00f3mica, ambiental y eficiente.<\/p>\n<ul>\n<li>Dise\u00f1o higi\u00e9nico, de flujo libre<\/li>\n<li>Fabricada en HDPE<\/li>\n<li>Espuma estructural moldeada<\/li>\n<li>Versi\u00f3n opcional disponible de tarima de 3 tambores (altura: 5.6) &#8211; 40 x 48 HDSC 3-Tarima de tambor<\/li>\n<li>Entrada para horquilla montacargas: 4 v\u00edas<\/li>\n<li>Entrada para pat\u00edn manual: 4 v\u00edas<\/li>\n<\/ul>\n<\/td>\n<\/tr>\n<\/tbody>\n<\/table>\n","protected":false},"excerpt":{"rendered":"<p>El Structo-Cell HDSC de 40 x 48 est\u00e1 dise\u00f1ado para manipular y enviar cargas de productos en entornos de almacenamiento, procesamiento y fabricaci\u00f3n de alimentos. Su dise\u00f1o de flujo continuo altamente higi\u00e9nico hace que sea f\u00e1cil de limpiar y su material no poroso no absorber\u00e1 la humedad ni los olores. Es totalmente reutilizable y ofrece [&hellip;]<\/p>\n","protected":false},"featured_media":2552,"template":"","meta":{"_acf_changed":false},"product_brand":[],"product_cat":[1850,1811],"product_tag":[4156,1819,1821],"class_list":{"0":"post-5716","1":"product","2":"type-product","3":"status-publish","4":"has-post-thumbnail","6":"product_cat-stackable","7":"product_cat-plastic-pallets","8":"product_tag-40x48-es-mx-2","9":"product_tag-fabricacion-de-alimentos","10":"product_tag-farmaceutica","12":"first","13":"instock","14":"product-type-simple"},"acf":[],"gallery_images":[2550,3016,3018,3020,3022],"_links":{"self":[{"href":"https:\/\/www.orbiscorporation.com\/es-mx\/wp-json\/wp\/v2\/product\/5716","targetHints":{"allow":["GET"]}}],"collection":[{"href":"https:\/\/www.orbiscorporation.com\/es-mx\/wp-json\/wp\/v2\/product"}],"about":[{"href":"https:\/\/www.orbiscorporation.com\/es-mx\/wp-json\/wp\/v2\/types\/product"}],"wp:featuredmedia":[{"embeddable":true,"href":"https:\/\/www.orbiscorporation.com\/es-mx\/wp-json\/wp\/v2\/media\/2552"}],"wp:attachment":[{"href":"https:\/\/www.orbiscorporation.com\/es-mx\/wp-json\/wp\/v2\/media?parent=5716"}],"wp:term":[{"taxonomy":"product_brand","embeddable":true,"href":"https:\/\/www.orbiscorporation.com\/es-mx\/wp-json\/wp\/v2\/product_brand?post=5716"},{"taxonomy":"product_cat","embeddable":true,"href":"https:\/\/www.orbiscorporation.com\/es-mx\/wp-json\/wp\/v2\/product_cat?post=5716"},{"taxonomy":"product_tag","embeddable":true,"href":"https:\/\/www.orbiscorporation.com\/es-mx\/wp-json\/wp\/v2\/product_tag?post=5716"}],"curies":[{"name":"wp","href":"https:\/\/api.w.org\/{rel}","templated":true}]}}