{"id":5720,"date":"2022-11-18T14:10:36","date_gmt":"2022-11-18T20:10:36","guid":{"rendered":"https:\/\/orbiscorporstg.wpengine.com\/product\/40-x-48-psb\/"},"modified":"2023-04-27T15:15:32","modified_gmt":"2023-04-27T21:15:32","slug":"40-x-48-psb","status":"publish","type":"product","link":"https:\/\/www.orbiscorporation.com\/es-mx\/products\/plastic-pallets\/pared-recta-tarimas\/40-x-48-psb\/","title":{"rendered":"40 x 48 PSB"},"content":{"rendered":"<table width=\"1139\">\n<tbody>\n<tr>\n<td width=\"1139\">La Base de soporte para tarimas (PSB) ORBIS es una plataforma de pl\u00e1stico dimensionalmente consistente usada para mover cargas de producto a lo largo de sistemas automatizados. Ideal para almacenes y centros de distribuci\u00f3n t\u00e9cnicamente sofisticados.<\/p>\n<ul>\n<li>Dise\u00f1ada para manipulaci\u00f3n a manos libres<\/li>\n<li>Plataforma suave o \u00e1spera<\/li>\n<\/ul>\n<\/td>\n<\/tr>\n<\/tbody>\n<\/table>\n","protected":false},"excerpt":{"rendered":"<p>La Base de soporte para tarimas (PSB) ORBIS es una plataforma de pl\u00e1stico dimensionalmente consistente usada para mover cargas de producto a lo largo de sistemas automatizados. Ideal para almacenes y centros de distribuci\u00f3n t\u00e9cnicamente sofisticados. Dise\u00f1ada para manipulaci\u00f3n a manos libres Plataforma suave o \u00e1spera<\/p>\n","protected":false},"featured_media":14461,"template":"","meta":{"_acf_changed":false},"product_brand":[],"product_cat":[1850,1811],"product_tag":[4156,1823,1813],"class_list":{"0":"post-5720","1":"product","2":"type-product","3":"status-publish","4":"has-post-thumbnail","6":"product_cat-stackable","7":"product_cat-plastic-pallets","8":"product_tag-40x48-es-mx-2","9":"product_tag-minoristas-distribucion","10":"product_tag-sistemas-automatizados","12":"first","13":"instock","14":"product-type-simple"},"acf":[],"gallery_images":[14468,14469,14470],"_links":{"self":[{"href":"https:\/\/www.orbiscorporation.com\/es-mx\/wp-json\/wp\/v2\/product\/5720","targetHints":{"allow":["GET"]}}],"collection":[{"href":"https:\/\/www.orbiscorporation.com\/es-mx\/wp-json\/wp\/v2\/product"}],"about":[{"href":"https:\/\/www.orbiscorporation.com\/es-mx\/wp-json\/wp\/v2\/types\/product"}],"wp:featuredmedia":[{"embeddable":true,"href":"https:\/\/www.orbiscorporation.com\/es-mx\/wp-json\/wp\/v2\/media\/14461"}],"wp:attachment":[{"href":"https:\/\/www.orbiscorporation.com\/es-mx\/wp-json\/wp\/v2\/media?parent=5720"}],"wp:term":[{"taxonomy":"product_brand","embeddable":true,"href":"https:\/\/www.orbiscorporation.com\/es-mx\/wp-json\/wp\/v2\/product_brand?post=5720"},{"taxonomy":"product_cat","embeddable":true,"href":"https:\/\/www.orbiscorporation.com\/es-mx\/wp-json\/wp\/v2\/product_cat?post=5720"},{"taxonomy":"product_tag","embeddable":true,"href":"https:\/\/www.orbiscorporation.com\/es-mx\/wp-json\/wp\/v2\/product_tag?post=5720"}],"curies":[{"name":"wp","href":"https:\/\/api.w.org\/{rel}","templated":true}]}}