{"id":5721,"date":"2022-11-18T14:10:36","date_gmt":"2022-11-18T20:10:36","guid":{"rendered":"https:\/\/orbiscorporstg.wpengine.com\/product\/40-x-48-rcko-ld\/"},"modified":"2026-03-19T07:36:13","modified_gmt":"2026-03-19T13:36:13","slug":"40-x-48-rcko-ld","status":"publish","type":"product","link":"https:\/\/www.orbiscorporation.com\/es-mx\/products\/plastic-pallets\/stackable\/40-x-48-rcko-ld\/","title":{"rendered":"40 x 48 RCKO LD"},"content":{"rendered":"<p>La tarima 40 x 48 RackoCell LD de una pieza est\u00e1 dise\u00f1ada para el uso higi\u00e9nico en aplicaciones de alimentos, bebidas y f\u00e1rmacos. La tarima RackoCell contiene una plataforma de flujo libre para una desinfecci\u00f3n y secado r\u00e1pido, se ofrece con material aprobado por la FDA y sin cavidades ocultas ni \u00e1reas huecas que propician la acumulaci\u00f3n de contaminantes. Esto permite que las plantas usen tarimas pl\u00e1sticas totalmente higi\u00e9nicas en toda la planta de procesamiento interno.<\/p>\n<ul>\n<li><span data-teams=\"true\">Fabricado en polietileno de alta densidad (HDPE) reprocesado<\/span><\/li>\n<li>Dise\u00f1o totalmente higi\u00e9nico<\/li>\n<li>Construcci\u00f3n de una sola pieza<\/li>\n<li>Espuma estructural moldeada<\/li>\n<li>Entrada para pat\u00edn manual: 4 v\u00edas<\/li>\n<\/ul>\n","protected":false},"excerpt":{"rendered":"<p>La tarima 40 x 48 RackoCell LD de una pieza est\u00e1 dise\u00f1ada para el uso higi\u00e9nico en aplicaciones de alimentos, bebidas y f\u00e1rmacos. La tarima RackoCell contiene una plataforma de flujo libre para una desinfecci\u00f3n y secado r\u00e1pido, se ofrece con material aprobado por la FDA y sin cavidades ocultas ni \u00e1reas huecas que propician [&hellip;]<\/p>\n","protected":false},"featured_media":8511,"template":"","meta":{"_acf_changed":false},"product_brand":[],"product_cat":[1850,1811],"product_tag":[4156,1819,1821],"class_list":{"0":"post-5721","1":"product","2":"type-product","3":"status-publish","4":"has-post-thumbnail","6":"product_cat-stackable","7":"product_cat-plastic-pallets","8":"product_tag-40x48-es-mx-2","9":"product_tag-fabricacion-de-alimentos","10":"product_tag-farmaceutica","12":"first","13":"instock","14":"product-type-simple"},"acf":[],"gallery_images":[],"_links":{"self":[{"href":"https:\/\/www.orbiscorporation.com\/es-mx\/wp-json\/wp\/v2\/product\/5721","targetHints":{"allow":["GET"]}}],"collection":[{"href":"https:\/\/www.orbiscorporation.com\/es-mx\/wp-json\/wp\/v2\/product"}],"about":[{"href":"https:\/\/www.orbiscorporation.com\/es-mx\/wp-json\/wp\/v2\/types\/product"}],"wp:featuredmedia":[{"embeddable":true,"href":"https:\/\/www.orbiscorporation.com\/es-mx\/wp-json\/wp\/v2\/media\/8511"}],"wp:attachment":[{"href":"https:\/\/www.orbiscorporation.com\/es-mx\/wp-json\/wp\/v2\/media?parent=5721"}],"wp:term":[{"taxonomy":"product_brand","embeddable":true,"href":"https:\/\/www.orbiscorporation.com\/es-mx\/wp-json\/wp\/v2\/product_brand?post=5721"},{"taxonomy":"product_cat","embeddable":true,"href":"https:\/\/www.orbiscorporation.com\/es-mx\/wp-json\/wp\/v2\/product_cat?post=5721"},{"taxonomy":"product_tag","embeddable":true,"href":"https:\/\/www.orbiscorporation.com\/es-mx\/wp-json\/wp\/v2\/product_tag?post=5721"}],"curies":[{"name":"wp","href":"https:\/\/api.w.org\/{rel}","templated":true}]}}