{"id":5728,"date":"2022-11-18T14:10:51","date_gmt":"2022-11-18T20:10:51","guid":{"rendered":"https:\/\/orbiscorporstg.wpengine.com\/product\/44-x-56-bulkpal-with-3-0-connectors\/"},"modified":"2023-04-27T15:12:05","modified_gmt":"2023-04-27T21:12:05","slug":"44-x-56-bulkpal-with-3-0-connectors","status":"publish","type":"product","link":"https:\/\/www.orbiscorporation.com\/es-mx\/products\/plastic-pallets\/stackable\/44-x-56-bulkpal-with-3-0-connectors\/","title":{"rendered":"44 x 56 BulkPal with 3.0&#8243; connectors"},"content":{"rendered":"<table width=\"1139\">\n<tbody>\n<tr>\n<td width=\"1139\">Las tarimas ORBIS 44 x 56 BulkPal est\u00e1n dise\u00f1adas para manipular y embarcar latas y botellas en las industrias de las bebidas y los alimentos. Estas tarimas de pl\u00e1stico reutilizables ofrecen una larga vida de servicio y son ideales para cargas apiladas, sistemas de banda transportadora, distribuci\u00f3n y almacenamiento est\u00e1tico. Su dise\u00f1o suave no poroso hace estas tarimas f\u00e1ciles de limpiar. Estas tarimas pl\u00e1sticas para bebidas ofrecen una alternativa econ\u00f3mica, ecol\u00f3gica y eficiente a las tarimas de madera o patines. Disponibles con conectores de 2.0, 2.5 y 3.0 o con una plataforma de s\u00f3lida.<\/p>\n<ul>\n<li>El dise\u00f1o de ensamble a presi\u00f3n patentado permite la reparaci\u00f3n en sitio<\/li>\n<li>Dise\u00f1ada para transportar una gran variedad de alimentos y latas y botellas de bebida<\/li>\n<li>Disponible en material aprobado por la FDA<\/li>\n<li>Se ofrecen gomas antiderrapantes opcionales para plataforma (cant.: 4)<\/li>\n<li>Espuma estructural moldeada<\/li>\n<li>Reciclable<\/li>\n<li>Se ofrecen marcos superiores y hojas divisoras para mayor estabilidad de la carga y protecci\u00f3n del producto<\/li>\n<li>Entrada superior de 4 v\u00edas<\/li>\n<li>Se ofrecen diversas alturas<\/li>\n<\/ul>\n<\/td>\n<\/tr>\n<\/tbody>\n<\/table>\n","protected":false},"excerpt":{"rendered":"<p>Las tarimas ORBIS 44 x 56 BulkPal est\u00e1n dise\u00f1adas para manipular y embarcar latas y botellas en las industrias de las bebidas y los alimentos. Estas tarimas de pl\u00e1stico reutilizables ofrecen una larga vida de servicio y son ideales para cargas apiladas, sistemas de banda transportadora, distribuci\u00f3n y almacenamiento est\u00e1tico. Su dise\u00f1o suave no poroso [&hellip;]<\/p>\n","protected":false},"featured_media":11066,"template":"","meta":{"_acf_changed":false},"product_brand":[],"product_cat":[1850,1811],"product_tag":[4160,1816,1819],"class_list":{"0":"post-5728","1":"product","2":"type-product","3":"status-publish","4":"has-post-thumbnail","6":"product_cat-stackable","7":"product_cat-plastic-pallets","8":"product_tag-44x56-es-mx-2","9":"product_tag-bebidas","10":"product_tag-fabricacion-de-alimentos","12":"first","13":"instock","14":"product-type-simple"},"acf":[],"gallery_images":[11068,11064,11072,11070],"_links":{"self":[{"href":"https:\/\/www.orbiscorporation.com\/es-mx\/wp-json\/wp\/v2\/product\/5728","targetHints":{"allow":["GET"]}}],"collection":[{"href":"https:\/\/www.orbiscorporation.com\/es-mx\/wp-json\/wp\/v2\/product"}],"about":[{"href":"https:\/\/www.orbiscorporation.com\/es-mx\/wp-json\/wp\/v2\/types\/product"}],"wp:featuredmedia":[{"embeddable":true,"href":"https:\/\/www.orbiscorporation.com\/es-mx\/wp-json\/wp\/v2\/media\/11066"}],"wp:attachment":[{"href":"https:\/\/www.orbiscorporation.com\/es-mx\/wp-json\/wp\/v2\/media?parent=5728"}],"wp:term":[{"taxonomy":"product_brand","embeddable":true,"href":"https:\/\/www.orbiscorporation.com\/es-mx\/wp-json\/wp\/v2\/product_brand?post=5728"},{"taxonomy":"product_cat","embeddable":true,"href":"https:\/\/www.orbiscorporation.com\/es-mx\/wp-json\/wp\/v2\/product_cat?post=5728"},{"taxonomy":"product_tag","embeddable":true,"href":"https:\/\/www.orbiscorporation.com\/es-mx\/wp-json\/wp\/v2\/product_tag?post=5728"}],"curies":[{"name":"wp","href":"https:\/\/api.w.org\/{rel}","templated":true}]}}