{"id":5729,"date":"2022-11-18T14:10:51","date_gmt":"2022-11-18T20:10:51","guid":{"rendered":"https:\/\/orbiscorporstg.wpengine.com\/product\/44-x-56-dc-hi\/"},"modified":"2024-08-15T12:53:40","modified_gmt":"2024-08-15T18:53:40","slug":"44-x-56-dc-hi","status":"publish","type":"product","link":"https:\/\/www.orbiscorporation.com\/es-mx\/products\/plastic-pallets\/stackable\/44-x-56-dc-hi\/","title":{"rendered":"44 x 56 DC HI"},"content":{"rendered":"<table width=\"1139\">\n<tbody>\n<tr>\n<td width=\"1139\">Las tarima ORBIS 44 x 56 DC HI est\u00e1 dise\u00f1adas para manipular y embarcar latas y botellas en las industrias de las bebidas y los alimentos. Estas tarimas de pl\u00e1stico reutilizables ofrecen una larga vida de servicio y son ideales para cargas apiladas, sistemas de banda transportadora, distribuci\u00f3n y almacenamiento est\u00e1tico. Su dise\u00f1o suave no poroso hace estas tarimas f\u00e1ciles de limpiar. Esta tarima pl\u00e1stica para bebidas ofrece una alternativa econ\u00f3mica, ecol\u00f3gica y eficiente a las tarimas de madera o patines. B<\/p>\n<ul>\n<li>Construidas para alto rendimiento en los sectores de bebidas y latas<\/li>\n<li>Compatible con la mayor\u00eda de los sistemas automatizados<\/li>\n<li>Su dise\u00f1o de 12 patas ofrece flexibilidad en el flejado de cargas<\/li>\n<li>Disponible en material aprobado por la FDA<\/li>\n<li>Se ofrece dise\u00f1o opcional de 9 patas<\/li>\n<li>Se ofrecen gomas antiderrapantes opcionales &#8211; (cant.:4)<\/li>\n<li>Espuma estructural moldeada<\/li>\n<li>Reciclable<\/li>\n<li>Se ofrecen marcos superiores y hojas divisoras para mayor estabilidad de la carga y protecci\u00f3n del producto<\/li>\n<li>Entrada para horquilla montacargas: 4 v\u00edas (ambas alturas)<\/li>\n<li>Entrada para pat\u00edn manual: 4 v\u00edas (solo altura de 5.1&#8243;)<\/li>\n<\/ul>\n<\/td>\n<\/tr>\n<\/tbody>\n<\/table>\n","protected":false},"excerpt":{"rendered":"<p>Las tarima ORBIS 44 x 56 DC HI est\u00e1 dise\u00f1adas para manipular y embarcar latas y botellas en las industrias de las bebidas y los alimentos. Estas tarimas de pl\u00e1stico reutilizables ofrecen una larga vida de servicio y son ideales para cargas apiladas, sistemas de banda transportadora, distribuci\u00f3n y almacenamiento est\u00e1tico. Su dise\u00f1o suave no [&hellip;]<\/p>\n","protected":false},"featured_media":2844,"template":"","meta":{"_acf_changed":true},"product_brand":[],"product_cat":[1850,1811],"product_tag":[4160,1816,1819],"class_list":{"0":"post-5729","1":"product","2":"type-product","3":"status-publish","4":"has-post-thumbnail","6":"product_cat-stackable","7":"product_cat-plastic-pallets","8":"product_tag-44x56-es-mx-2","9":"product_tag-bebidas","10":"product_tag-fabricacion-de-alimentos","12":"first","13":"instock","14":"product-type-simple"},"acf":[],"gallery_images":[2848,2846,2842,2840],"_links":{"self":[{"href":"https:\/\/www.orbiscorporation.com\/es-mx\/wp-json\/wp\/v2\/product\/5729","targetHints":{"allow":["GET"]}}],"collection":[{"href":"https:\/\/www.orbiscorporation.com\/es-mx\/wp-json\/wp\/v2\/product"}],"about":[{"href":"https:\/\/www.orbiscorporation.com\/es-mx\/wp-json\/wp\/v2\/types\/product"}],"wp:featuredmedia":[{"embeddable":true,"href":"https:\/\/www.orbiscorporation.com\/es-mx\/wp-json\/wp\/v2\/media\/2844"}],"wp:attachment":[{"href":"https:\/\/www.orbiscorporation.com\/es-mx\/wp-json\/wp\/v2\/media?parent=5729"}],"wp:term":[{"taxonomy":"product_brand","embeddable":true,"href":"https:\/\/www.orbiscorporation.com\/es-mx\/wp-json\/wp\/v2\/product_brand?post=5729"},{"taxonomy":"product_cat","embeddable":true,"href":"https:\/\/www.orbiscorporation.com\/es-mx\/wp-json\/wp\/v2\/product_cat?post=5729"},{"taxonomy":"product_tag","embeddable":true,"href":"https:\/\/www.orbiscorporation.com\/es-mx\/wp-json\/wp\/v2\/product_tag?post=5729"}],"curies":[{"name":"wp","href":"https:\/\/api.w.org\/{rel}","templated":true}]}}