{"id":5735,"date":"2022-12-15T10:12:49","date_gmt":"2022-12-15T16:12:49","guid":{"rendered":"https:\/\/orbiscorporstg.wpengine.com\/product\/45-x-48-br-sbrr-ciisf-lp\/"},"modified":"2025-10-31T10:39:14","modified_gmt":"2025-10-31T16:39:14","slug":"45-x-48-br-sbrr-ciisf-lp","status":"publish","type":"product","link":"https:\/\/www.orbiscorporation.com\/es-mx\/products\/plastic-pallets\/stackable\/45-x-48-br-sbrr-ciisf-lp\/","title":{"rendered":"45 x 48 BR SBRR CIISF LP"},"content":{"rendered":"<p>La tarima ORBIS 45 x 48-BR SBRR CIISF LP est\u00e1dise\u00f1ada para manejar y embarcar cargas de producto pesadas en ambientes de almacenamiento, procesamiento y manufactura. Basada en las medidas de 45 x 48 AIAG. Estas tarimas de pl\u00e1stico reutilizables ofrecen una larga vida de servicio y son ideales para cargas apiladas, sistemas de banda transportadora, distribuci\u00f3n y almacenamiento est\u00e1tico. Su dise\u00f1o suave no poroso hace estas tarimas f\u00e1ciles de limpiar. Esta tarima pl\u00e1stica ofrece una alternativa econ\u00f3mica, ecol\u00f3gica y eficiente a las tarimas de madera o patines.<\/p>\n<ul>\n<li>Dise\u00f1o de plataforma doble<\/li>\n<li>Espuma estructural moldeada<\/li>\n<li>Reciclable<\/li>\n<li>Compatible con StakPak y contenedores de uso manual colapsables<\/li>\n<li>Entrada para horquilla montacargas: 4 v\u00edas<\/li>\n<li>Entrada para pat\u00edn manual: 4 v\u00edas<\/li>\n<\/ul>\n","protected":false},"excerpt":{"rendered":"<p>La tarima ORBIS 45 x 48-BR SBRR CIISF LP est\u00e1dise\u00f1ada para manejar y embarcar cargas de producto pesadas en ambientes de almacenamiento, procesamiento y manufactura. Basada en las medidas de 45 x 48 AIAG. Estas tarimas de pl\u00e1stico reutilizables ofrecen una larga vida de servicio y son ideales para cargas apiladas, sistemas de banda transportadora, [&hellip;]<\/p>\n","protected":false},"featured_media":8461,"template":"","meta":{"_acf_changed":false},"product_brand":[],"product_cat":[],"product_tag":[4161],"class_list":{"0":"post-5735","1":"product","2":"type-product","3":"status-publish","4":"has-post-thumbnail","6":"product_tag-45x48-es-mx-2","8":"first","9":"instock","10":"product-type-simple"},"acf":[],"gallery_images":[],"_links":{"self":[{"href":"https:\/\/www.orbiscorporation.com\/es-mx\/wp-json\/wp\/v2\/product\/5735","targetHints":{"allow":["GET"]}}],"collection":[{"href":"https:\/\/www.orbiscorporation.com\/es-mx\/wp-json\/wp\/v2\/product"}],"about":[{"href":"https:\/\/www.orbiscorporation.com\/es-mx\/wp-json\/wp\/v2\/types\/product"}],"wp:featuredmedia":[{"embeddable":true,"href":"https:\/\/www.orbiscorporation.com\/es-mx\/wp-json\/wp\/v2\/media\/8461"}],"wp:attachment":[{"href":"https:\/\/www.orbiscorporation.com\/es-mx\/wp-json\/wp\/v2\/media?parent=5735"}],"wp:term":[{"taxonomy":"product_brand","embeddable":true,"href":"https:\/\/www.orbiscorporation.com\/es-mx\/wp-json\/wp\/v2\/product_brand?post=5735"},{"taxonomy":"product_cat","embeddable":true,"href":"https:\/\/www.orbiscorporation.com\/es-mx\/wp-json\/wp\/v2\/product_cat?post=5735"},{"taxonomy":"product_tag","embeddable":true,"href":"https:\/\/www.orbiscorporation.com\/es-mx\/wp-json\/wp\/v2\/product_tag?post=5735"}],"curies":[{"name":"wp","href":"https:\/\/api.w.org\/{rel}","templated":true}]}}