{"id":5737,"date":"2022-11-18T14:10:51","date_gmt":"2022-11-18T20:10:51","guid":{"rendered":"https:\/\/orbiscorporstg.wpengine.com\/product\/45-x-48-journey\/"},"modified":"2026-03-19T07:19:12","modified_gmt":"2026-03-19T13:19:12","slug":"45-x-48-journey","status":"publish","type":"product","link":"https:\/\/www.orbiscorporation.com\/es-mx\/products\/plastic-pallets\/stackable\/45-x-48-journey\/","title":{"rendered":"45 x 48 JOURNEY"},"content":{"rendered":"<p>Ahora libre de hal\u00f3genos! La tarima 45 x 48 FM Journey ofrece mayor higiene, durabilidad, resistencia y capacidad de estiba, y a la vez dura m\u00e1s y tiene un rendimiento superior al de las tarimas alternativas, lo que da como resultado un menor costo por viaje. ORBIS ofrece la m\u00e1s amplia selecci\u00f3n de tarimas retardantes de incendios aprobadas por Factory Mutual Research Corporation (FM), que cumplen con los requisitos sobre clasificaci\u00f3n de fuego equivalentes a las tarimas de madera. Las tarimas ORBIS retardantes de incendios se ofrecen ahora con un nuevo material libre de hal\u00f3genos (HF), que no contiene bromos de ning\u00fan tipo (es decir, libre de PBDE). ORBIS es uno de los primeros en la industria de empaques retornables en recibir la aprobaci\u00f3n de Factory Mutual para usar este innovador material HF. Adem\u00e1s de ser libre de hal\u00f3genos (HF), este material mejora el desempe\u00f1o ante el fuego y al mismo tiempo mejora el rendimiento contra impactos.<\/p>\n<p><strong>El peso puede variar para el modelo aprobado por la FM. Llame o solicite una cotizaci\u00f3n para obtener m\u00e1s informaci\u00f3n.\u00a0<\/strong><\/p>\n<ul>\n<li>Medida AIAG<\/li>\n<li>Libre de hal\u00f3genos y de bromo<\/li>\n<li>Espuma estructural moldeada<\/li>\n<li>Compatible con ORBIS StakPak y contenedores de uso manual colapsables<\/li>\n<li>Entrada para horquilla montacargas: 4 v\u00edas<\/li>\n<li>Entrada para pat\u00edn manual: 2 v\u00edas (lado de 45&#8243;)<\/li>\n<\/ul>\n","protected":false},"excerpt":{"rendered":"<p>Ahora libre de hal\u00f3genos! La tarima 45 x 48 FM Journey ofrece mayor higiene, durabilidad, resistencia y capacidad de estiba, y a la vez dura m\u00e1s y tiene un rendimiento superior al de las tarimas alternativas, lo que da como resultado un menor costo por viaje. ORBIS ofrece la m\u00e1s amplia selecci\u00f3n de tarimas retardantes [&hellip;]<\/p>\n","protected":false},"featured_media":3042,"template":"","meta":{"_acf_changed":false},"product_brand":[],"product_cat":[1850,1811],"product_tag":[4161,1814],"class_list":{"0":"post-5737","1":"product","2":"type-product","3":"status-publish","4":"has-post-thumbnail","6":"product_cat-stackable","7":"product_cat-plastic-pallets","8":"product_tag-45x48-es-mx-2","9":"product_tag-automotriz","11":"first","12":"instock","13":"product-type-simple"},"acf":[],"gallery_images":[3050,3048,3046,3044],"_links":{"self":[{"href":"https:\/\/www.orbiscorporation.com\/es-mx\/wp-json\/wp\/v2\/product\/5737","targetHints":{"allow":["GET"]}}],"collection":[{"href":"https:\/\/www.orbiscorporation.com\/es-mx\/wp-json\/wp\/v2\/product"}],"about":[{"href":"https:\/\/www.orbiscorporation.com\/es-mx\/wp-json\/wp\/v2\/types\/product"}],"wp:featuredmedia":[{"embeddable":true,"href":"https:\/\/www.orbiscorporation.com\/es-mx\/wp-json\/wp\/v2\/media\/3042"}],"wp:attachment":[{"href":"https:\/\/www.orbiscorporation.com\/es-mx\/wp-json\/wp\/v2\/media?parent=5737"}],"wp:term":[{"taxonomy":"product_brand","embeddable":true,"href":"https:\/\/www.orbiscorporation.com\/es-mx\/wp-json\/wp\/v2\/product_brand?post=5737"},{"taxonomy":"product_cat","embeddable":true,"href":"https:\/\/www.orbiscorporation.com\/es-mx\/wp-json\/wp\/v2\/product_cat?post=5737"},{"taxonomy":"product_tag","embeddable":true,"href":"https:\/\/www.orbiscorporation.com\/es-mx\/wp-json\/wp\/v2\/product_tag?post=5737"}],"curies":[{"name":"wp","href":"https:\/\/api.w.org\/{rel}","templated":true}]}}