{"id":5739,"date":"2022-11-18T14:10:51","date_gmt":"2022-11-18T20:10:51","guid":{"rendered":"https:\/\/orbiscorporstg.wpengine.com\/product\/48-x-48-drum-op-ciisf\/"},"modified":"2025-09-10T14:01:43","modified_gmt":"2025-09-10T20:01:43","slug":"48-x-48-drum-op-ciisf","status":"publish","type":"product","link":"https:\/\/www.orbiscorporation.com\/es-mx\/products\/plastic-pallets\/pared-recta-tarimas\/48-x-48-drum-op-ciisf\/","title":{"rendered":"48 x 48 Drum OP CIISF"},"content":{"rendered":"<table width=\"1139\">\n<tbody>\n<tr>\n<td width=\"1139\">Las tarimas apilables de tambor ORBIS est\u00e1n dise\u00f1adas para manejar y embarcar tambores est\u00e1ndar de 55 galones en ambientes de almacenamiento, procesamiento y manufactura. La de TAMBOR 48 x 48 OP CIISF ofrece una larga vida de servicio y es ideal para cargas apiladas, sistemas de banda transportadora, distribuci\u00f3n y almacenamiento est\u00e1tico. Su dise\u00f1o suave no poroso hace estas tarimas f\u00e1ciles de limpiar. Est\u00e1 fabricada con material 100% reciclable y es una alternativa econ\u00f3mica, ecol\u00f3gica y eficiente a las tarimas de madera o patines.<\/p>\n<ul>\n<li>Las patas est\u00e1n anguladas para crear ranuras ahusadas para gatos u horquillas de montacargas<\/li>\n<li>Disponible en materiales opcionales retardantes de incendios<\/li>\n<li>Disponible en materiales opcionales aprobados por la FDA o retardantes de incendios<\/li>\n<li>Anillos moldeados para sujetar tambores de 55 galones durante el transporte<\/li>\n<li>Entrada para horquilla montacargas: 4 v\u00edas<\/li>\n<\/ul>\n<\/td>\n<\/tr>\n<\/tbody>\n<\/table>\n","protected":false},"excerpt":{"rendered":"<p>Las tarimas apilables de tambor ORBIS est\u00e1n dise\u00f1adas para manejar y embarcar tambores est\u00e1ndar de 55 galones en ambientes de almacenamiento, procesamiento y manufactura. La de TAMBOR 48 x 48 OP CIISF ofrece una larga vida de servicio y es ideal para cargas apiladas, sistemas de banda transportadora, distribuci\u00f3n y almacenamiento est\u00e1tico. Su dise\u00f1o suave [&hellip;]<\/p>\n","protected":false},"featured_media":2914,"template":"","meta":{"_acf_changed":true},"product_brand":[],"product_cat":[1850,1811],"product_tag":[4169,1819,1821],"class_list":{"0":"post-5739","1":"product","2":"type-product","3":"status-publish","4":"has-post-thumbnail","6":"product_cat-stackable","7":"product_cat-plastic-pallets","8":"product_tag-48x48-es-mx-2","9":"product_tag-fabricacion-de-alimentos","10":"product_tag-farmaceutica","12":"first","13":"instock","14":"product-type-simple"},"acf":[],"gallery_images":[2918,2922,2920],"_links":{"self":[{"href":"https:\/\/www.orbiscorporation.com\/es-mx\/wp-json\/wp\/v2\/product\/5739","targetHints":{"allow":["GET"]}}],"collection":[{"href":"https:\/\/www.orbiscorporation.com\/es-mx\/wp-json\/wp\/v2\/product"}],"about":[{"href":"https:\/\/www.orbiscorporation.com\/es-mx\/wp-json\/wp\/v2\/types\/product"}],"wp:featuredmedia":[{"embeddable":true,"href":"https:\/\/www.orbiscorporation.com\/es-mx\/wp-json\/wp\/v2\/media\/2914"}],"wp:attachment":[{"href":"https:\/\/www.orbiscorporation.com\/es-mx\/wp-json\/wp\/v2\/media?parent=5739"}],"wp:term":[{"taxonomy":"product_brand","embeddable":true,"href":"https:\/\/www.orbiscorporation.com\/es-mx\/wp-json\/wp\/v2\/product_brand?post=5739"},{"taxonomy":"product_cat","embeddable":true,"href":"https:\/\/www.orbiscorporation.com\/es-mx\/wp-json\/wp\/v2\/product_cat?post=5739"},{"taxonomy":"product_tag","embeddable":true,"href":"https:\/\/www.orbiscorporation.com\/es-mx\/wp-json\/wp\/v2\/product_tag?post=5739"}],"curies":[{"name":"wp","href":"https:\/\/api.w.org\/{rel}","templated":true}]}}