{"id":5750,"date":"2022-11-18T14:11:08","date_gmt":"2022-11-18T20:11:08","guid":{"rendered":"https:\/\/orbiscorporstg.wpengine.com\/product\/1200-x-1000-superpal\/"},"modified":"2024-08-15T12:42:06","modified_gmt":"2024-08-15T18:42:06","slug":"1200-x-1000-superpal","status":"publish","type":"product","link":"https:\/\/www.orbiscorporation.com\/es-mx\/products\/plastic-pallets\/pared-recta-tarimas\/1200-x-1000-superpal\/","title":{"rendered":"1200 x 1000 SuperPal"},"content":{"rendered":"<table width=\"1139\">\n<tbody>\n<tr>\n<td width=\"1139\">Ahora libre de hal\u00f3genos! La tarima 1200 x 1000 FM SuperPal ofrece mayor higiene, durabilidad, resistencia y capacidad de estiba, y a la vez dura m\u00e1s y tiene un rendimiento superior al de las tarimas alternativas, lo que da como resultado un menor costo por viaje. ORBIS ofrece la m\u00e1s amplia selecci\u00f3n de tarimas retardantes de incendios aprobadas por Factory Mutual Research Corporation (FM), que cumplen con los requisitos sobre clasificaci\u00f3n de fuego equivalentes a las tarimas de madera. Las tarimas ORBIS retardantes de incendios se ofrecen ahora con un nuevo material libre de hal\u00f3genos (HF), que no contiene bromos de ning\u00fan tipo (es decir, libre de PBDE). ORBIS es uno de los primeros en la industria de empaques reutilizables en recibir la aprobaci\u00f3n de Factory Mutual para usar este innovador material HF. Adem\u00e1s de ser libre de hal\u00f3genos (HF), este material mejora el desempe\u00f1o ante el fuego y al mismo tiempo mejora el rendimiento contra impactos.<\/p>\n<ul>\n<li>Tarima de tama\u00f1o europeo<\/li>\n<li>Libre de hal\u00f3genos y de bromo<\/li>\n<li>El dise\u00f1o de encaje a presi\u00f3n patentado permite la reparaci\u00f3n en sitio<\/li>\n<li>Espuma estructural moldeada<\/li>\n<li>Compatible con todos los entarimadores, bandas transportadoras y sistemas automatizados<\/li>\n<li>Esta tarima de uso rudo est\u00e1 dise\u00f1ada para transportar productos industriales<\/li>\n<li>Entrada ahusada de 4 v\u00edas<\/li>\n<\/ul>\n<\/td>\n<\/tr>\n<\/tbody>\n<\/table>\n","protected":false},"excerpt":{"rendered":"<p>Ahora libre de hal\u00f3genos! La tarima 1200 x 1000 FM SuperPal ofrece mayor higiene, durabilidad, resistencia y capacidad de estiba, y a la vez dura m\u00e1s y tiene un rendimiento superior al de las tarimas alternativas, lo que da como resultado un menor costo por viaje. ORBIS ofrece la m\u00e1s amplia selecci\u00f3n de tarimas retardantes [&hellip;]<\/p>\n","protected":false},"featured_media":8445,"template":"","meta":{"_acf_changed":true},"product_brand":[],"product_cat":[1850,1811],"product_tag":[4184,1819],"class_list":{"0":"post-5750","1":"product","2":"type-product","3":"status-publish","4":"has-post-thumbnail","6":"product_cat-stackable","7":"product_cat-plastic-pallets","8":"product_tag-1200x1000-es-mx","9":"product_tag-fabricacion-de-alimentos","11":"first","12":"instock","13":"product-type-simple"},"acf":[],"gallery_images":[],"_links":{"self":[{"href":"https:\/\/www.orbiscorporation.com\/es-mx\/wp-json\/wp\/v2\/product\/5750","targetHints":{"allow":["GET"]}}],"collection":[{"href":"https:\/\/www.orbiscorporation.com\/es-mx\/wp-json\/wp\/v2\/product"}],"about":[{"href":"https:\/\/www.orbiscorporation.com\/es-mx\/wp-json\/wp\/v2\/types\/product"}],"wp:featuredmedia":[{"embeddable":true,"href":"https:\/\/www.orbiscorporation.com\/es-mx\/wp-json\/wp\/v2\/media\/8445"}],"wp:attachment":[{"href":"https:\/\/www.orbiscorporation.com\/es-mx\/wp-json\/wp\/v2\/media?parent=5750"}],"wp:term":[{"taxonomy":"product_brand","embeddable":true,"href":"https:\/\/www.orbiscorporation.com\/es-mx\/wp-json\/wp\/v2\/product_brand?post=5750"},{"taxonomy":"product_cat","embeddable":true,"href":"https:\/\/www.orbiscorporation.com\/es-mx\/wp-json\/wp\/v2\/product_cat?post=5750"},{"taxonomy":"product_tag","embeddable":true,"href":"https:\/\/www.orbiscorporation.com\/es-mx\/wp-json\/wp\/v2\/product_tag?post=5750"}],"curies":[{"name":"wp","href":"https:\/\/api.w.org\/{rel}","templated":true}]}}