{"id":5753,"date":"2022-11-18T14:31:35","date_gmt":"2022-11-18T20:31:35","guid":{"rendered":"https:\/\/orbiscorporstg.wpengine.com\/product\/30-x-36-b-sbrr-cits-so-lp\/"},"modified":"2025-10-01T13:50:09","modified_gmt":"2025-10-01T19:50:09","slug":"30-x-36-b-sbrr-cits-so-lp","status":"publish","type":"product","link":"https:\/\/www.orbiscorporation.com\/es-mx\/products\/plastic-pallets\/nestable\/30-x-36-b-sbrr-cits-so-lp\/","title":{"rendered":"30 x 36-B SBRR CITS SO LP"},"content":{"rendered":"<p>La tarima ORBIS 30 x 36 SBRR CITS permite mover, almacenar y distribuir cargas de productos dentro de un almac\u00e9n\/centro de distribuci\u00f3n individual o en una completa cadena de suministro. Desde el material sin procesar hasta el producto terminado, las tarimas reutilizables de pl\u00e1stico protegen el producto hasta que llega a su destino final. Estando vac\u00edas, estas tarimas se anidan para ofrecer un viaje de regreso o almacenamiento econ\u00f3mico en cuanto a costos. Las tarimas anidables ORBIS son ligeras y f\u00e1ciles de manejar, sin clavos, astillas ni tablas rotas que presentan riesgo de lesiones para el empleado. Esta tarima pl\u00e1stica ofrece una alternativa econ\u00f3mica, ecol\u00f3gica y eficiente a las tarimas de madera o patines.<\/p>\n<ul>\n<li>Termoformada de hoja doble con mejor resistencia a los impactos<\/li>\n<li>Espesor inicial de hoja de tarima: 0.280&#8243;<\/li>\n<li>Reciclable<\/li>\n<li>Se ofrecen cinturones de seguridad opcionales<\/li>\n<li>Retractores \u00fanicamente en los lados de 30<\/li>\n<li>Entrada para horquilla montacargas: 4 v\u00edas<\/li>\n<li>Entrada para pat\u00edn manual: 4 v\u00edas<\/li>\n<\/ul>\n","protected":false},"excerpt":{"rendered":"<p>La tarima ORBIS 30 x 36 SBRR CITS permite mover, almacenar y distribuir cargas de productos dentro de un almac\u00e9n\/centro de distribuci\u00f3n individual o en una completa cadena de suministro. Desde el material sin procesar hasta el producto terminado, las tarimas reutilizables de pl\u00e1stico protegen el producto hasta que llega a su destino final. Estando [&hellip;]<\/p>\n","protected":false},"featured_media":2480,"template":"","meta":{"_acf_changed":false},"product_brand":[],"product_cat":[1848,1811],"product_tag":[4150,1814],"class_list":{"0":"post-5753","1":"product","2":"type-product","3":"status-publish","4":"has-post-thumbnail","6":"product_cat-nestable","7":"product_cat-plastic-pallets","8":"product_tag-30x36-es-mx-2","9":"product_tag-automotriz","11":"first","12":"instock","13":"product-type-simple"},"acf":[],"gallery_images":[2488,2486,2484,2482],"_links":{"self":[{"href":"https:\/\/www.orbiscorporation.com\/es-mx\/wp-json\/wp\/v2\/product\/5753","targetHints":{"allow":["GET"]}}],"collection":[{"href":"https:\/\/www.orbiscorporation.com\/es-mx\/wp-json\/wp\/v2\/product"}],"about":[{"href":"https:\/\/www.orbiscorporation.com\/es-mx\/wp-json\/wp\/v2\/types\/product"}],"wp:featuredmedia":[{"embeddable":true,"href":"https:\/\/www.orbiscorporation.com\/es-mx\/wp-json\/wp\/v2\/media\/2480"}],"wp:attachment":[{"href":"https:\/\/www.orbiscorporation.com\/es-mx\/wp-json\/wp\/v2\/media?parent=5753"}],"wp:term":[{"taxonomy":"product_brand","embeddable":true,"href":"https:\/\/www.orbiscorporation.com\/es-mx\/wp-json\/wp\/v2\/product_brand?post=5753"},{"taxonomy":"product_cat","embeddable":true,"href":"https:\/\/www.orbiscorporation.com\/es-mx\/wp-json\/wp\/v2\/product_cat?post=5753"},{"taxonomy":"product_tag","embeddable":true,"href":"https:\/\/www.orbiscorporation.com\/es-mx\/wp-json\/wp\/v2\/product_tag?post=5753"}],"curies":[{"name":"wp","href":"https:\/\/api.w.org\/{rel}","templated":true}]}}