{"id":5760,"date":"2022-11-18T14:31:35","date_gmt":"2022-11-18T20:31:35","guid":{"rendered":"https:\/\/orbiscorporstg.wpengine.com\/product\/40-x-48-xp-medium-duty\/"},"modified":"2023-04-27T14:57:48","modified_gmt":"2023-04-27T20:57:48","slug":"40-x-48-xp-medium-duty","status":"publish","type":"product","link":"https:\/\/www.orbiscorporation.com\/es-mx\/products\/plastic-pallets\/nestable\/40-x-48-xp-medium-duty\/","title":{"rendered":"40 x 48 XP Medium Duty"},"content":{"rendered":"<p>Esta tarima XpressPal\u00ae MD de 40 x 48 ofrece una relaci\u00f3n de anidamiento favorable que optimiza el espacio en los remolques est\u00e1ndar de 53&#8242;. Su superficie antideslizante mantiene las cajas en su lugar durante el tr\u00e1nsito y la venta al por menor. Las esquinas contorneadas y las superficies lisas permiten un f\u00e1cil manejo una larga durabilidad. La construcci\u00f3n suave y no porosa protege el producto (sin clavos, \u00f3xido ni astillas) y no absorbe la humedad ni el olor. Su construcci\u00f3n totalmente de pl\u00e1stico garantiza la consistencia dimensional y el rendimiento repetible durante toda su vida \u00fatil.<\/p>\n<ul>\n<li>Hoja doble termoformada para una resistencia superior al impacto<\/li>\n<li>Larga vida \u00fatil, con un costo por viaje m\u00e1s bajo que las tarimas alternativas<\/li>\n<li>La construcci\u00f3n completamente pl\u00e1stica y suave reduce el da\u00f1o al producto<\/li>\n<li>Entrada de 4 v\u00edas para pat\u00edn y montacargas<\/li>\n<\/ul>\n","protected":false},"excerpt":{"rendered":"<p>Esta tarima XpressPal\u00ae MD de 40 x 48 ofrece una relaci\u00f3n de anidamiento favorable que optimiza el espacio en los remolques est\u00e1ndar de 53&#8242;. Su superficie antideslizante mantiene las cajas en su lugar durante el tr\u00e1nsito y la venta al por menor. Las esquinas contorneadas y las superficies lisas permiten un f\u00e1cil manejo una larga [&hellip;]<\/p>\n","protected":false},"featured_media":2668,"template":"","meta":{"_acf_changed":false},"product_brand":[],"product_cat":[1811,1848],"product_tag":[4156,1823],"class_list":{"0":"post-5760","1":"product","2":"type-product","3":"status-publish","4":"has-post-thumbnail","6":"product_cat-plastic-pallets","7":"product_cat-nestable","8":"product_tag-40x48-es-mx-2","9":"product_tag-minoristas-distribucion","11":"first","12":"instock","13":"product-type-simple"},"acf":[],"gallery_images":[3032,3030,3028,2670],"_links":{"self":[{"href":"https:\/\/www.orbiscorporation.com\/es-mx\/wp-json\/wp\/v2\/product\/5760","targetHints":{"allow":["GET"]}}],"collection":[{"href":"https:\/\/www.orbiscorporation.com\/es-mx\/wp-json\/wp\/v2\/product"}],"about":[{"href":"https:\/\/www.orbiscorporation.com\/es-mx\/wp-json\/wp\/v2\/types\/product"}],"wp:featuredmedia":[{"embeddable":true,"href":"https:\/\/www.orbiscorporation.com\/es-mx\/wp-json\/wp\/v2\/media\/2668"}],"wp:attachment":[{"href":"https:\/\/www.orbiscorporation.com\/es-mx\/wp-json\/wp\/v2\/media?parent=5760"}],"wp:term":[{"taxonomy":"product_brand","embeddable":true,"href":"https:\/\/www.orbiscorporation.com\/es-mx\/wp-json\/wp\/v2\/product_brand?post=5760"},{"taxonomy":"product_cat","embeddable":true,"href":"https:\/\/www.orbiscorporation.com\/es-mx\/wp-json\/wp\/v2\/product_cat?post=5760"},{"taxonomy":"product_tag","embeddable":true,"href":"https:\/\/www.orbiscorporation.com\/es-mx\/wp-json\/wp\/v2\/product_tag?post=5760"}],"curies":[{"name":"wp","href":"https:\/\/api.w.org\/{rel}","templated":true}]}}