{"id":5761,"date":"2022-11-18T14:31:35","date_gmt":"2022-11-18T20:31:35","guid":{"rendered":"https:\/\/orbiscorporstg.wpengine.com\/product\/40-x-48-xp-heavy-duty\/"},"modified":"2025-08-21T11:29:14","modified_gmt":"2025-08-21T17:29:14","slug":"40-x-48-xp-heavy-duty","status":"publish","type":"product","link":"https:\/\/www.orbiscorporation.com\/es-mx\/products\/plastic-pallets\/nestable\/40-x-48-xp-heavy-duty\/","title":{"rendered":"40 x 48 XP Heavy Duty"},"content":{"rendered":"<p>La tarima XpressPal\u00ae HD de 40 x 48 ofrece un dise\u00f1o robusto anidable. Cuando est\u00e1n vac\u00edas, estas tarimas se anidan para su regreso rentable o almacenamiento. Su consistencia dimensional garantiza una interfaz sin esfuerzo con todo tipo de equipos de manipulaci\u00f3n de materiales y automatizaci\u00f3n de alta velocidad. Las tarimas anidables ORBIS son f\u00e1ciles de manejar manualmente, sin clavos, astillas ni tablas rotas. Esta tarima de pl\u00e1stico ofrece una alternativa econ\u00f3mica, amigable con el medio ambiente y eficiente a las tarimas de madera.<\/p>\n<ul>\n<li>Dise\u00f1o de flujo continuo con plataforma ventilada y orificios de drenaje<\/li>\n<li>La construcci\u00f3n completamente pl\u00e1stica y suave reduce el da\u00f1o al producto<\/li>\n<li>Entrada de 4 v\u00edas para pat\u00edn y montacargas<\/li>\n<\/ul>\n","protected":false},"excerpt":{"rendered":"<p>La tarima XpressPal\u00ae HD de 40 x 48 ofrece un dise\u00f1o robusto anidable. Cuando est\u00e1n vac\u00edas, estas tarimas se anidan para su regreso rentable o almacenamiento. Su consistencia dimensional garantiza una interfaz sin esfuerzo con todo tipo de equipos de manipulaci\u00f3n de materiales y automatizaci\u00f3n de alta velocidad. Las tarimas anidables ORBIS son f\u00e1ciles de [&hellip;]<\/p>\n","protected":false},"featured_media":2672,"template":"","meta":{"_acf_changed":false},"product_brand":[],"product_cat":[1848,1811],"product_tag":[4156,1823],"class_list":{"0":"post-5761","1":"product","2":"type-product","3":"status-publish","4":"has-post-thumbnail","6":"product_cat-nestable","7":"product_cat-plastic-pallets","8":"product_tag-40x48-es-mx-2","9":"product_tag-minoristas-distribucion","11":"first","12":"instock","13":"product-type-simple"},"acf":[],"gallery_images":[12273,12271,12269,12267],"_links":{"self":[{"href":"https:\/\/www.orbiscorporation.com\/es-mx\/wp-json\/wp\/v2\/product\/5761","targetHints":{"allow":["GET"]}}],"collection":[{"href":"https:\/\/www.orbiscorporation.com\/es-mx\/wp-json\/wp\/v2\/product"}],"about":[{"href":"https:\/\/www.orbiscorporation.com\/es-mx\/wp-json\/wp\/v2\/types\/product"}],"wp:featuredmedia":[{"embeddable":true,"href":"https:\/\/www.orbiscorporation.com\/es-mx\/wp-json\/wp\/v2\/media\/2672"}],"wp:attachment":[{"href":"https:\/\/www.orbiscorporation.com\/es-mx\/wp-json\/wp\/v2\/media?parent=5761"}],"wp:term":[{"taxonomy":"product_brand","embeddable":true,"href":"https:\/\/www.orbiscorporation.com\/es-mx\/wp-json\/wp\/v2\/product_brand?post=5761"},{"taxonomy":"product_cat","embeddable":true,"href":"https:\/\/www.orbiscorporation.com\/es-mx\/wp-json\/wp\/v2\/product_cat?post=5761"},{"taxonomy":"product_tag","embeddable":true,"href":"https:\/\/www.orbiscorporation.com\/es-mx\/wp-json\/wp\/v2\/product_tag?post=5761"}],"curies":[{"name":"wp","href":"https:\/\/api.w.org\/{rel}","templated":true}]}}