{"id":5769,"date":"2022-11-18T14:31:35","date_gmt":"2022-11-18T20:31:35","guid":{"rendered":"https:\/\/orbiscorporstg.wpengine.com\/product\/45-x-48-sfp\/"},"modified":"2026-03-19T07:38:39","modified_gmt":"2026-03-19T13:38:39","slug":"45-x-48-sfp","status":"publish","type":"product","link":"https:\/\/www.orbiscorporation.com\/es-mx\/products\/plastic-pallets\/nestable\/45-x-48-sfp\/","title":{"rendered":"45 x 48 SFP"},"content":{"rendered":"<p>La tarima 45 x 48 SFP ofrece resistencia en la ruda cadena de suministro automotriz. La tarima 45 x 48 SFP constituye una soluci\u00f3n econ\u00f3mica y vers\u00e1til para el almacenamiento de partes y componentes automotrices. La tarima se basa en la norma AIAG 45 x 48. Con una resistencia excepcional, esta tarima anidable mejora la eficiencia y ayuda a estandarizar la distribuci\u00f3n en cada nivel del sistema de suministro. Est\u00e1 hecha de una sola pieza moldeada en espuma estructural y ofrece una plataforma pareja y un borde moldeado. Su dise\u00f1o anidable permite un eficiente almacenamiento cuando est\u00e1 vac\u00eda. La 45 x 48 SFP es totalmente compatible con los sistemas de contenedores ORBIS StakPak y de uso manual colapsable. Esta tarima pl\u00e1stica ofrece una alternativa econ\u00f3mica, ecol\u00f3gica y eficiente a las tarimas de madera o patines.<\/p>\n<ul>\n<li>Tarimas de excepcional durabilidad, pero m\u00e1s livianas que las alternativas, con un peso de 36 lbs<\/li>\n<li>Mayor tasa de anidaci\u00f3n para obtener un 13% m\u00e1s en una pila vac\u00eda<\/li>\n<li>Reciclable<\/li>\n<li>Espuma estructural moldeada<\/li>\n<li>Patr\u00f3n de bordes de patas redise\u00f1ado para mayor durabilidad contra los impactos<\/li>\n<li>Se han realizado mejoras en el interior del borde de la tarima para evitar que todo el borde se desgarre en caso de impactos agresivos<\/li>\n<li>Entrada ahusada para horquilla a fin de reducir el impacto de las puntas de los montacargas<\/li>\n<\/ul>\n","protected":false},"excerpt":{"rendered":"<p>La tarima 45 x 48 SFP ofrece resistencia en la ruda cadena de suministro automotriz. La tarima 45 x 48 SFP constituye una soluci\u00f3n econ\u00f3mica y vers\u00e1til para el almacenamiento de partes y componentes automotrices. La tarima se basa en la norma AIAG 45 x 48. Con una resistencia excepcional, esta tarima anidable mejora la [&hellip;]<\/p>\n","protected":false},"featured_media":10540,"template":"","meta":{"_acf_changed":false},"product_brand":[],"product_cat":[1848,1811],"product_tag":[4161,1814],"class_list":{"0":"post-5769","1":"product","2":"type-product","3":"status-publish","4":"has-post-thumbnail","6":"product_cat-nestable","7":"product_cat-plastic-pallets","8":"product_tag-45x48-es-mx-2","9":"product_tag-automotriz","11":"first","12":"instock","13":"product-type-simple"},"acf":[],"gallery_images":[12257,12255,12253,12247],"_links":{"self":[{"href":"https:\/\/www.orbiscorporation.com\/es-mx\/wp-json\/wp\/v2\/product\/5769","targetHints":{"allow":["GET"]}}],"collection":[{"href":"https:\/\/www.orbiscorporation.com\/es-mx\/wp-json\/wp\/v2\/product"}],"about":[{"href":"https:\/\/www.orbiscorporation.com\/es-mx\/wp-json\/wp\/v2\/types\/product"}],"wp:featuredmedia":[{"embeddable":true,"href":"https:\/\/www.orbiscorporation.com\/es-mx\/wp-json\/wp\/v2\/media\/10540"}],"wp:attachment":[{"href":"https:\/\/www.orbiscorporation.com\/es-mx\/wp-json\/wp\/v2\/media?parent=5769"}],"wp:term":[{"taxonomy":"product_brand","embeddable":true,"href":"https:\/\/www.orbiscorporation.com\/es-mx\/wp-json\/wp\/v2\/product_brand?post=5769"},{"taxonomy":"product_cat","embeddable":true,"href":"https:\/\/www.orbiscorporation.com\/es-mx\/wp-json\/wp\/v2\/product_cat?post=5769"},{"taxonomy":"product_tag","embeddable":true,"href":"https:\/\/www.orbiscorporation.com\/es-mx\/wp-json\/wp\/v2\/product_tag?post=5769"}],"curies":[{"name":"wp","href":"https:\/\/api.w.org\/{rel}","templated":true}]}}