{"id":5773,"date":"2022-11-18T14:31:41","date_gmt":"2022-11-18T20:31:41","guid":{"rendered":"https:\/\/orbiscorporstg.wpengine.com\/product\/45-x-60-mi-ciss-lp\/"},"modified":"2023-04-27T14:35:08","modified_gmt":"2023-04-27T20:35:08","slug":"45-x-60-mi-ciss-lp","status":"publish","type":"product","link":"https:\/\/www.orbiscorporation.com\/es-mx\/products\/plastic-pallets\/nestable\/45-x-60-mi-ciss-lp\/","title":{"rendered":"45 x 60 MI CISS LP"},"content":{"rendered":"<table width=\"1139\">\n<tbody>\n<tr>\n<td width=\"1139\">La tarima ORBIS 45 x 60 MI CISS LP permite mover, almacenar y distribuir cargas de productos dentro de un almac\u00e9n\/centro de distribuci\u00f3n individual o en una completa cadena de suministro. Desde el material sin procesar hasta el producto terminado, las tarimas reutilizables de pl\u00e1stico protegen el producto hasta que llega a su destino final. Estando vac\u00edas, estas tarimas se anidan para ofrecer un viaje de regreso o almacenamiento econ\u00f3mico. Su consistencia dimensional asegura la interconexi\u00f3n sin forzamiento con todo tipo de equipos de automatizaci\u00f3n a alta velocidad y manejo de materiales. Las tarimas anidables ORBIS son ligeras y f\u00e1ciles de manejar, sin clavos, astillas ni tablas rotas que presentan riesgo de lesiones para el empleado. Esta tarima pl\u00e1stica ofrece una alternativa econ\u00f3mica, ecol\u00f3gica y eficiente a las tarimas de madera o patines. Tambi\u00e9n disponible en anchos de 56, 58 y 60.<\/p>\n<ul>\n<li>Termoformada de hoja individual (HMWPE)<\/li>\n<li>Reciclable<\/li>\n<li>Las longitudes extendidas alojan contenedores de tama\u00f1os hechos a medida, incluyendo ORBIS Cut-N-Weld<\/li>\n<li>Dise\u00f1o de imagen de espejo que permite que la tarima se use como tapa superior<\/li>\n<li>Se ofrecen cinturones de seguridad opcionales. (\u00fanicamente en lados de 45)<\/li>\n<li>Entrada para horquilla montacargas: 4 v\u00edas<\/li>\n<li>Entrada para pat\u00edn manual: 4 v\u00edas<\/li>\n<\/ul>\n<\/td>\n<\/tr>\n<\/tbody>\n<\/table>\n","protected":false},"excerpt":{"rendered":"<p>La tarima ORBIS 45 x 60 MI CISS LP permite mover, almacenar y distribuir cargas de productos dentro de un almac\u00e9n\/centro de distribuci\u00f3n individual o en una completa cadena de suministro. Desde el material sin procesar hasta el producto terminado, las tarimas reutilizables de pl\u00e1stico protegen el producto hasta que llega a su destino final. [&hellip;]<\/p>\n","protected":false},"featured_media":2904,"template":"","meta":{"_acf_changed":false},"product_brand":[],"product_cat":[1811,1848],"product_tag":[4165,1814],"class_list":{"0":"post-5773","1":"product","2":"type-product","3":"status-publish","4":"has-post-thumbnail","6":"product_cat-plastic-pallets","7":"product_cat-nestable","8":"product_tag-45x60-es-mx-2","9":"product_tag-automotriz","11":"first","12":"instock","13":"product-type-simple"},"acf":[],"gallery_images":[2912,2910,2908,2906],"_links":{"self":[{"href":"https:\/\/www.orbiscorporation.com\/es-mx\/wp-json\/wp\/v2\/product\/5773","targetHints":{"allow":["GET"]}}],"collection":[{"href":"https:\/\/www.orbiscorporation.com\/es-mx\/wp-json\/wp\/v2\/product"}],"about":[{"href":"https:\/\/www.orbiscorporation.com\/es-mx\/wp-json\/wp\/v2\/types\/product"}],"wp:featuredmedia":[{"embeddable":true,"href":"https:\/\/www.orbiscorporation.com\/es-mx\/wp-json\/wp\/v2\/media\/2904"}],"wp:attachment":[{"href":"https:\/\/www.orbiscorporation.com\/es-mx\/wp-json\/wp\/v2\/media?parent=5773"}],"wp:term":[{"taxonomy":"product_brand","embeddable":true,"href":"https:\/\/www.orbiscorporation.com\/es-mx\/wp-json\/wp\/v2\/product_brand?post=5773"},{"taxonomy":"product_cat","embeddable":true,"href":"https:\/\/www.orbiscorporation.com\/es-mx\/wp-json\/wp\/v2\/product_cat?post=5773"},{"taxonomy":"product_tag","embeddable":true,"href":"https:\/\/www.orbiscorporation.com\/es-mx\/wp-json\/wp\/v2\/product_tag?post=5773"}],"curies":[{"name":"wp","href":"https:\/\/api.w.org\/{rel}","templated":true}]}}