{"id":5790,"date":"2025-06-29T14:36:16","date_gmt":"2025-06-29T20:36:16","guid":{"rendered":"https:\/\/orbiscorporstg.wpengine.com\/product\/44-x-56-hp-top-frame\/"},"modified":"2023-04-27T14:34:02","modified_gmt":"2023-04-27T20:34:02","slug":"44-x-56-hp-top-frame","status":"publish","type":"product","link":"https:\/\/www.orbiscorporation.com\/es-mx\/product\/44-x-56-hp-top-frame\/","title":{"rendered":"44 x 56 HP Top Frame"},"content":{"rendered":"<table width=\"1139\">\n<tbody>\n<tr>\n<td width=\"1139\">El marco 44 x 56 de ORBIS agiliza el transporte y la manipulaci\u00f3n de latas y botellas de alimentos y bebidas. Se optimiza al combinarse con tarimas de pl\u00e1stico, l\u00e1minas divisorias y servicios RPM de ORBIS. El sistema protege las cargas de tarimas unificadas durante el almacenamiento y transporte de botellas de pl\u00e1stico, latas de aluminio y latas de acero. Este marco higi\u00e9nico y reutilizable est\u00e1 dise\u00f1ado para brindar durabilidad y protecci\u00f3n de la carga. Sus exclusivas esquinas de tracci\u00f3n redondeadas y con listones aseguran las cargas sin da\u00f1ar el producto paletizado. Est\u00e1 dise\u00f1ado para ser compatible con la automatizaci\u00f3n actual en las plantas de bebidas.<\/p>\n<ul>\n<li>4,0&#8243; de ancho<\/li>\n<li>Las esquinas de tracci\u00f3n redondeadas y con listones aseguran las cargas<\/li>\n<li>F\u00e1cil de limpiar<\/li>\n<li>Construcci\u00f3n lisa, completamente de pl\u00e1stico.<\/li>\n<li>Sin clavos, \u00f3xido ni astillas<\/li>\n<li>Resistente a los impactos y absorbe los golpes<\/li>\n<li>Coherencia dimensional para una interfaz perfecta<\/li>\n<li>100% reciclable<\/li>\n<\/ul>\n<\/td>\n<\/tr>\n<\/tbody>\n<\/table>\n","protected":false},"excerpt":{"rendered":"<p>El marco 44 x 56 de ORBIS agiliza el transporte y la manipulaci\u00f3n de latas y botellas de alimentos y bebidas. Se optimiza al combinarse con tarimas de pl\u00e1stico, l\u00e1minas divisorias y servicios RPM de ORBIS. El sistema protege las cargas de tarimas unificadas durante el almacenamiento y transporte de botellas de pl\u00e1stico, latas de [&hellip;]<\/p>\n","protected":false},"featured_media":13973,"template":"","meta":{"_acf_changed":false},"product_brand":[],"product_cat":[1851,1811],"product_tag":[4160,1816,1819],"class_list":{"0":"post-5790","1":"product","2":"type-product","3":"status-publish","4":"has-post-thumbnail","6":"product_cat-top-caps-and-top-frames","7":"product_cat-plastic-pallets","8":"product_tag-44x56-es-mx-2","9":"product_tag-bebidas","10":"product_tag-fabricacion-de-alimentos","12":"first","13":"instock","14":"product-type-simple"},"acf":[],"gallery_images":[13975],"_links":{"self":[{"href":"https:\/\/www.orbiscorporation.com\/es-mx\/wp-json\/wp\/v2\/product\/5790","targetHints":{"allow":["GET"]}}],"collection":[{"href":"https:\/\/www.orbiscorporation.com\/es-mx\/wp-json\/wp\/v2\/product"}],"about":[{"href":"https:\/\/www.orbiscorporation.com\/es-mx\/wp-json\/wp\/v2\/types\/product"}],"wp:featuredmedia":[{"embeddable":true,"href":"https:\/\/www.orbiscorporation.com\/es-mx\/wp-json\/wp\/v2\/media\/13973"}],"wp:attachment":[{"href":"https:\/\/www.orbiscorporation.com\/es-mx\/wp-json\/wp\/v2\/media?parent=5790"}],"wp:term":[{"taxonomy":"product_brand","embeddable":true,"href":"https:\/\/www.orbiscorporation.com\/es-mx\/wp-json\/wp\/v2\/product_brand?post=5790"},{"taxonomy":"product_cat","embeddable":true,"href":"https:\/\/www.orbiscorporation.com\/es-mx\/wp-json\/wp\/v2\/product_cat?post=5790"},{"taxonomy":"product_tag","embeddable":true,"href":"https:\/\/www.orbiscorporation.com\/es-mx\/wp-json\/wp\/v2\/product_tag?post=5790"}],"curies":[{"name":"wp","href":"https:\/\/api.w.org\/{rel}","templated":true}]}}