{"id":5805,"date":"2022-11-21T11:05:09","date_gmt":"2022-11-21T17:05:09","guid":{"rendered":"https:\/\/orbiscorporstg.wpengine.com\/product\/no2821-14\/"},"modified":"2024-01-11T14:10:23","modified_gmt":"2024-01-11T20:10:23","slug":"no2821-14","status":"publish","type":"product","link":"https:\/\/www.orbiscorporation.com\/es-mx\/products\/no2821-14\/","title":{"rendered":"NO2821-14"},"content":{"rendered":"<table width=\"998\">\n<tbody>\n<tr>\n<td width=\"998\">Los contenedores solo para anidar ORBIS satisfacen diversas necesidades de muchos tipos de requerimientos de recolecci\u00f3n y entrega de pedidos en los modernos sistemas de distribuci\u00f3n. Su construcci\u00f3n duradera y dise\u00f1o superior permiten que estos contenedores retornables duren m\u00e1s de 250 viajes, proporcionando un excelente retorno sobre la inversi\u00f3n y un reducido costo de distribuci\u00f3n por viaje en comparaci\u00f3n con las cajas de cart\u00f3n corrugado. Paredes lisas y dise\u00f1adas para f\u00e1cil manejo y consistencia dimensional para un rendimiento repetitivo en los sistemas automatizados. Estos contenedores son totalmente reciclables al final de su vida \u00fatil.<\/p>\n<ul>\n<li>Medida 28 x 21<\/li>\n<li>Gran capacidad<\/li>\n<li>Se estiba firmemente con tapas y se anida fijamente cuando est\u00e1 vac\u00edo para \u00f3ptimo aprovechamiento de espacio<\/li>\n<\/ul>\n<\/td>\n<\/tr>\n<\/tbody>\n<\/table>\n","protected":false},"excerpt":{"rendered":"<p>Los contenedores solo para anidar ORBIS satisfacen diversas necesidades de muchos tipos de requerimientos de recolecci\u00f3n y entrega de pedidos en los modernos sistemas de distribuci\u00f3n. Su construcci\u00f3n duradera y dise\u00f1o superior permiten que estos contenedores retornables duren m\u00e1s de 250 viajes, proporcionando un excelente retorno sobre la inversi\u00f3n y un reducido costo de distribuci\u00f3n [&hellip;]<\/p>\n","protected":false},"featured_media":4332,"template":"","meta":{"_acf_changed":false},"product_brand":[],"product_cat":[1852],"product_tag":[4024],"class_list":{"0":"post-5805","1":"product","2":"type-product","3":"status-publish","4":"has-post-thumbnail","6":"product_cat-hand-held-containers","7":"product_tag-28x21","9":"first","10":"instock","11":"product-type-simple"},"acf":[],"gallery_images":[],"_links":{"self":[{"href":"https:\/\/www.orbiscorporation.com\/es-mx\/wp-json\/wp\/v2\/product\/5805","targetHints":{"allow":["GET"]}}],"collection":[{"href":"https:\/\/www.orbiscorporation.com\/es-mx\/wp-json\/wp\/v2\/product"}],"about":[{"href":"https:\/\/www.orbiscorporation.com\/es-mx\/wp-json\/wp\/v2\/types\/product"}],"wp:featuredmedia":[{"embeddable":true,"href":"https:\/\/www.orbiscorporation.com\/es-mx\/wp-json\/wp\/v2\/media\/4332"}],"wp:attachment":[{"href":"https:\/\/www.orbiscorporation.com\/es-mx\/wp-json\/wp\/v2\/media?parent=5805"}],"wp:term":[{"taxonomy":"product_brand","embeddable":true,"href":"https:\/\/www.orbiscorporation.com\/es-mx\/wp-json\/wp\/v2\/product_brand?post=5805"},{"taxonomy":"product_cat","embeddable":true,"href":"https:\/\/www.orbiscorporation.com\/es-mx\/wp-json\/wp\/v2\/product_cat?post=5805"},{"taxonomy":"product_tag","embeddable":true,"href":"https:\/\/www.orbiscorporation.com\/es-mx\/wp-json\/wp\/v2\/product_tag?post=5805"}],"curies":[{"name":"wp","href":"https:\/\/api.w.org\/{rel}","templated":true}]}}