{"id":5815,"date":"2022-11-21T11:05:15","date_gmt":"2022-11-21T17:05:15","guid":{"rendered":"https:\/\/orbiscorporstg.wpengine.com\/product\/ga6040-22\/"},"modified":"2025-05-07T07:30:03","modified_gmt":"2025-05-07T13:30:03","slug":"ga6040-22","status":"publish","type":"product","link":"https:\/\/www.orbiscorporation.com\/es-mx\/products\/hand-held-containers\/stack-n-nest\/ga6040-22\/","title":{"rendered":"GA6040-22"},"content":{"rendered":"<p>El Sistema 4048 Stack-N-Nest es un sistema integral de contenedores estibables y anidables, tarimas, tapas superiores y bases rodantes de . Estos contenedores de pl\u00e1stico retornables se estiban en una columna, creando cargas verticalmente modulares y alturas de estiba niveladas. Los contenedores est\u00e1n disponibles con fondo liso para f\u00e1cil limpieza o fondo texturizado para uso en bandas transportadoras. Las paredes y fondos ventilados est\u00e1n disponibles para maximizar el flujo de aire, facilitar la limpieza y r\u00e1pido enfriamiento. Agarraderas contorneadas para manejo f\u00e1cil y seguro. Las \u00e1reas de identificaci\u00f3n est\u00e1n ubicadas en los lados, extremos y tapas. Estos contenedores de pl\u00e1stico son totalmente reciclables al final de su vida \u00fatil. *Tome en cuenta que ORBIS publica las especificaciones para esta l\u00ednea de productosen pulgadas, pero el nombre del modelo no corresponde a pulgadas.Este sistema fuedise\u00f1ado en una medida m\u00e9trica y el nombre de modelo refleja esto.<\/p>\n<ul>\n<li>Medida 24 x 16<\/li>\n<li>Dise\u00f1o de tapa adherida<\/li>\n<li>Se estiba con la tapa cerrada y se anida cuando est\u00e1 vac\u00edo<\/li>\n<li>Paredes s\u00f3lidas o ventiladas<\/li>\n<li>Fondo liso o texturizado<\/li>\n<li>Disponible en material aprobado por la FDA<\/li>\n<li>Disponible en material de protecci\u00f3n contra ESD<\/li>\n<\/ul>\n","protected":false},"excerpt":{"rendered":"<p>El Sistema 4048 Stack-N-Nest es un sistema integral de contenedores estibables y anidables, tarimas, tapas superiores y bases rodantes de . Estos contenedores de pl\u00e1stico retornables se estiban en una columna, creando cargas verticalmente modulares y alturas de estiba niveladas. Los contenedores est\u00e1n disponibles con fondo liso para f\u00e1cil limpieza o fondo texturizado para uso [&hellip;]<\/p>\n","protected":false},"featured_media":5133,"template":"","meta":{"_acf_changed":false},"product_brand":[],"product_cat":[1852,1864],"product_tag":[4130,1818,1819],"class_list":{"0":"post-5815","1":"product","2":"type-product","3":"status-publish","4":"has-post-thumbnail","6":"product_cat-hand-held-containers","7":"product_cat-stack-n-nest","8":"product_tag-24x16-es-mx-2","9":"product_tag-comercio-electronico","10":"product_tag-fabricacion-de-alimentos","12":"first","13":"instock","14":"product-type-simple"},"acf":[],"gallery_images":[],"_links":{"self":[{"href":"https:\/\/www.orbiscorporation.com\/es-mx\/wp-json\/wp\/v2\/product\/5815","targetHints":{"allow":["GET"]}}],"collection":[{"href":"https:\/\/www.orbiscorporation.com\/es-mx\/wp-json\/wp\/v2\/product"}],"about":[{"href":"https:\/\/www.orbiscorporation.com\/es-mx\/wp-json\/wp\/v2\/types\/product"}],"wp:featuredmedia":[{"embeddable":true,"href":"https:\/\/www.orbiscorporation.com\/es-mx\/wp-json\/wp\/v2\/media\/5133"}],"wp:attachment":[{"href":"https:\/\/www.orbiscorporation.com\/es-mx\/wp-json\/wp\/v2\/media?parent=5815"}],"wp:term":[{"taxonomy":"product_brand","embeddable":true,"href":"https:\/\/www.orbiscorporation.com\/es-mx\/wp-json\/wp\/v2\/product_brand?post=5815"},{"taxonomy":"product_cat","embeddable":true,"href":"https:\/\/www.orbiscorporation.com\/es-mx\/wp-json\/wp\/v2\/product_cat?post=5815"},{"taxonomy":"product_tag","embeddable":true,"href":"https:\/\/www.orbiscorporation.com\/es-mx\/wp-json\/wp\/v2\/product_tag?post=5815"}],"curies":[{"name":"wp","href":"https:\/\/api.w.org\/{rel}","templated":true}]}}