{"id":5835,"date":"2022-11-21T12:28:39","date_gmt":"2022-11-21T18:28:39","guid":{"rendered":"https:\/\/orbiscorporstg.wpengine.com\/product\/nxo3215-7\/"},"modified":"2025-09-10T13:32:28","modified_gmt":"2025-09-10T19:32:28","slug":"nxo3215-7","status":"publish","type":"product","link":"https:\/\/www.orbiscorporation.com\/es-mx\/products\/hand-held-containers\/straight-wall\/nxo3215-7\/","title":{"rendered":"NXO3215-7"},"content":{"rendered":"<p>El NXO3215-7 ofrece una superficie texturizada para f\u00e1cil desprendimiento de etiquetas. El sistema de contenedor StakPak est\u00e1 dise\u00f1ado para aplicaciones justo a tiempo donde los mismos contenedores son usados para embarque, almacenamiento y trabajo en proceso. Los StakPak son compatibles con una amplia variedad de tarimas AIAG, tapas superiores y sistemas de cintur\u00f3n de seguridad. Las costillas externas de refuerzo agregan m\u00e1xima resistencia de estiba. Gu\u00eda continua moldeada para evitar que la suciedad y el polvo contaminen el producto. Los orificios de drenado en la gu\u00eda y las agarraderas aseguran una f\u00e1cil limpieza y drenado. Las paredes interiores rectas y lisas ofrecen m\u00e1ximo aprovechamiento de espacio c\u00fabico y f\u00e1cil interacci\u00f3n con el material interior.<\/p>\n<ul>\n<li>Medida 32 x 15 x 7<\/li>\n<li>Agarraderas para los dedos en los lados adyacentes<\/li>\n<\/ul>\n","protected":false},"excerpt":{"rendered":"<p>El NXO3215-7 ofrece una superficie texturizada para f\u00e1cil desprendimiento de etiquetas. El sistema de contenedor StakPak est\u00e1 dise\u00f1ado para aplicaciones justo a tiempo donde los mismos contenedores son usados para embarque, almacenamiento y trabajo en proceso. Los StakPak son compatibles con una amplia variedad de tarimas AIAG, tapas superiores y sistemas de cintur\u00f3n de seguridad. [&hellip;]<\/p>\n","protected":false},"featured_media":4806,"template":"","meta":{"_acf_changed":false},"product_brand":[],"product_cat":[1852,1865],"product_tag":[4151],"class_list":{"0":"post-5835","1":"product","2":"type-product","3":"status-publish","4":"has-post-thumbnail","6":"product_cat-hand-held-containers","7":"product_cat-straight-wall","8":"product_tag-32x15-es-mx-2","10":"first","11":"instock","12":"product-type-simple"},"acf":[],"gallery_images":[4814,4812,4810,4808],"_links":{"self":[{"href":"https:\/\/www.orbiscorporation.com\/es-mx\/wp-json\/wp\/v2\/product\/5835","targetHints":{"allow":["GET"]}}],"collection":[{"href":"https:\/\/www.orbiscorporation.com\/es-mx\/wp-json\/wp\/v2\/product"}],"about":[{"href":"https:\/\/www.orbiscorporation.com\/es-mx\/wp-json\/wp\/v2\/types\/product"}],"wp:featuredmedia":[{"embeddable":true,"href":"https:\/\/www.orbiscorporation.com\/es-mx\/wp-json\/wp\/v2\/media\/4806"}],"wp:attachment":[{"href":"https:\/\/www.orbiscorporation.com\/es-mx\/wp-json\/wp\/v2\/media?parent=5835"}],"wp:term":[{"taxonomy":"product_brand","embeddable":true,"href":"https:\/\/www.orbiscorporation.com\/es-mx\/wp-json\/wp\/v2\/product_brand?post=5835"},{"taxonomy":"product_cat","embeddable":true,"href":"https:\/\/www.orbiscorporation.com\/es-mx\/wp-json\/wp\/v2\/product_cat?post=5835"},{"taxonomy":"product_tag","embeddable":true,"href":"https:\/\/www.orbiscorporation.com\/es-mx\/wp-json\/wp\/v2\/product_tag?post=5835"}],"curies":[{"name":"wp","href":"https:\/\/api.w.org\/{rel}","templated":true}]}}