{"id":5845,"date":"2022-11-21T12:28:47","date_gmt":"2022-11-21T18:28:47","guid":{"rendered":"https:\/\/orbiscorporstg.wpengine.com\/product\/so2411-9\/"},"modified":"2025-09-10T13:10:32","modified_gmt":"2025-09-10T19:10:32","slug":"so2411-9","status":"publish","type":"product","link":"https:\/\/www.orbiscorporation.com\/es-mx\/products\/hand-held-containers\/straight-wall\/so2411-9\/","title":{"rendered":"SO2411-9"},"content":{"rendered":"<p>El sistema StakPak ofrece m\u00e1s de 20 contenedores modulares de pared recta con avanzadas caracter\u00edsticas para optimizar su sistema de empaque retornable. ElSO2411-9 est\u00e1 dise\u00f1ado para aplicaciones justo a tiempo donde los mismos contenedores son usados para embarque, almacenamiento y trabajo en proceso. Los StakPak son compatibles con una amplia variedad de tarimas AIAG, tapas superiores y sistemas de cintur\u00f3n de seguridad. Las costillas externas de refuerzo agregan m\u00e1xima resistencia de estiba. Gu\u00eda continua moldeada para evitar que la suciedad y el polvo contaminen el producto. Los orificios de drenado en la gu\u00eda y las agarraderas aseguran una f\u00e1cil limpieza y drenado. Las paredes interiores rectas y lisas ofrecen m\u00e1ximo aprovechamiento de espacio c\u00fabico y f\u00e1cil interacci\u00f3n con el material interior.<\/p>\n<ul>\n<li>Medida 24 x 11 x 9<\/li>\n<li>Agarraderas para los dedos en los lados adyacentes<\/li>\n<\/ul>\n","protected":false},"excerpt":{"rendered":"<p>El sistema StakPak ofrece m\u00e1s de 20 contenedores modulares de pared recta con avanzadas caracter\u00edsticas para optimizar su sistema de empaque retornable. ElSO2411-9 est\u00e1 dise\u00f1ado para aplicaciones justo a tiempo donde los mismos contenedores son usados para embarque, almacenamiento y trabajo en proceso. Los StakPak son compatibles con una amplia variedad de tarimas AIAG, tapas [&hellip;]<\/p>\n","protected":false},"featured_media":5528,"template":"","meta":{"_acf_changed":false},"product_brand":[],"product_cat":[1852,1865],"product_tag":[4128,1814],"class_list":{"0":"post-5845","1":"product","2":"type-product","3":"status-publish","4":"has-post-thumbnail","6":"product_cat-hand-held-containers","7":"product_cat-straight-wall","8":"product_tag-24x11-es-mx-2","9":"product_tag-automotriz","11":"first","12":"instock","13":"product-type-simple"},"acf":[],"gallery_images":[5534,5532,5530],"_links":{"self":[{"href":"https:\/\/www.orbiscorporation.com\/es-mx\/wp-json\/wp\/v2\/product\/5845","targetHints":{"allow":["GET"]}}],"collection":[{"href":"https:\/\/www.orbiscorporation.com\/es-mx\/wp-json\/wp\/v2\/product"}],"about":[{"href":"https:\/\/www.orbiscorporation.com\/es-mx\/wp-json\/wp\/v2\/types\/product"}],"wp:featuredmedia":[{"embeddable":true,"href":"https:\/\/www.orbiscorporation.com\/es-mx\/wp-json\/wp\/v2\/media\/5528"}],"wp:attachment":[{"href":"https:\/\/www.orbiscorporation.com\/es-mx\/wp-json\/wp\/v2\/media?parent=5845"}],"wp:term":[{"taxonomy":"product_brand","embeddable":true,"href":"https:\/\/www.orbiscorporation.com\/es-mx\/wp-json\/wp\/v2\/product_brand?post=5845"},{"taxonomy":"product_cat","embeddable":true,"href":"https:\/\/www.orbiscorporation.com\/es-mx\/wp-json\/wp\/v2\/product_cat?post=5845"},{"taxonomy":"product_tag","embeddable":true,"href":"https:\/\/www.orbiscorporation.com\/es-mx\/wp-json\/wp\/v2\/product_tag?post=5845"}],"curies":[{"name":"wp","href":"https:\/\/api.w.org\/{rel}","templated":true}]}}