{"id":5849,"date":"2022-11-21T12:28:47","date_gmt":"2022-11-21T18:28:47","guid":{"rendered":"https:\/\/orbiscorporstg.wpengine.com\/product\/plus2415-18\/"},"modified":"2023-05-01T09:23:01","modified_gmt":"2023-05-01T15:23:01","slug":"plus2415-18","status":"publish","type":"product","link":"https:\/\/www.orbiscorporation.com\/es-mx\/products\/hand-held-containers\/straight-wall\/plus2415-18\/","title":{"rendered":"PLUS2415-18"},"content":{"rendered":"<p>El PLUS2415-18 proporciona una soluci\u00f3n personalizable para piezas de formas \u00fanicas. Los StakPaks de ORBIS se han utilizado en aplicaciones industriales y automotrices durante m\u00e1s de 20 a\u00f1os. El dise\u00f1o StakPak Plus combina los contenedores StakPak tradicionales con varias configuraciones de cuello para aumentar la altura de las piezas con formas \u00fanicas. El StakPak Plus toma todos los mejores atributos del StakPak est\u00e1ndar, incluida la reutilizaci\u00f3n y ahorro de costos, y los combina con collares para aumentar la capacidad del contenedor. Con nervaduras verticales en las esquinas de los cuellos, los contenedores StakPak Plus est\u00e1n construidos para brindar resistencia y durabilidad.<\/p>\n<ul>\n<li>Utiliza contenedores est\u00e1ndar<\/li>\n<li>Resistencia y durabilidad del cuello con estructura de costilla de esquina vertical<\/li>\n<li>Paredes interiores lisas, ideales para la integraci\u00f3n de estiba<\/li>\n<li>Soluci\u00f3n m\u00e1s liviana que los contenedores personalizados alternativos<\/li>\n<li>Cubicaje de tarimas de pl\u00e1stico est\u00e1ndar de 45 x 48<\/li>\n<li>100 % reciclable al final de su vida \u00fatil<\/li>\n<\/ul>\n","protected":false},"excerpt":{"rendered":"<p>El PLUS2415-18 proporciona una soluci\u00f3n personalizable para piezas de formas \u00fanicas. Los StakPaks de ORBIS se han utilizado en aplicaciones industriales y automotrices durante m\u00e1s de 20 a\u00f1os. El dise\u00f1o StakPak Plus combina los contenedores StakPak tradicionales con varias configuraciones de cuello para aumentar la altura de las piezas con formas \u00fanicas. El StakPak Plus [&hellip;]<\/p>\n","protected":false},"featured_media":9657,"template":"","meta":{"_acf_changed":false},"product_brand":[],"product_cat":[1852,1865],"product_tag":[4129],"class_list":{"0":"post-5849","1":"product","2":"type-product","3":"status-publish","4":"has-post-thumbnail","6":"product_cat-hand-held-containers","7":"product_cat-straight-wall","8":"product_tag-24x15-es-mx-2","10":"first","11":"instock","12":"product-type-simple"},"acf":[],"gallery_images":[11924,9665,9663,9661,9659],"_links":{"self":[{"href":"https:\/\/www.orbiscorporation.com\/es-mx\/wp-json\/wp\/v2\/product\/5849","targetHints":{"allow":["GET"]}}],"collection":[{"href":"https:\/\/www.orbiscorporation.com\/es-mx\/wp-json\/wp\/v2\/product"}],"about":[{"href":"https:\/\/www.orbiscorporation.com\/es-mx\/wp-json\/wp\/v2\/types\/product"}],"wp:featuredmedia":[{"embeddable":true,"href":"https:\/\/www.orbiscorporation.com\/es-mx\/wp-json\/wp\/v2\/media\/9657"}],"wp:attachment":[{"href":"https:\/\/www.orbiscorporation.com\/es-mx\/wp-json\/wp\/v2\/media?parent=5849"}],"wp:term":[{"taxonomy":"product_brand","embeddable":true,"href":"https:\/\/www.orbiscorporation.com\/es-mx\/wp-json\/wp\/v2\/product_brand?post=5849"},{"taxonomy":"product_cat","embeddable":true,"href":"https:\/\/www.orbiscorporation.com\/es-mx\/wp-json\/wp\/v2\/product_cat?post=5849"},{"taxonomy":"product_tag","embeddable":true,"href":"https:\/\/www.orbiscorporation.com\/es-mx\/wp-json\/wp\/v2\/product_tag?post=5849"}],"curies":[{"name":"wp","href":"https:\/\/api.w.org\/{rel}","templated":true}]}}