{"id":5863,"date":"2022-11-21T12:50:49","date_gmt":"2022-11-21T18:50:49","guid":{"rendered":"https:\/\/orbiscorporstg.wpengine.com\/product\/ml6040-325\/"},"modified":"2025-04-28T10:05:26","modified_gmt":"2025-04-28T16:05:26","slug":"ml6040-325","status":"publish","type":"product","link":"https:\/\/www.orbiscorporation.com\/es-mx\/products\/hand-held-containers\/sistemas-de-almacenamiento-automatizados\/ml6040-325\/","title":{"rendered":"ML6040-325"},"content":{"rendered":"<p>Con m\u00faltiples opciones de compartimentos, el contenedor AROS\u00ae ML6040-325 optimiza las operaciones de recolecci\u00f3n y almacenamiento al tiempo que ofrece una excelente protecci\u00f3n del producto. El contenedor ORBIS ML6040-325 totalmente de pl\u00e1stico y completamente reutilizable fue dise\u00f1ado espec\u00edficamente para interactuar con muchos tipos de sistemas automatizados, de minicarga y de transporte que se encuentran en los almacenes de \u00faltima generaci\u00f3n de la actualidad. Ofrece un sistema divisor de doble cara que bloquea los divisores en su lugar en la parte superior e inferior del contenedor, para eliminar el movimiento del divisor y evitar el desplazamiento del producto. Los divisores est\u00e1n dise\u00f1ados para encajar perfectamente en el fondo del contenedor de rejilla o h\u00edbrido y pueden crear hasta ocho celdas diferentes para diferentes tama\u00f1os de piezas o lotes.<\/p>\n<p>El ML6040-325 tambi\u00e9n est\u00e1 dise\u00f1ado para aceptar una c\u00e1psula opcional, lo que ofrece una mayor versatilidad de recolecci\u00f3n. Esto le permite al trabajador reabastecer el contenedor simplemente reemplazando una c\u00e1psula vac\u00eda por una llena, sin tener que sacar partes individuales de la celda. Cada contenedor tiene capacidad para 4 a 8 c\u00e1psulas moldeadas que encajan de forma segura en la parte inferior de la rejilla. Esto permite una recolecci\u00f3n y reposici\u00f3n eficiente del producto.<\/p>\n<p>Los contenedores ORBIS est\u00e1n moldeados con precisi\u00f3n para interactuar perfectamente con la automatizaci\u00f3n y reducir el tiempo de inactividad relacionado con un dise\u00f1o de empaque inconsistente. El ML6040-325 est\u00e1 disponible con fondo liso, si no se requieren compartimientos.<\/p>\n<ul>\n<li>Volumen interno amplio para contener m\u00e1s producto<\/li>\n<li>Sistema divisorio de f\u00e1cil configuraci\u00f3n<\/li>\n<li>Manejo c\u00f3modo con asas contorneadas<\/li>\n<li>La parte inferior reforzada minimiza la deflexi\u00f3n<\/li>\n<li>Recogida vers\u00e1til con sistema de copa extra\u00edble opcional<\/li>\n<li>Agarraderas ergon\u00f3micas en los cuatro lados, as\u00ed como en la parte inferior del contenedor para un f\u00e1cil manejo<\/li>\n<li>F\u00e1cil de limpiar, con 16 orificios de drenaje en la pared y 12 orificios de drenaje en la parte inferior<\/li>\n<li>Totalmente reciclable al final de su vida \u00fatil<\/li>\n<\/ul>\n","protected":false},"excerpt":{"rendered":"<p>Con m\u00faltiples opciones de compartimentos, el contenedor AROS\u00ae ML6040-325 optimiza las operaciones de recolecci\u00f3n y almacenamiento al tiempo que ofrece una excelente protecci\u00f3n del producto. El contenedor ORBIS ML6040-325 totalmente de pl\u00e1stico y completamente reutilizable fue dise\u00f1ado espec\u00edficamente para interactuar con muchos tipos de sistemas automatizados, de minicarga y de transporte que se encuentran en [&hellip;]<\/p>\n","protected":false},"featured_media":8670,"template":"","meta":{"_acf_changed":false},"product_brand":[],"product_cat":[1852,1854],"product_tag":[4175],"class_list":{"0":"post-5863","1":"product","2":"type-product","3":"status-publish","4":"has-post-thumbnail","6":"product_cat-hand-held-containers","7":"product_cat-sistemas-de-almacenamiento-automatizados","8":"product_tag-600x400-es-mx-2","10":"first","11":"instock","12":"product-type-simple"},"acf":[],"gallery_images":[11930,8676,8674,8672,8668],"_links":{"self":[{"href":"https:\/\/www.orbiscorporation.com\/es-mx\/wp-json\/wp\/v2\/product\/5863","targetHints":{"allow":["GET"]}}],"collection":[{"href":"https:\/\/www.orbiscorporation.com\/es-mx\/wp-json\/wp\/v2\/product"}],"about":[{"href":"https:\/\/www.orbiscorporation.com\/es-mx\/wp-json\/wp\/v2\/types\/product"}],"wp:featuredmedia":[{"embeddable":true,"href":"https:\/\/www.orbiscorporation.com\/es-mx\/wp-json\/wp\/v2\/media\/8670"}],"wp:attachment":[{"href":"https:\/\/www.orbiscorporation.com\/es-mx\/wp-json\/wp\/v2\/media?parent=5863"}],"wp:term":[{"taxonomy":"product_brand","embeddable":true,"href":"https:\/\/www.orbiscorporation.com\/es-mx\/wp-json\/wp\/v2\/product_brand?post=5863"},{"taxonomy":"product_cat","embeddable":true,"href":"https:\/\/www.orbiscorporation.com\/es-mx\/wp-json\/wp\/v2\/product_cat?post=5863"},{"taxonomy":"product_tag","embeddable":true,"href":"https:\/\/www.orbiscorporation.com\/es-mx\/wp-json\/wp\/v2\/product_tag?post=5863"}],"curies":[{"name":"wp","href":"https:\/\/api.w.org\/{rel}","templated":true}]}}