{"id":5870,"date":"2022-11-21T13:16:36","date_gmt":"2022-11-21T19:16:36","guid":{"rendered":"https:\/\/orbiscorporstg.wpengine.com\/product\/fp06\/"},"modified":"2025-09-05T13:33:28","modified_gmt":"2025-09-05T19:33:28","slug":"fp06","status":"publish","type":"product","link":"https:\/\/www.orbiscorporation.com\/es-mx\/products\/hand-held-containers\/contenedores-flipak\/fp06\/","title":{"rendered":"FP06"},"content":{"rendered":"<p>El FP06 impulsa la eficiencia en todo tipo de aplicaciones de distribuci\u00f3n. Estas cajas de pl\u00e1stico retornables se estiban cuando est\u00e1n cerradas y se anidan cuando est\u00e1n abiertas para ahorro de espacio de almacenamiento y retorno. Con tapas abisagradas y con bloqueo que previenen costosas p\u00e9rdidas de producto, estos contenedores de tapa adherida son la soluci\u00f3n ideal para recolecci\u00f3n y embarque repartido de cajas. La construcci\u00f3n duradera y dise\u00f1o superior de estos contenedores retornables asegura una larga vida \u00fatil,proporcionando un excelente retorno sobre la inversi\u00f3n y bajos costos de distribuci\u00f3n en comparaci\u00f3n con las cajas de cart\u00f3n corrugado. Agarraderas contorneadas para f\u00e1cil manejo y consistencia dimensional para un rendimiento repetitivo en los sistemas automatizados. Este FliPak es totalmente reciclable al final de su vida \u00fatil.<\/p>\n<ul>\n<li>Medida 11 x 15 x 9<\/li>\n<li>Usados para la distribuci\u00f3n de art\u00edculos de cuidado de la salud y cosm\u00e9ticos, farmacia, abarrotes, mercanc\u00eda de uso peri\u00f3dico y general<\/li>\n<li>Fondo texturizado<\/li>\n<li>Elija estilos de fondo s\u00f3lido, con orificio de drenado o rejilla de refuerzo<\/li>\n<li>Moldeado por inyecci\u00f3n<\/li>\n<li>\u00c1rea de etiqueta de desprendimiento r\u00e1pido en la tapa adherida y extremos de la caja para facilitar la lectura y r\u00e1pido intercambio de etiquetas<\/li>\n<li>Combine cargas de cajas de tama\u00f1o mediano para eficiencia en la distribuci\u00f3n (p. ej. FP06 o FP07s)<\/li>\n<li>Orificios moldeados reforzados de di\u00e1metro de 1\/4&#8243; o 3\/8&#8243; para amarres de seguridad est\u00e1ndar<\/li>\n<\/ul>\n","protected":false},"excerpt":{"rendered":"<p>El FP06 impulsa la eficiencia en todo tipo de aplicaciones de distribuci\u00f3n. Estas cajas de pl\u00e1stico retornables se estiban cuando est\u00e1n cerradas y se anidan cuando est\u00e1n abiertas para ahorro de espacio de almacenamiento y retorno. Con tapas abisagradas y con bloqueo que previenen costosas p\u00e9rdidas de producto, estos contenedores de tapa adherida son la [&hellip;]<\/p>\n","protected":false},"featured_media":3328,"template":"","meta":{"_acf_changed":false},"product_brand":[],"product_cat":[1852,1861],"product_tag":[4228],"class_list":{"0":"post-5870","1":"product","2":"type-product","3":"status-publish","4":"has-post-thumbnail","6":"product_cat-hand-held-containers","7":"product_cat-contenedores-flipak","8":"product_tag-15x11-es-mx","10":"first","11":"instock","12":"product-type-simple"},"acf":[],"gallery_images":[3336,3334,3332,3330],"_links":{"self":[{"href":"https:\/\/www.orbiscorporation.com\/es-mx\/wp-json\/wp\/v2\/product\/5870","targetHints":{"allow":["GET"]}}],"collection":[{"href":"https:\/\/www.orbiscorporation.com\/es-mx\/wp-json\/wp\/v2\/product"}],"about":[{"href":"https:\/\/www.orbiscorporation.com\/es-mx\/wp-json\/wp\/v2\/types\/product"}],"wp:featuredmedia":[{"embeddable":true,"href":"https:\/\/www.orbiscorporation.com\/es-mx\/wp-json\/wp\/v2\/media\/3328"}],"wp:attachment":[{"href":"https:\/\/www.orbiscorporation.com\/es-mx\/wp-json\/wp\/v2\/media?parent=5870"}],"wp:term":[{"taxonomy":"product_brand","embeddable":true,"href":"https:\/\/www.orbiscorporation.com\/es-mx\/wp-json\/wp\/v2\/product_brand?post=5870"},{"taxonomy":"product_cat","embeddable":true,"href":"https:\/\/www.orbiscorporation.com\/es-mx\/wp-json\/wp\/v2\/product_cat?post=5870"},{"taxonomy":"product_tag","embeddable":true,"href":"https:\/\/www.orbiscorporation.com\/es-mx\/wp-json\/wp\/v2\/product_tag?post=5870"}],"curies":[{"name":"wp","href":"https:\/\/api.w.org\/{rel}","templated":true}]}}