{"id":5876,"date":"2022-11-21T13:16:36","date_gmt":"2022-11-21T19:16:36","guid":{"rendered":"https:\/\/orbiscorporstg.wpengine.com\/product\/fp143\/"},"modified":"2025-09-05T13:56:40","modified_gmt":"2025-09-05T19:56:40","slug":"fp143","status":"publish","type":"product","link":"https:\/\/www.orbiscorporation.com\/es-mx\/products\/hand-held-containers\/contenedores-flipak\/fp143\/","title":{"rendered":"FP143"},"content":{"rendered":"<p>El FP143 impulsa la eficiencia en todo tipo de aplicaciones de distribuci\u00f3n. Estas cajas de pl\u00e1stico retornables se estiban cuando est\u00e1n cerradas y se anidan cuando est\u00e1n abiertas para ahorro de espacio de almacenamiento y retorno. Con tapas abisagradas y con bloqueo que previenen costosas p\u00e9rdidas de producto, estos contenedores de tapa adherida son la soluci\u00f3n ideal para recolecci\u00f3n y embarque repartido de cajas. La construcci\u00f3n duradera y dise\u00f1o superior de estos contenedores retornables asegura una larga vida \u00fatil,proporcionando un excelente retorno sobre la inversi\u00f3n y bajos costos de distribuci\u00f3n en comparaci\u00f3n con las cajas de cart\u00f3n corrugado. Agarraderas contorneadas para f\u00e1cil manejo y consistencia dimensional para un rendimiento repetitivo en los sistemas automatizados. Este FliPak es totalmente reciclable al final de su vida \u00fatil.<\/p>\n<ul>\n<li>Medida 21 x 15 x 9<\/li>\n<li>Elija estilos de fondo s\u00f3lido, con orificio de drenado o rejilla de refuerzo<\/li>\n<li>Moldeo por inyecci\u00f3n<\/li>\n<li>Reduce los costos de transporte con alto \u00edndice de eficiencia de anidado, para enviar m\u00e1s contenedores vac\u00edos en una caja de remolque est\u00e1ndar de 53<\/li>\n<li>Ofrece un sistema eficiente con NUEVA pesta\u00f1a en la tapa que encaja f\u00e1cilmente en su lugar para mantener la tapa cerrada en las bandas transportadoras<\/li>\n<li>El FP143 mejora el manejo de carga con capacidad para flejarse a lo largo o ancho del contenedor<\/li>\n<li>Reduce costos de mano de obra al eliminar el desorden y trabajo asociado con el armado o desecho de cajas de cart\u00f3n corrugado de embarque<\/li>\n<li>Fondo texturizado<\/li>\n<\/ul>\n","protected":false},"excerpt":{"rendered":"<p>El FP143 impulsa la eficiencia en todo tipo de aplicaciones de distribuci\u00f3n. Estas cajas de pl\u00e1stico retornables se estiban cuando est\u00e1n cerradas y se anidan cuando est\u00e1n abiertas para ahorro de espacio de almacenamiento y retorno. Con tapas abisagradas y con bloqueo que previenen costosas p\u00e9rdidas de producto, estos contenedores de tapa adherida son la [&hellip;]<\/p>\n","protected":false},"featured_media":3398,"template":"","meta":{"_acf_changed":false},"product_brand":[],"product_cat":[1852,1861],"product_tag":[4079],"class_list":{"0":"post-5876","1":"product","2":"type-product","3":"status-publish","4":"has-post-thumbnail","6":"product_cat-hand-held-containers","7":"product_cat-contenedores-flipak","8":"product_tag-21x15-es-mx","10":"first","11":"instock","12":"product-type-simple"},"acf":[],"gallery_images":[3406,3404,3402,3400],"_links":{"self":[{"href":"https:\/\/www.orbiscorporation.com\/es-mx\/wp-json\/wp\/v2\/product\/5876","targetHints":{"allow":["GET"]}}],"collection":[{"href":"https:\/\/www.orbiscorporation.com\/es-mx\/wp-json\/wp\/v2\/product"}],"about":[{"href":"https:\/\/www.orbiscorporation.com\/es-mx\/wp-json\/wp\/v2\/types\/product"}],"wp:featuredmedia":[{"embeddable":true,"href":"https:\/\/www.orbiscorporation.com\/es-mx\/wp-json\/wp\/v2\/media\/3398"}],"wp:attachment":[{"href":"https:\/\/www.orbiscorporation.com\/es-mx\/wp-json\/wp\/v2\/media?parent=5876"}],"wp:term":[{"taxonomy":"product_brand","embeddable":true,"href":"https:\/\/www.orbiscorporation.com\/es-mx\/wp-json\/wp\/v2\/product_brand?post=5876"},{"taxonomy":"product_cat","embeddable":true,"href":"https:\/\/www.orbiscorporation.com\/es-mx\/wp-json\/wp\/v2\/product_cat?post=5876"},{"taxonomy":"product_tag","embeddable":true,"href":"https:\/\/www.orbiscorporation.com\/es-mx\/wp-json\/wp\/v2\/product_tag?post=5876"}],"curies":[{"name":"wp","href":"https:\/\/api.w.org\/{rel}","templated":true}]}}