{"id":5878,"date":"2022-11-21T13:16:36","date_gmt":"2022-11-21T19:16:36","guid":{"rendered":"https:\/\/orbiscorporstg.wpengine.com\/product\/fp171\/"},"modified":"2023-05-02T10:21:03","modified_gmt":"2023-05-02T16:21:03","slug":"fp171","status":"publish","type":"product","link":"https:\/\/www.orbiscorporation.com\/es-mx\/products\/hand-held-containers\/contenedores-flipak\/fp171\/","title":{"rendered":"FP171"},"content":{"rendered":"<table width=\"998\">\n<tbody>\n<tr>\n<td width=\"998\">El FP171 impulsa la eficiencia en todo tipo de aplicaciones de distribuci\u00f3n. Estas cajas de pl\u00e1stico retornables se estiban cuando est\u00e1n cerradas y se anidan cuando est\u00e1n abiertas para ahorro de espacio de almacenamiento y retorno. Con tapas abisagradas y con bloqueo que previenen costosas p\u00e9rdidas de producto, estos contenedores de tapa adherida son la soluci\u00f3n ideal para recolecci\u00f3n y embarque repartido de cajas. La construcci\u00f3n duradera y dise\u00f1o superior de estos contenedores retornables asegura una larga vida \u00fatil,proporcionando un excelente retorno sobre la inversi\u00f3n y bajos costos de distribuci\u00f3n en comparaci\u00f3n con las cajas de cart\u00f3n corrugado. Agarraderas contorneadas para f\u00e1cil manejo y consistencia dimensional para un rendimiento repetitivo en los sistemas automatizados. Este FliPak es totalmente reciclable al final de su vida \u00fatil.<\/p>\n<ul>\n<li>Medida 21.8 x 14.9 x 12.1<\/li>\n<li>Fondo texturizado<\/li>\n<li>Elija estilos de fondo s\u00f3lido, con orificio de drenado o rejilla de refuerzo<\/li>\n<li>Moldeado por inyecci\u00f3n<\/li>\n<li>Optimiza los camiones de transporte externo con m\u00e1s contenedores estibados por caja de remolque de 53<\/li>\n<li>Espacio libre interior de producto para m\u00e1s producto por contenedor<\/li>\n<li>Con tope de anidado m\u00e1s corto y envergadura m\u00e1s angosta<\/li>\n<li>Se pueden estibar m\u00e1s contenedores vac\u00edos en una caja de remolque est\u00e1ndar de 53 para viajes internos<\/li>\n<\/ul>\n<\/td>\n<\/tr>\n<\/tbody>\n<\/table>\n","protected":false},"excerpt":{"rendered":"<p>El FP171 impulsa la eficiencia en todo tipo de aplicaciones de distribuci\u00f3n. Estas cajas de pl\u00e1stico retornables se estiban cuando est\u00e1n cerradas y se anidan cuando est\u00e1n abiertas para ahorro de espacio de almacenamiento y retorno. Con tapas abisagradas y con bloqueo que previenen costosas p\u00e9rdidas de producto, estos contenedores de tapa adherida son la [&hellip;]<\/p>\n","protected":false},"featured_media":3418,"template":"","meta":{"_acf_changed":false},"product_brand":[],"product_cat":[1852,1861],"product_tag":[4079],"class_list":{"0":"post-5878","1":"product","2":"type-product","3":"status-publish","4":"has-post-thumbnail","6":"product_cat-hand-held-containers","7":"product_cat-contenedores-flipak","8":"product_tag-21x15-es-mx","10":"first","11":"instock","12":"product-type-simple"},"acf":[],"gallery_images":[3426,3424,3422,3420],"_links":{"self":[{"href":"https:\/\/www.orbiscorporation.com\/es-mx\/wp-json\/wp\/v2\/product\/5878","targetHints":{"allow":["GET"]}}],"collection":[{"href":"https:\/\/www.orbiscorporation.com\/es-mx\/wp-json\/wp\/v2\/product"}],"about":[{"href":"https:\/\/www.orbiscorporation.com\/es-mx\/wp-json\/wp\/v2\/types\/product"}],"wp:featuredmedia":[{"embeddable":true,"href":"https:\/\/www.orbiscorporation.com\/es-mx\/wp-json\/wp\/v2\/media\/3418"}],"wp:attachment":[{"href":"https:\/\/www.orbiscorporation.com\/es-mx\/wp-json\/wp\/v2\/media?parent=5878"}],"wp:term":[{"taxonomy":"product_brand","embeddable":true,"href":"https:\/\/www.orbiscorporation.com\/es-mx\/wp-json\/wp\/v2\/product_brand?post=5878"},{"taxonomy":"product_cat","embeddable":true,"href":"https:\/\/www.orbiscorporation.com\/es-mx\/wp-json\/wp\/v2\/product_cat?post=5878"},{"taxonomy":"product_tag","embeddable":true,"href":"https:\/\/www.orbiscorporation.com\/es-mx\/wp-json\/wp\/v2\/product_tag?post=5878"}],"curies":[{"name":"wp","href":"https:\/\/api.w.org\/{rel}","templated":true}]}}