{"id":5918,"date":"2022-11-21T13:44:21","date_gmt":"2022-11-21T19:44:21","guid":{"rendered":"https:\/\/orbiscorporstg.wpengine.com\/product\/bp-316\/"},"modified":"2023-04-27T13:22:35","modified_gmt":"2023-04-27T19:22:35","slug":"bp-316","status":"publish","type":"product","link":"https:\/\/www.orbiscorporation.com\/es-mx\/products\/hand-held-containers\/bakery-trays\/bp-316\/","title":{"rendered":"BP 316"},"content":{"rendered":"<table width=\"998\">\n<tbody>\n<tr>\n<td width=\"998\">Las charolas retornables de pl\u00e1stico ORBIS est\u00e1n dise\u00f1adas para racks de panader\u00eda est\u00e1ndar. Estas charolas para panader\u00eda ofrecen una cubierta reforzada para reducir la deflexi\u00f3n. Su construcci\u00f3n duradera previene da\u00f1os al producto mientras los clientes eligen los productos horneados directamente desde los racks de exhibici\u00f3n en tienda. Estas charolas de pl\u00e1stico son totalmente reciclables al final de su vida \u00fatil. Sistemas de rastreo de activos disponible para reducir p\u00e9rdidas.<\/p>\n<ul>\n<li>Medida 26 x 22<\/li>\n<li>Charola para rack<\/li>\n<li>Eficiencia de comercializaci\u00f3n excepcional<\/li>\n<li>Se anida cuando est\u00e1 vac\u00eda para un retorno eficiente<\/li>\n<li>Esquinas cuadradas<\/li>\n<li>Disponible en materiales que complaciente con la FDA (especifique cuando solicite una cotizaci\u00f3n)<\/li>\n<li>Charolas cargados sobre tarimas o desde el piso<\/li>\n<\/ul>\n<\/td>\n<\/tr>\n<\/tbody>\n<\/table>\n","protected":false},"excerpt":{"rendered":"<p>Las charolas retornables de pl\u00e1stico ORBIS est\u00e1n dise\u00f1adas para racks de panader\u00eda est\u00e1ndar. Estas charolas para panader\u00eda ofrecen una cubierta reforzada para reducir la deflexi\u00f3n. Su construcci\u00f3n duradera previene da\u00f1os al producto mientras los clientes eligen los productos horneados directamente desde los racks de exhibici\u00f3n en tienda. Estas charolas de pl\u00e1stico son totalmente reciclables al [&hellip;]<\/p>\n","protected":false},"featured_media":8911,"template":"","meta":{"_acf_changed":false},"product_brand":[],"product_cat":[1856,1852],"product_tag":[4138,1815],"class_list":{"0":"post-5918","1":"product","2":"type-product","3":"status-publish","4":"has-post-thumbnail","6":"product_cat-bakery-trays","7":"product_cat-hand-held-containers","8":"product_tag-26x22-es-mx-2","9":"product_tag-panaderia","11":"first","12":"instock","13":"product-type-simple"},"acf":[],"gallery_images":[],"_links":{"self":[{"href":"https:\/\/www.orbiscorporation.com\/es-mx\/wp-json\/wp\/v2\/product\/5918","targetHints":{"allow":["GET"]}}],"collection":[{"href":"https:\/\/www.orbiscorporation.com\/es-mx\/wp-json\/wp\/v2\/product"}],"about":[{"href":"https:\/\/www.orbiscorporation.com\/es-mx\/wp-json\/wp\/v2\/types\/product"}],"wp:featuredmedia":[{"embeddable":true,"href":"https:\/\/www.orbiscorporation.com\/es-mx\/wp-json\/wp\/v2\/media\/8911"}],"wp:attachment":[{"href":"https:\/\/www.orbiscorporation.com\/es-mx\/wp-json\/wp\/v2\/media?parent=5918"}],"wp:term":[{"taxonomy":"product_brand","embeddable":true,"href":"https:\/\/www.orbiscorporation.com\/es-mx\/wp-json\/wp\/v2\/product_brand?post=5918"},{"taxonomy":"product_cat","embeddable":true,"href":"https:\/\/www.orbiscorporation.com\/es-mx\/wp-json\/wp\/v2\/product_cat?post=5918"},{"taxonomy":"product_tag","embeddable":true,"href":"https:\/\/www.orbiscorporation.com\/es-mx\/wp-json\/wp\/v2\/product_tag?post=5918"}],"curies":[{"name":"wp","href":"https:\/\/api.w.org\/{rel}","templated":true}]}}