{"id":5929,"date":"2022-11-21T14:07:45","date_gmt":"2022-11-21T20:07:45","guid":{"rendered":"https:\/\/orbiscorporstg.wpengine.com\/product\/af2416-6-npl-675\/"},"modified":"2023-04-26T09:36:00","modified_gmt":"2023-04-26T15:36:00","slug":"af2416-6-npl-675","status":"publish","type":"product","link":"https:\/\/www.orbiscorporation.com\/es-mx\/products\/hand-held-containers\/contenedores-agricolas\/af2416-6-npl-675\/","title":{"rendered":"AF2416-6 NPL 675"},"content":{"rendered":"<table width=\"894\">\n<tbody>\n<tr>\n<td width=\"894\">El manejo, procesamiento, almacenamiento, estiba y exhibici\u00f3n confiables son factores cr\u00edticos en los modernos sistemas de distribuci\u00f3n de alimentos de la actualidad. ORBIS ofrece un m\u00e9todo eficiente para proteger y transportar art\u00edculos agr\u00edcolas y de invernaderos con contenedores y bandejas retornables de uso manual de alta calidad, resistentes al impacto y duraderos. Los contenedores ORBIS f\u00e1ciles de limpiar y desinfectar son una mejora econ\u00f3mica en comparaci\u00f3n con las cajas de cart\u00f3n corrugado de un solo uso y adem\u00e1s son ideales para ambientes h\u00famedos. Estos contenedores son totalmente reciclables al final de su vida \u00fatil.<\/p>\n<ul>\n<li>Medida 24 x 16<\/li>\n<li>Se estiba firmemente con el brazo de asir enganchado<\/li>\n<li>Se anida para eficiencia de espacio cuando el brazo de asir est\u00e1 abierto<\/li>\n<li>Estiba 5 en tarimas est\u00e1ndar 40 x 48<\/li>\n<li>Dise\u00f1o de ventilaci\u00f3n para f\u00e1cil limpieza, control exacto de temperatura y m\u00ednimo tiempo de enfriamiento<\/li>\n<li>Superficies suaves para f\u00e1cil limpieza y protecci\u00f3n superior de producto<\/li>\n<li>Esquinas radiales para prevenir da\u00f1os del producto<\/li>\n<li>Se usa en cosecha en campo, manejo en la planta, estiba y procesamiento de frutas y legumbres<\/li>\n<li>Disponible en materiales aprobados por la FDA (especifique cuando solicite una cotizaci\u00f3n)<\/li>\n<\/ul>\n<\/td>\n<\/tr>\n<\/tbody>\n<\/table>\n","protected":false},"excerpt":{"rendered":"<p>El manejo, procesamiento, almacenamiento, estiba y exhibici\u00f3n confiables son factores cr\u00edticos en los modernos sistemas de distribuci\u00f3n de alimentos de la actualidad. ORBIS ofrece un m\u00e9todo eficiente para proteger y transportar art\u00edculos agr\u00edcolas y de invernaderos con contenedores y bandejas retornables de uso manual de alta calidad, resistentes al impacto y duraderos. Los contenedores ORBIS [&hellip;]<\/p>\n","protected":false},"featured_media":3092,"template":"","meta":{"_acf_changed":false},"product_brand":[],"product_cat":[1853,1852],"product_tag":[4130,1812],"class_list":{"0":"post-5929","1":"product","2":"type-product","3":"status-publish","4":"has-post-thumbnail","6":"product_cat-contenedores-agricolas","7":"product_cat-hand-held-containers","8":"product_tag-24x16-es-mx-2","9":"product_tag-agricultura","11":"first","12":"instock","13":"product-type-simple"},"acf":[],"gallery_images":[3100,3098,3096,3094],"_links":{"self":[{"href":"https:\/\/www.orbiscorporation.com\/es-mx\/wp-json\/wp\/v2\/product\/5929","targetHints":{"allow":["GET"]}}],"collection":[{"href":"https:\/\/www.orbiscorporation.com\/es-mx\/wp-json\/wp\/v2\/product"}],"about":[{"href":"https:\/\/www.orbiscorporation.com\/es-mx\/wp-json\/wp\/v2\/types\/product"}],"wp:featuredmedia":[{"embeddable":true,"href":"https:\/\/www.orbiscorporation.com\/es-mx\/wp-json\/wp\/v2\/media\/3092"}],"wp:attachment":[{"href":"https:\/\/www.orbiscorporation.com\/es-mx\/wp-json\/wp\/v2\/media?parent=5929"}],"wp:term":[{"taxonomy":"product_brand","embeddable":true,"href":"https:\/\/www.orbiscorporation.com\/es-mx\/wp-json\/wp\/v2\/product_brand?post=5929"},{"taxonomy":"product_cat","embeddable":true,"href":"https:\/\/www.orbiscorporation.com\/es-mx\/wp-json\/wp\/v2\/product_cat?post=5929"},{"taxonomy":"product_tag","embeddable":true,"href":"https:\/\/www.orbiscorporation.com\/es-mx\/wp-json\/wp\/v2\/product_tag?post=5929"}],"curies":[{"name":"wp","href":"https:\/\/api.w.org\/{rel}","templated":true}]}}