{"id":5936,"date":"2022-11-21T14:16:15","date_gmt":"2022-11-21T20:16:15","guid":{"rendered":"https:\/\/orbiscorporstg.wpengine.com\/product\/cr2420-7-2-h-npl-685-05\/"},"modified":"2026-03-11T10:52:43","modified_gmt":"2026-03-11T16:52:43","slug":"cr2420-7-2-h-npl-685-05","status":"publish","type":"product","link":"https:\/\/www.orbiscorporation.com\/es-mx\/products\/hand-held-containers\/lista-para-el-caso\/cr2420-7-2-h-npl-685-05\/","title":{"rendered":"CR2420-7 2-H NPL 685-05"},"content":{"rendered":"<p>ORBIS ofrece soluciones de empaque retornable para la entrega de carnes empacadas en charolas. Los Contenedores para carnes listas para exhibici\u00f3n ofrecen un dise\u00f1o bien ventilado para el enfriamiento, almacenamiento en congelador y distribuci\u00f3n de carnes, mariscos y l\u00ednea av\u00edcola eficiente en costos desde las plantas de procesamiento hasta las tiendas de abarrotes. Todos se estiban con asa de oscilaci\u00f3n f\u00e1cil y anidables cuando est\u00e1n vac\u00edos para reducir costos de transporte de retorno. Proteja las carnes frescas y productos av\u00edcolas con canastas de pl\u00e1stico ORBIS resistentes y f\u00e1ciles de desinfectar. Las canastas de m\u00faltiples alturas compatibles con la industria ahorran costos mediante un mejor aprovechamiento del espacio en la tarima, en el cami\u00f3n de transporte y en el refrigerador de almacenamiento. Son eficientes en costo especialmente en comparaci\u00f3n con las tradicionales canastas de pl\u00e1stico corrugado de una sola altura.<\/p>\n<ul>\n<li>Medida 24 x 20<\/li>\n<li>Asa met\u00e1lica de 2 posiciones<\/li>\n<li>Se estiba firmemente con el brazo de asir enganchado<\/li>\n<li>Se anida para eficiencia de espacio cuando el brazo de asir est\u00e1 abierto<\/li>\n<li>Encaja en estiba 4 en tarimas est\u00e1ndar de 40 x 48<\/li>\n<li>Peso de contenedor controlado, dentro de +\/- 1\/2%<\/li>\n<li>Ubicaciones espec\u00edficas de c\u00f3digo de barras y RFID<\/li>\n<li>Agarraderas abiertas para levantamiento y manejo seguro<\/li>\n<li>Soporta temperaturas desde -40&amp;deg; a 160&amp;deg; F<\/li>\n<li>\u00c1reas elevadas para etiquetas<\/li>\n<li>Superficies suaves para f\u00e1cil limpieza y desinfecci\u00f3n<\/li>\n<li>Disponible en materiales aprobados por la FDA (especifique cuando solicite una cotizaci\u00f3n)<\/li>\n<\/ul>\n","protected":false},"excerpt":{"rendered":"<p>ORBIS ofrece soluciones de empaque retornable para la entrega de carnes empacadas en charolas. Los Contenedores para carnes listas para exhibici\u00f3n ofrecen un dise\u00f1o bien ventilado para el enfriamiento, almacenamiento en congelador y distribuci\u00f3n de carnes, mariscos y l\u00ednea av\u00edcola eficiente en costos desde las plantas de procesamiento hasta las tiendas de abarrotes. Todos se [&hellip;]<\/p>\n","protected":false},"featured_media":4536,"template":"","meta":{"_acf_changed":false},"product_brand":[],"product_cat":[1852,1858],"product_tag":[4131,1820],"class_list":{"0":"post-5936","1":"product","2":"type-product","3":"status-publish","4":"has-post-thumbnail","6":"product_cat-hand-held-containers","7":"product_cat-lista-para-el-caso","8":"product_tag-24x20-es-mx-2","9":"product_tag-carne-y-avicolas","11":"first","12":"instock","13":"product-type-simple"},"acf":[],"gallery_images":[],"_links":{"self":[{"href":"https:\/\/www.orbiscorporation.com\/es-mx\/wp-json\/wp\/v2\/product\/5936","targetHints":{"allow":["GET"]}}],"collection":[{"href":"https:\/\/www.orbiscorporation.com\/es-mx\/wp-json\/wp\/v2\/product"}],"about":[{"href":"https:\/\/www.orbiscorporation.com\/es-mx\/wp-json\/wp\/v2\/types\/product"}],"wp:featuredmedia":[{"embeddable":true,"href":"https:\/\/www.orbiscorporation.com\/es-mx\/wp-json\/wp\/v2\/media\/4536"}],"wp:attachment":[{"href":"https:\/\/www.orbiscorporation.com\/es-mx\/wp-json\/wp\/v2\/media?parent=5936"}],"wp:term":[{"taxonomy":"product_brand","embeddable":true,"href":"https:\/\/www.orbiscorporation.com\/es-mx\/wp-json\/wp\/v2\/product_brand?post=5936"},{"taxonomy":"product_cat","embeddable":true,"href":"https:\/\/www.orbiscorporation.com\/es-mx\/wp-json\/wp\/v2\/product_cat?post=5936"},{"taxonomy":"product_tag","embeddable":true,"href":"https:\/\/www.orbiscorporation.com\/es-mx\/wp-json\/wp\/v2\/product_tag?post=5936"}],"curies":[{"name":"wp","href":"https:\/\/api.w.org\/{rel}","templated":true}]}}