{"id":5940,"date":"2022-11-21T14:32:14","date_gmt":"2022-11-21T20:32:14","guid":{"rendered":"https:\/\/orbiscorporstg.wpengine.com\/product\/no2416-11-h-npl-748\/"},"modified":"2023-01-23T13:40:04","modified_gmt":"2023-01-23T19:40:04","slug":"no2416-11-h-npl-748","status":"publish","type":"product","link":"https:\/\/www.orbiscorporation.com\/es-mx\/products\/hand-held-containers\/contenedores-de-aves-de-corral\/no2416-11-h-npl-748\/","title":{"rendered":"NO2416-11 H NPL 748"},"content":{"rendered":"<table width=\"998\">\n<tbody>\n<tr>\n<td width=\"998\">El duradero contenedor anidable ORBIS ha sido el est\u00e1ndar para las l\u00edneas av\u00edcola, carnes y mariscos durante muchos a\u00f1os. Desde el trabajo en proceso manejando la l\u00ednea av\u00edcola fresca hasta enfriamiento, congelamiento r\u00e1pido y distribuci\u00f3n, ORBIS ofrece soluciones de empaque retornable. Estos duraderos contenedores ofrecen larga vida de servicio para l\u00ednea av\u00edcola, carnes y mariscos desde la planta de procesamiento, a la distribuci\u00f3n y a la exhibici\u00f3n al menudeo. Los contenedores ORBIS f\u00e1ciles de limpiar y desinfectar son una mejora econ\u00f3mica en comparaci\u00f3n con las cajas de cart\u00f3n corrugado de un solo uso y adem\u00e1s son ideales para ambientes h\u00famedos. Estos contenedores son totalmente reciclables al final de su vida \u00fatil.<\/p>\n<ul>\n<li>Medida 24 x 16<\/li>\n<li>Se estiba con tapa desprendible opcional y se anida cuando est\u00e1 vac\u00edo<\/li>\n<li>Dise\u00f1ado para aplicaciones de uso rudo (70 lbs)<\/li>\n<li>Interior liso para f\u00e1cil limpieza<\/li>\n<li>Agarraderas de cavidad profunda para usarse con guantes<\/li>\n<li>Soporta temperaturas desde -20&amp;deg; a 120&amp;deg; F para usarse en remolques refrigerados, congeladores y c\u00e1maras frigor\u00edficas<\/li>\n<li>La tapa de encaje herm\u00e9tico opcional protege el producto durante el procesamiento y distribuci\u00f3n<\/li>\n<li>Orificios de drenado opcionales para controlar la humedad<\/li>\n<li>Disponible en materiales que complaciente con la FDA (especifique al solicitar una cotizaci\u00f3n)<\/li>\n<\/ul>\n<\/td>\n<\/tr>\n<\/tbody>\n<\/table>\n","protected":false},"excerpt":{"rendered":"<p>El duradero contenedor anidable ORBIS ha sido el est\u00e1ndar para las l\u00edneas av\u00edcola, carnes y mariscos durante muchos a\u00f1os. Desde el trabajo en proceso manejando la l\u00ednea av\u00edcola fresca hasta enfriamiento, congelamiento r\u00e1pido y distribuci\u00f3n, ORBIS ofrece soluciones de empaque retornable. Estos duraderos contenedores ofrecen larga vida de servicio para l\u00ednea av\u00edcola, carnes y mariscos [&hellip;]<\/p>\n","protected":false},"featured_media":4300,"template":"","meta":{"_acf_changed":false},"product_brand":[],"product_cat":[1863,1852],"product_tag":[4130,1820],"class_list":{"0":"post-5940","1":"product","2":"type-product","3":"status-publish","4":"has-post-thumbnail","6":"product_cat-contenedores-de-aves-de-corral","7":"product_cat-hand-held-containers","8":"product_tag-24x16-es-mx-2","9":"product_tag-carne-y-avicolas","11":"first","12":"instock","13":"product-type-simple"},"acf":[],"gallery_images":[4308,4306,4304,4302],"_links":{"self":[{"href":"https:\/\/www.orbiscorporation.com\/es-mx\/wp-json\/wp\/v2\/product\/5940","targetHints":{"allow":["GET"]}}],"collection":[{"href":"https:\/\/www.orbiscorporation.com\/es-mx\/wp-json\/wp\/v2\/product"}],"about":[{"href":"https:\/\/www.orbiscorporation.com\/es-mx\/wp-json\/wp\/v2\/types\/product"}],"wp:featuredmedia":[{"embeddable":true,"href":"https:\/\/www.orbiscorporation.com\/es-mx\/wp-json\/wp\/v2\/media\/4300"}],"wp:attachment":[{"href":"https:\/\/www.orbiscorporation.com\/es-mx\/wp-json\/wp\/v2\/media?parent=5940"}],"wp:term":[{"taxonomy":"product_brand","embeddable":true,"href":"https:\/\/www.orbiscorporation.com\/es-mx\/wp-json\/wp\/v2\/product_brand?post=5940"},{"taxonomy":"product_cat","embeddable":true,"href":"https:\/\/www.orbiscorporation.com\/es-mx\/wp-json\/wp\/v2\/product_cat?post=5940"},{"taxonomy":"product_tag","embeddable":true,"href":"https:\/\/www.orbiscorporation.com\/es-mx\/wp-json\/wp\/v2\/product_tag?post=5940"}],"curies":[{"name":"wp","href":"https:\/\/api.w.org\/{rel}","templated":true}]}}