{"id":5987,"date":"2022-11-22T09:53:00","date_gmt":"2022-11-22T15:53:00","guid":{"rendered":"https:\/\/orbiscorporstg.wpengine.com\/product\/hdrs3230-18\/"},"modified":"2024-08-21T09:18:22","modified_gmt":"2024-08-21T15:18:22","slug":"hdrs3230-18","status":"publish","type":"product","link":"https:\/\/www.orbiscorporation.com\/es-mx\/products\/bulk-containers\/32x30\/hdrs3230-18\/","title":{"rendered":"HDRS3230-18"},"content":{"rendered":"\n<p><table width=\"1139\"><tbody><tr><br><td width=\"1139\">Los contenedores BulkPak 3230 HDR Series de uso rudo son ideales para estampados met\u00e1licos y otros componentes pesados y densos. Dise\u00f1ados para soportar 2,000 lb, estos contenedores bulk retornables est\u00e1n construidos para larga duraci\u00f3n en aplicaciones de uso rudo. Estilos de pared fija (modelos HDRS) disponibles para soportar componentes pesados y densos. Durante el almacenamiento y embarque estos contenedores bulk se estiban fijamente uno encima de otro. Las cajas de tarima ofrecen la resistencia y durabilidad robusta demandada en los sistemas de distribuci\u00f3n y manejo de materiales de la actualidad. Relleno interior protector hecho a la medida disponible para todos los contenedores ORBIS BulkPak. Estos contenedores son totalmente reciclables al final de su vida \u00fatil. (Todas las dimensiones y especificaciones son aproximadas. Las caracter\u00edsticas de rendimiento se basan en cargas est\u00e1ticas uniformes y pueden ser afectadas por la distribuci\u00f3n de la carga, m\u00e9todos de manejo, cantidad y tipo de puertas de acceso y temperaturas fuera del rango de 0&amp;deg; a 120&amp;deg; F).<br><ul><br><li>Medida 32 x 30 x 18<\/li><br><li>Paredes fijas<\/li><br><li>Espuma estructural moldeada en polietileno de alta densidad<\/li><br><li>Capacidad del contenedor: 2,000 lb<\/li><br><li>Broches ergon\u00f3micos pasadores cargados por resorte que permiten colapsar contenedores y abrir o cerrar las puertas de acceso sumamente f\u00e1cil<\/li><br><li>Plataforma ventilada o s\u00f3lida disponible<\/li><br><li>Dos opciones de base incluyen entrada para montacargas est\u00e1ndar de 4 v\u00edas y una base transportable con entrada para montacargas de 2 v\u00edas<\/li><br><li>Puertas de acceso: 0, 1 o 2 puertas en el lado de 32&#8243; (Las configuraciones de puerta var\u00edan conforme al modelo)<\/li><br><li>Aplicaciones populares: Componentes automotrices, rodamientos, herrajes, equipos industriales, piezas met\u00e1licas, piezas de pl\u00e1stico y de hule, resinas, polvo y herramientas<\/li><br><\/ul><br><\/td><br><\/tr><br><\/tbody><\/table><\/p>\n","protected":false},"excerpt":{"rendered":"<p>Los contenedores BulkPak 3230 HDR Series de uso rudo son ideales para estampados met\u00e1licos y otros componentes pesados y densos. Dise\u00f1ados para soportar 2,000 lb, estos contenedores bulk retornables est\u00e1n construidos para larga duraci\u00f3n en aplicaciones de uso rudo. Estilos de pared fija (modelos HDRS) disponibles para soportar componentes pesados y densos. Durante el almacenamiento [&hellip;]<\/p>\n","protected":false},"featured_media":4074,"template":"","meta":{"_acf_changed":false},"product_brand":[],"product_cat":[1826,1828],"product_tag":[83,1814],"class_list":{"0":"post-5987","1":"product","2":"type-product","3":"status-publish","4":"has-post-thumbnail","6":"product_cat-bulk-containers","7":"product_cat-32x30","8":"product_tag-automotive","9":"product_tag-automotriz","11":"first","12":"instock","13":"product-type-simple"},"acf":[],"gallery_images":[11907,4080,4078,4076,4070],"_links":{"self":[{"href":"https:\/\/www.orbiscorporation.com\/es-mx\/wp-json\/wp\/v2\/product\/5987","targetHints":{"allow":["GET"]}}],"collection":[{"href":"https:\/\/www.orbiscorporation.com\/es-mx\/wp-json\/wp\/v2\/product"}],"about":[{"href":"https:\/\/www.orbiscorporation.com\/es-mx\/wp-json\/wp\/v2\/types\/product"}],"wp:featuredmedia":[{"embeddable":true,"href":"https:\/\/www.orbiscorporation.com\/es-mx\/wp-json\/wp\/v2\/media\/4074"}],"wp:attachment":[{"href":"https:\/\/www.orbiscorporation.com\/es-mx\/wp-json\/wp\/v2\/media?parent=5987"}],"wp:term":[{"taxonomy":"product_brand","embeddable":true,"href":"https:\/\/www.orbiscorporation.com\/es-mx\/wp-json\/wp\/v2\/product_brand?post=5987"},{"taxonomy":"product_cat","embeddable":true,"href":"https:\/\/www.orbiscorporation.com\/es-mx\/wp-json\/wp\/v2\/product_cat?post=5987"},{"taxonomy":"product_tag","embeddable":true,"href":"https:\/\/www.orbiscorporation.com\/es-mx\/wp-json\/wp\/v2\/product_tag?post=5987"}],"curies":[{"name":"wp","href":"https:\/\/api.w.org\/{rel}","templated":true}]}}