{"id":5989,"date":"2022-11-22T11:06:44","date_gmt":"2022-11-22T17:06:44","guid":{"rendered":"https:\/\/orbiscorporstg.wpengine.com\/product\/gp4048-39\/"},"modified":"2025-10-30T12:05:12","modified_gmt":"2025-10-30T18:05:12","slug":"gp4048-39","status":"publish","type":"product","link":"https:\/\/www.orbiscorporation.com\/es-mx\/products\/bulk-containers\/40x48\/gp4048-39\/","title":{"rendered":"GP4048-39"},"content":{"rendered":"<p>El BulkPak 4048 GP Series de uso medio est\u00e1 dise\u00f1ado para una amplia variedad de tama\u00f1os de producto, formas y pesos. Estos contenedores bulk permiten manejar, almacenar y embarcar m\u00e1s piezas&#8230; con menos contenedores y en menos viajes. El dise\u00f1o avanzado resulta en un peso de tara consistente que mejora las eficiencias de inventario y embarques. Los contenedores se colapsan cuando est\u00e1n vac\u00edos reduciendo costos de transporte de retorno y ahorrando espacio de almac\u00e9n. Durante el almacenamiento y embarque estos contenedores bulk se estiban fijamente uno encima de otro cuando est\u00e1n llenos. Las cajas de tarima ofrecen la resistencia y durabilidad robusta demandada en los sistemas de distribuci\u00f3n y manejo de materiales de la actualidad. Relleno interior protector hecho a la medida disponible para todos los contenedores ORBIS BulkPak. Estos contenedores son totalmente reciclables al final de su vida \u00fatil. (Todas las dimensiones y especificaciones son aproximadas. Las caracter\u00edsticas de rendimiento se basan en cargas est\u00e1ticas uniformes y pueden ser afectadas por la distribuci\u00f3n de la carga, m\u00e9todos de manejo, cantidad y tipo de puertas de acceso y temperaturas fuera del rango de 0\u00b0 a 120\u00b0 F).<\/p>\n<ul>\n<li>Medida 40 x 48 x 39<\/li>\n<li>Paredes laterales de espuma estructural moldeada y base<\/li>\n<li>Polietileno de alta densidad<\/li>\n<li>Capacidad del contenedor: 2,000 lb<\/li>\n<li>La construcci\u00f3n hecha totalmente de pl\u00e1stico elimina riesgos de corrosi\u00f3n<\/li>\n<li>Pared lateral aut\u00f3noma para ensamble y colapso eficiente y seguro<\/li>\n<li>Puertas de acceso: 2 Puertas en el lado de 40&#8243; (Las configuraciones de puerta var\u00edan conforme al modelo)<\/li>\n<li>Plataforma: s\u00f3lida o ventilada<\/li>\n<li>Paredes laterales: s\u00f3lida<\/li>\n<li>Aplicaciones populares: frutas y legumbres, tapas\/cierres, piezas de pl\u00e1stico\/hule<\/li>\n<\/ul>\n","protected":false},"excerpt":{"rendered":"<p>El BulkPak 4048 GP Series de uso medio est\u00e1 dise\u00f1ado para una amplia variedad de tama\u00f1os de producto, formas y pesos. Estos contenedores bulk permiten manejar, almacenar y embarcar m\u00e1s piezas&#8230; con menos contenedores y en menos viajes. El dise\u00f1o avanzado resulta en un peso de tara consistente que mejora las eficiencias de inventario y [&hellip;]<\/p>\n","protected":false},"featured_media":13938,"template":"","meta":{"_acf_changed":false},"product_brand":[],"product_cat":[1829,1826],"product_tag":[1812,1816,1819],"class_list":{"0":"post-5989","1":"product","2":"type-product","3":"status-publish","4":"has-post-thumbnail","6":"product_cat-40x48","7":"product_cat-bulk-containers","8":"product_tag-agricultura","9":"product_tag-bebidas","10":"product_tag-fabricacion-de-alimentos","12":"first","13":"instock","14":"product-type-simple"},"acf":[],"gallery_images":[13942,13954,13952,13948,13940,13958,13946,13950,13956,13944],"_links":{"self":[{"href":"https:\/\/www.orbiscorporation.com\/es-mx\/wp-json\/wp\/v2\/product\/5989","targetHints":{"allow":["GET"]}}],"collection":[{"href":"https:\/\/www.orbiscorporation.com\/es-mx\/wp-json\/wp\/v2\/product"}],"about":[{"href":"https:\/\/www.orbiscorporation.com\/es-mx\/wp-json\/wp\/v2\/types\/product"}],"wp:featuredmedia":[{"embeddable":true,"href":"https:\/\/www.orbiscorporation.com\/es-mx\/wp-json\/wp\/v2\/media\/13938"}],"wp:attachment":[{"href":"https:\/\/www.orbiscorporation.com\/es-mx\/wp-json\/wp\/v2\/media?parent=5989"}],"wp:term":[{"taxonomy":"product_brand","embeddable":true,"href":"https:\/\/www.orbiscorporation.com\/es-mx\/wp-json\/wp\/v2\/product_brand?post=5989"},{"taxonomy":"product_cat","embeddable":true,"href":"https:\/\/www.orbiscorporation.com\/es-mx\/wp-json\/wp\/v2\/product_cat?post=5989"},{"taxonomy":"product_tag","embeddable":true,"href":"https:\/\/www.orbiscorporation.com\/es-mx\/wp-json\/wp\/v2\/product_tag?post=5989"}],"curies":[{"name":"wp","href":"https:\/\/api.w.org\/{rel}","templated":true}]}}