{"id":5992,"date":"2022-11-22T11:06:44","date_gmt":"2022-11-22T17:06:44","guid":{"rendered":"https:\/\/orbiscorporstg.wpengine.com\/product\/hdmx4048-46\/"},"modified":"2025-10-17T12:17:40","modified_gmt":"2025-10-17T18:17:40","slug":"hdmx4048-46","status":"publish","type":"product","link":"https:\/\/www.orbiscorporation.com\/es-mx\/products\/bulk-containers\/40x48\/hdmx4048-46\/","title":{"rendered":"HDMX4048-46"},"content":{"rendered":"<p>El HDMX4048-46 fue dise\u00f1ado espec\u00edficamente para el manejo, almacenamiento y transporte de productos dentro de las aplicaciones de bebidas y empaques primarios. Los contenedores BulkPak MaxCube optimizan las cargas de productos que con frecuencia cubr\u00edan el cami\u00f3n antes de alcanzar el l\u00edmite de peso.<\/p>\n<ul>\n<li>Tapas de pie reemplazables<\/li>\n<li>Cubierta s\u00f3lida<\/li>\n<li>Moldeado en proceso de Espuma estructural<\/li>\n<\/ul>\n","protected":false},"excerpt":{"rendered":"<p>El HDMX4048-46 fue dise\u00f1ado espec\u00edficamente para el manejo, almacenamiento y transporte de productos dentro de las aplicaciones de bebidas y empaques primarios. Los contenedores BulkPak MaxCube optimizan las cargas de productos que con frecuencia cubr\u00edan el cami\u00f3n antes de alcanzar el l\u00edmite de peso. Tapas de pie reemplazables Cubierta s\u00f3lida Moldeado en proceso de Espuma [&hellip;]<\/p>\n","protected":false},"featured_media":10494,"template":"","meta":{"_acf_changed":false},"product_brand":[],"product_cat":[1826,1829],"product_tag":[1816,1822,1821],"class_list":{"0":"post-5992","1":"product","2":"type-product","3":"status-publish","4":"has-post-thumbnail","6":"product_cat-bulk-containers","7":"product_cat-40x48","8":"product_tag-bebidas","9":"product_tag-empaque-primario","10":"product_tag-farmaceutica","12":"first","13":"instock","14":"product-type-simple"},"acf":[],"gallery_images":[11910,10512,10510,10508,10506,10504,10502,10500,10498,10496],"_links":{"self":[{"href":"https:\/\/www.orbiscorporation.com\/es-mx\/wp-json\/wp\/v2\/product\/5992","targetHints":{"allow":["GET"]}}],"collection":[{"href":"https:\/\/www.orbiscorporation.com\/es-mx\/wp-json\/wp\/v2\/product"}],"about":[{"href":"https:\/\/www.orbiscorporation.com\/es-mx\/wp-json\/wp\/v2\/types\/product"}],"wp:featuredmedia":[{"embeddable":true,"href":"https:\/\/www.orbiscorporation.com\/es-mx\/wp-json\/wp\/v2\/media\/10494"}],"wp:attachment":[{"href":"https:\/\/www.orbiscorporation.com\/es-mx\/wp-json\/wp\/v2\/media?parent=5992"}],"wp:term":[{"taxonomy":"product_brand","embeddable":true,"href":"https:\/\/www.orbiscorporation.com\/es-mx\/wp-json\/wp\/v2\/product_brand?post=5992"},{"taxonomy":"product_cat","embeddable":true,"href":"https:\/\/www.orbiscorporation.com\/es-mx\/wp-json\/wp\/v2\/product_cat?post=5992"},{"taxonomy":"product_tag","embeddable":true,"href":"https:\/\/www.orbiscorporation.com\/es-mx\/wp-json\/wp\/v2\/product_tag?post=5992"}],"curies":[{"name":"wp","href":"https:\/\/api.w.org\/{rel}","templated":true}]}}