{"id":5993,"date":"2022-11-22T11:06:44","date_gmt":"2022-11-22T17:06:44","guid":{"rendered":"https:\/\/orbiscorporstg.wpengine.com\/product\/hdmx4845-50\/"},"modified":"2025-10-30T08:37:33","modified_gmt":"2025-10-30T14:37:33","slug":"hdmx4845-50","status":"publish","type":"product","link":"https:\/\/www.orbiscorporation.com\/es-mx\/products\/bulk-containers\/48x45\/hdmx4845-50\/","title":{"rendered":"HDMX4845-50"},"content":{"rendered":"<p>El contenedor MaxCube est\u00e1 dise\u00f1ado para mejor eficiencia de embarque y m\u00e1xima capacidad c\u00fabica. Ofrece acci\u00f3n plegable no secuencial y se colapsa f\u00e1cilmente a una relaci\u00f3n de 4.0 a 1. En el piso de producci\u00f3n, MaxCube es compatible con muchos tipos de equipos de descarga. El retornable y abatible MaxCube maximiza la carga \u00fatil y reduce los costos de embarque. Con superficies interiores suaves y una cubierta para proteger el contenido, MaxCube asegura la pulcritud del producto. Est\u00e1 fabricado con materiales aprobados por la FDA para cumplir con los requerimientos sanitarios para el manejo de empaques de alimentos, bebidas y aplicaciones farmac\u00e9uticas.<\/p>\n<ul>\n<li>Medida 45 x 48 x 50<\/li>\n<li>Las paredes interiores suaves evitan da\u00f1os al producto durante la carga y descarga<\/li>\n<li>La cubierta empotrada reduce da\u00f1os (incluida con el contenedor)<\/li>\n<li>Grandes broches de f\u00e1cil desbloqueo para ensamblar y colapsar r\u00e1pidamente<\/li>\n<li>Entrada para montacargas de 4 v\u00edas<\/li>\n<li>\u00c1rea protegida para m\u00faltiples opciones de identificaci\u00f3n<\/li>\n<li>Aplicaciones populares: Preformados, botellas, tapas y cierres<\/li>\n<\/ul>\n","protected":false},"excerpt":{"rendered":"<p>El contenedor MaxCube est\u00e1 dise\u00f1ado para mejor eficiencia de embarque y m\u00e1xima capacidad c\u00fabica. Ofrece acci\u00f3n plegable no secuencial y se colapsa f\u00e1cilmente a una relaci\u00f3n de 4.0 a 1. En el piso de producci\u00f3n, MaxCube es compatible con muchos tipos de equipos de descarga. El retornable y abatible MaxCube maximiza la carga \u00fatil y [&hellip;]<\/p>\n","protected":false},"featured_media":5135,"template":"","meta":{"_acf_changed":false},"product_brand":[],"product_cat":[1830,1826],"product_tag":[],"class_list":{"0":"post-5993","1":"product","2":"type-product","3":"status-publish","4":"has-post-thumbnail","6":"product_cat-48x45","7":"product_cat-bulk-containers","9":"first","10":"instock","11":"product-type-simple"},"acf":[],"gallery_images":[5137,5139,5141,5143],"_links":{"self":[{"href":"https:\/\/www.orbiscorporation.com\/es-mx\/wp-json\/wp\/v2\/product\/5993","targetHints":{"allow":["GET"]}}],"collection":[{"href":"https:\/\/www.orbiscorporation.com\/es-mx\/wp-json\/wp\/v2\/product"}],"about":[{"href":"https:\/\/www.orbiscorporation.com\/es-mx\/wp-json\/wp\/v2\/types\/product"}],"wp:featuredmedia":[{"embeddable":true,"href":"https:\/\/www.orbiscorporation.com\/es-mx\/wp-json\/wp\/v2\/media\/5135"}],"wp:attachment":[{"href":"https:\/\/www.orbiscorporation.com\/es-mx\/wp-json\/wp\/v2\/media?parent=5993"}],"wp:term":[{"taxonomy":"product_brand","embeddable":true,"href":"https:\/\/www.orbiscorporation.com\/es-mx\/wp-json\/wp\/v2\/product_brand?post=5993"},{"taxonomy":"product_cat","embeddable":true,"href":"https:\/\/www.orbiscorporation.com\/es-mx\/wp-json\/wp\/v2\/product_cat?post=5993"},{"taxonomy":"product_tag","embeddable":true,"href":"https:\/\/www.orbiscorporation.com\/es-mx\/wp-json\/wp\/v2\/product_tag?post=5993"}],"curies":[{"name":"wp","href":"https:\/\/api.w.org\/{rel}","templated":true}]}}