{"id":6007,"date":"2022-11-22T11:11:42","date_gmt":"2022-11-22T17:11:42","guid":{"rendered":"https:\/\/orbiscorporstg.wpengine.com\/product\/hdrs4845-21\/"},"modified":"2025-10-31T11:15:56","modified_gmt":"2025-10-31T17:15:56","slug":"hdrs4845-21","status":"publish","type":"product","link":"https:\/\/www.orbiscorporation.com\/es-mx\/products\/bulk-containers\/48x45\/hdrs4845-21\/","title":{"rendered":"HDRS4845-21"},"content":{"rendered":"<p>El BulkPak 4845 HDR Series de uso rudo es muy utilizado por la industria automotriz, ya que cumple con las especificaciones del Automotive Industry Action Group (AIAG). Las cargas unificadas se pueden entregar directamente a la l\u00ednea de ensamble para inmediata presentaci\u00f3n de piezas, sin desenvolver ni quitar flejes. Estilos de pared fija (modelos HDRS) disponibles para soportar componentes pesados y densos. Durante el almacenamiento y embarque estos contenedores bulk se estiban fijamente uno encima de otro. Cuando se usa la tapa superior Journey Top Cap como cubierta, las cargas de contenedor entarimado se pueden estibar con el BulkPak, para mayor eficiencia de embarque. Basados en la medida est\u00e1ndar AIAG, estos contenedores Bulk est\u00e1n dise\u00f1ados y fabricados para trasladar, almacenar y embarcar eficientemente componentes. Las cajas de tarima ofrecen la resistencia y durabilidad robusta demandada en los sistemas de distribuci\u00f3n y manejo de materiales de la actualidad. Relleno interior protector hecho a la medida disponible para todos los contenedores ORBIS BulkPak. Estos contenedores son totalmente reciclables al final de su vida \u00fatil. (Todas las dimensiones y especificaciones son aproximadas. Las caracter\u00edsticas de rendimiento se basan en cargas est\u00e1ticas uniformes y pueden ser afectadas por la distribuci\u00f3n de la carga, m\u00e9todos de manejo, cantidad y tipo de puertas de acceso y temperaturas fuera del rango de 0\u00b0 a 120\u00b0 F).<\/p>\n<ul>\n<li>Medida 45 x 48 x 21<\/li>\n<li>Paredes fijas<\/li>\n<li>Espuma estructural moldeada en polietileno de alta densidad<\/li>\n<li>Capacidad del contenedor: 2,000 lb<\/li>\n<li>Fondo de marco completo totalmente de pl\u00e1stico<\/li>\n<li>Plataforma: Ventilada<\/li>\n<li>Paredes laterales: S\u00f3lida<\/li>\n<li>Aplicaciones populares: Automotriz, electrodom\u00e9sticos y equipos de transporte<\/li>\n<\/ul>\n","protected":false},"excerpt":{"rendered":"<p>El BulkPak 4845 HDR Series de uso rudo es muy utilizado por la industria automotriz, ya que cumple con las especificaciones del Automotive Industry Action Group (AIAG). Las cargas unificadas se pueden entregar directamente a la l\u00ednea de ensamble para inmediata presentaci\u00f3n de piezas, sin desenvolver ni quitar flejes. Estilos de pared fija (modelos HDRS) [&hellip;]<\/p>\n","protected":false},"featured_media":5133,"template":"","meta":{"_acf_changed":false},"product_brand":[],"product_cat":[1830,1826],"product_tag":[1814],"class_list":{"0":"post-6007","1":"product","2":"type-product","3":"status-publish","4":"has-post-thumbnail","6":"product_cat-48x45","7":"product_cat-bulk-containers","8":"product_tag-automotriz","10":"first","11":"instock","12":"product-type-simple"},"acf":[],"gallery_images":[],"_links":{"self":[{"href":"https:\/\/www.orbiscorporation.com\/es-mx\/wp-json\/wp\/v2\/product\/6007","targetHints":{"allow":["GET"]}}],"collection":[{"href":"https:\/\/www.orbiscorporation.com\/es-mx\/wp-json\/wp\/v2\/product"}],"about":[{"href":"https:\/\/www.orbiscorporation.com\/es-mx\/wp-json\/wp\/v2\/types\/product"}],"wp:featuredmedia":[{"embeddable":true,"href":"https:\/\/www.orbiscorporation.com\/es-mx\/wp-json\/wp\/v2\/media\/5133"}],"wp:attachment":[{"href":"https:\/\/www.orbiscorporation.com\/es-mx\/wp-json\/wp\/v2\/media?parent=6007"}],"wp:term":[{"taxonomy":"product_brand","embeddable":true,"href":"https:\/\/www.orbiscorporation.com\/es-mx\/wp-json\/wp\/v2\/product_brand?post=6007"},{"taxonomy":"product_cat","embeddable":true,"href":"https:\/\/www.orbiscorporation.com\/es-mx\/wp-json\/wp\/v2\/product_cat?post=6007"},{"taxonomy":"product_tag","embeddable":true,"href":"https:\/\/www.orbiscorporation.com\/es-mx\/wp-json\/wp\/v2\/product_tag?post=6007"}],"curies":[{"name":"wp","href":"https:\/\/api.w.org\/{rel}","templated":true}]}}