{"id":6009,"date":"2022-11-22T11:11:42","date_gmt":"2022-11-22T17:11:42","guid":{"rendered":"https:\/\/orbiscorporstg.wpengine.com\/product\/hdr4845-25\/"},"modified":"2025-10-30T11:24:15","modified_gmt":"2025-10-30T17:24:15","slug":"hdr4845-25","status":"publish","type":"product","link":"https:\/\/www.orbiscorporation.com\/es-mx\/products\/bulk-containers\/48x45\/hdr4845-25\/","title":{"rendered":"HDR4845-25"},"content":{"rendered":"<p>El BulkPak 4845 HDR Series de uso rudo es muy utilizado por la industria automotriz, ya que cumple con las especificaciones del Automotive Industry Action Group (AIAG). Las cargas unificadas se pueden entregar directamente a la l\u00ednea de ensamble para inmediata presentaci\u00f3n de piezas, sin desenvolver ni quitar flejes. Los contenedores Bulk se colapsan cuando est\u00e1n vac\u00edos reduciendo costos de transporte de retorno y ahorrando espacio de almac\u00e9n. Durante el almacenamiento y embarque estos contenedores bulk se estiban fijamente uno encima de otro. Las cargas de contenedor entarimado se pueden estibar con BulkPak, para mayor eficiencia de embarque. Basados en la medida est\u00e1ndar AIAG, estos contenedores Bulk est\u00e1n dise\u00f1ados y fabricados para trasladar, almacenar y embarcar eficientemente componentes. Las cajas de tarima ofrecen la resistencia y durabilidad robusta demandada en los sistemas de distribuci\u00f3n y manejo de materiales de la actualidad. Relleno interior protector hecho a la medida disponible para todos los contenedores ORBIS BulkPak. Estos contenedores son totalmente reciclables al final de su vida \u00fatil. (Todas las dimensiones y especificaciones son aproximadas. Las caracter\u00edsticas de rendimiento se basan en cargas est\u00e1ticas uniformes y pueden ser afectadas por la distribuci\u00f3n de la carga, m\u00e9todos de manejo, cantidad y tipo de puertas de acceso y temperaturas fuera del rango de 0\u00b0 a 120\u00b0 F).<\/p>\n<ul>\n<li>Medida 45 x 48 x 25<\/li>\n<li>Espuma estructural moldeada en polietileno de alta densidad<\/li>\n<li>Capacidad del contenedor: 2,000 lb<\/li>\n<li>Puertas de acceso: 0, 1o\u00a0 puertas (las configuraciones de puertas var\u00edan conforme al modelo)<\/li>\n<li>NOTA: Puertas y\/o paredes oscilantes de 45 no est\u00e1n disponibles en el HDR4845-25 o en el HDR4845-39<\/li>\n<li>Base: Fondo de marco completo totalmente de pl\u00e1stico<\/li>\n<li>Plataforma: Ventilada<\/li>\n<li>Paredes laterales: S\u00f3lida<\/li>\n<li>Aplicaciones populares: Automotriz, electrodom\u00e9sticos y equipos de transporte<\/li>\n<\/ul>\n","protected":false},"excerpt":{"rendered":"<p>El BulkPak 4845 HDR Series de uso rudo es muy utilizado por la industria automotriz, ya que cumple con las especificaciones del Automotive Industry Action Group (AIAG). Las cargas unificadas se pueden entregar directamente a la l\u00ednea de ensamble para inmediata presentaci\u00f3n de piezas, sin desenvolver ni quitar flejes. Los contenedores Bulk se colapsan cuando [&hellip;]<\/p>\n","protected":false},"featured_media":3864,"template":"","meta":{"_acf_changed":false},"product_brand":[],"product_cat":[1830,1826],"product_tag":[1814],"class_list":{"0":"post-6009","1":"product","2":"type-product","3":"status-publish","4":"has-post-thumbnail","6":"product_cat-48x45","7":"product_cat-bulk-containers","8":"product_tag-automotriz","10":"first","11":"instock","12":"product-type-simple"},"acf":[],"gallery_images":[11916,3872,3870,3868,3866,3862],"_links":{"self":[{"href":"https:\/\/www.orbiscorporation.com\/es-mx\/wp-json\/wp\/v2\/product\/6009","targetHints":{"allow":["GET"]}}],"collection":[{"href":"https:\/\/www.orbiscorporation.com\/es-mx\/wp-json\/wp\/v2\/product"}],"about":[{"href":"https:\/\/www.orbiscorporation.com\/es-mx\/wp-json\/wp\/v2\/types\/product"}],"wp:featuredmedia":[{"embeddable":true,"href":"https:\/\/www.orbiscorporation.com\/es-mx\/wp-json\/wp\/v2\/media\/3864"}],"wp:attachment":[{"href":"https:\/\/www.orbiscorporation.com\/es-mx\/wp-json\/wp\/v2\/media?parent=6009"}],"wp:term":[{"taxonomy":"product_brand","embeddable":true,"href":"https:\/\/www.orbiscorporation.com\/es-mx\/wp-json\/wp\/v2\/product_brand?post=6009"},{"taxonomy":"product_cat","embeddable":true,"href":"https:\/\/www.orbiscorporation.com\/es-mx\/wp-json\/wp\/v2\/product_cat?post=6009"},{"taxonomy":"product_tag","embeddable":true,"href":"https:\/\/www.orbiscorporation.com\/es-mx\/wp-json\/wp\/v2\/product_tag?post=6009"}],"curies":[{"name":"wp","href":"https:\/\/api.w.org\/{rel}","templated":true}]}}