{"id":6028,"date":"2022-11-22T11:31:22","date_gmt":"2022-11-22T17:31:22","guid":{"rendered":"https:\/\/orbiscorporstg.wpengine.com\/product\/hdr6548-34\/"},"modified":"2023-02-01T22:19:10","modified_gmt":"2023-02-02T04:19:10","slug":"hdr6548-34","status":"publish","type":"product","link":"https:\/\/www.orbiscorporation.com\/es-mx\/products\/bulk-containers\/65x48\/hdr6548-34\/","title":{"rendered":"HDR6548-34"},"content":{"rendered":"<table width=\"1139\">\n<tbody>\n<tr>\n<td width=\"1139\">Los contenedores de longitud extendida alojan componentes y piezas largas dif\u00edciles de acomodar. El contenedor BulkPak 6548 HDR Series acomoda piezas componentes largas y dif\u00edciles de acomodar. Todos los contenedores son de espuma estructural moldeada en polietileno de alta densidad y est\u00e1n disponibles en estilos de carga lateral Maximus. Las cargas unificadas se pueden entregar directamente a la l\u00ednea de ensamble para inmediata presentaci\u00f3n de piezas, sin desenvolver ni quitar flejes. Los contenedores Bulk se colapsan cuando est\u00e1n vac\u00edos reduciendo costos de transporte de retorno y ahorrando espacio de almac\u00e9n. Durante el almacenamiento y embarque estos contenedores bulk se estiban fijamente uno encima de otro. Las cajas de tarima ofrecen la resistencia y durabilidad robusta demandada en los sistemas de distribuci\u00f3n y manejo de materiales de la actualidad. Relleno interior protector hecho a la medida disponible para todos los contenedores ORBIS BulkPak. Estos contenedores son totalmente reciclables al final de su vida \u00fatil. (Todas las dimensiones y especificaciones son aproximadas. Las caracter\u00edsticas de rendimiento se basan en cargas est\u00e1ticas uniformes y pueden ser afectadas por la distribuci\u00f3n de la carga, m\u00e9todos de manejo, cantidad y tipo de puertas de acceso y temperaturas fuera del rango de 0\u00b0 a 120\u00b0 F).<\/p>\n<ul>\n<li>Medida 65 x 48 x 34<\/li>\n<li>\u00c1reas en los cuatro lados para opciones de identificaci\u00f3n<\/li>\n<li>Puertas de acceso extra anchas<\/li>\n<li>Capacidad del contenedor: 2,000 lb<\/li>\n<li>Puertas de acceso: 0, 1, 2, 3 o 4 puertas<\/li>\n<li>Plataforma: S\u00f3lida<\/li>\n<li>Paredes laterales: S\u00f3lida<\/li>\n<li>Aplicaciones populares: Automotriz, electrodom\u00e9sticos y equipos de transporte<\/li>\n<\/ul>\n<\/td>\n<\/tr>\n<\/tbody>\n<\/table>\n","protected":false},"excerpt":{"rendered":"<p>Los contenedores de longitud extendida alojan componentes y piezas largas dif\u00edciles de acomodar. El contenedor BulkPak 6548 HDR Series acomoda piezas componentes largas y dif\u00edciles de acomodar. Todos los contenedores son de espuma estructural moldeada en polietileno de alta densidad y est\u00e1n disponibles en estilos de carga lateral Maximus. Las cargas unificadas se pueden entregar [&hellip;]<\/p>\n","protected":false},"featured_media":3974,"template":"","meta":{"_acf_changed":false},"product_brand":[],"product_cat":[1834,1826],"product_tag":[1814],"class_list":{"0":"post-6028","1":"product","2":"type-product","3":"status-publish","4":"has-post-thumbnail","6":"product_cat-65x48","7":"product_cat-bulk-containers","8":"product_tag-automotriz","10":"first","11":"instock","12":"product-type-simple"},"acf":[],"gallery_images":[3982,3980,3978,3976,3972],"_links":{"self":[{"href":"https:\/\/www.orbiscorporation.com\/es-mx\/wp-json\/wp\/v2\/product\/6028","targetHints":{"allow":["GET"]}}],"collection":[{"href":"https:\/\/www.orbiscorporation.com\/es-mx\/wp-json\/wp\/v2\/product"}],"about":[{"href":"https:\/\/www.orbiscorporation.com\/es-mx\/wp-json\/wp\/v2\/types\/product"}],"wp:featuredmedia":[{"embeddable":true,"href":"https:\/\/www.orbiscorporation.com\/es-mx\/wp-json\/wp\/v2\/media\/3974"}],"wp:attachment":[{"href":"https:\/\/www.orbiscorporation.com\/es-mx\/wp-json\/wp\/v2\/media?parent=6028"}],"wp:term":[{"taxonomy":"product_brand","embeddable":true,"href":"https:\/\/www.orbiscorporation.com\/es-mx\/wp-json\/wp\/v2\/product_brand?post=6028"},{"taxonomy":"product_cat","embeddable":true,"href":"https:\/\/www.orbiscorporation.com\/es-mx\/wp-json\/wp\/v2\/product_cat?post=6028"},{"taxonomy":"product_tag","embeddable":true,"href":"https:\/\/www.orbiscorporation.com\/es-mx\/wp-json\/wp\/v2\/product_tag?post=6028"}],"curies":[{"name":"wp","href":"https:\/\/api.w.org\/{rel}","templated":true}]}}