{"id":6035,"date":"2022-11-22T11:52:54","date_gmt":"2022-11-22T17:52:54","guid":{"rendered":"https:\/\/orbiscorporstg.wpengine.com\/product\/multitank\/"},"modified":"2024-07-26T16:03:52","modified_gmt":"2024-07-26T22:03:52","slug":"multitank","status":"publish","type":"product","link":"https:\/\/www.orbiscorporation.com\/es-mx\/products\/bulk-containers\/1000x800\/multitank\/","title":{"rendered":"MultiTank"},"content":{"rendered":"\n<p>El MultiTank es una innovadora alternativa reutilizable de 400 litros a los bidones y dep\u00f3sitos IBC. Se apila cuando est\u00e1 lleno y se anida cuando est\u00e1 vac\u00edo. Su tapa presenta innovadoras tecnolog\u00eda de sellado. El dise\u00f1o c\u00f3nico \u00fanico lo hace encajable cuando est\u00e1 vac\u00edo, lo que aumenta la optimizaci\u00f3n de la carga del cami\u00f3n de retorno. Con una relaci\u00f3n de nido de 6:1, los usuarios pueden Ahorre hasta un 75% en espacio de almacenamiento. El MultiTank es higi\u00e9nico y ofrece esquinas y superficies lisas para un f\u00e1cil manejo y seguridad. El MultiTank es f\u00e1cilmente limpiable, manualmente o con lavadoras de cubos. Est\u00e1 dise\u00f1ado para interactuar con todo tipo de equipos de manejo de materiales, incluidos montacargas, gatos manuales, automatizaci\u00f3n, volquetes y dumpers.<\/p>\n","protected":false},"excerpt":{"rendered":"<p>El MultiTank es una innovadora alternativa reutilizable de 400 litros a los bidones y dep\u00f3sitos IBC. Se apila cuando est\u00e1 lleno y se anida cuando est\u00e1 vac\u00edo. Su tapa presenta innovadoras tecnolog\u00eda de sellado. El dise\u00f1o c\u00f3nico \u00fanico lo hace encajable cuando est\u00e1 vac\u00edo, lo que aumenta la optimizaci\u00f3n de la carga del cami\u00f3n de [&hellip;]<\/p>\n","protected":false},"featured_media":4270,"template":"","meta":{"_acf_changed":false},"product_brand":[],"product_cat":[1838,1826],"product_tag":[1816,1819,1821],"class_list":{"0":"post-6035","1":"product","2":"type-product","3":"status-publish","4":"has-post-thumbnail","6":"product_cat-1000x800","7":"product_cat-bulk-containers","8":"product_tag-bebidas","9":"product_tag-fabricacion-de-alimentos","10":"product_tag-farmaceutica","12":"first","13":"instock","14":"product-type-simple"},"acf":[],"gallery_images":[11828,4272,4266],"_links":{"self":[{"href":"https:\/\/www.orbiscorporation.com\/es-mx\/wp-json\/wp\/v2\/product\/6035","targetHints":{"allow":["GET"]}}],"collection":[{"href":"https:\/\/www.orbiscorporation.com\/es-mx\/wp-json\/wp\/v2\/product"}],"about":[{"href":"https:\/\/www.orbiscorporation.com\/es-mx\/wp-json\/wp\/v2\/types\/product"}],"wp:featuredmedia":[{"embeddable":true,"href":"https:\/\/www.orbiscorporation.com\/es-mx\/wp-json\/wp\/v2\/media\/4270"}],"wp:attachment":[{"href":"https:\/\/www.orbiscorporation.com\/es-mx\/wp-json\/wp\/v2\/media?parent=6035"}],"wp:term":[{"taxonomy":"product_brand","embeddable":true,"href":"https:\/\/www.orbiscorporation.com\/es-mx\/wp-json\/wp\/v2\/product_brand?post=6035"},{"taxonomy":"product_cat","embeddable":true,"href":"https:\/\/www.orbiscorporation.com\/es-mx\/wp-json\/wp\/v2\/product_cat?post=6035"},{"taxonomy":"product_tag","embeddable":true,"href":"https:\/\/www.orbiscorporation.com\/es-mx\/wp-json\/wp\/v2\/product_tag?post=6035"}],"curies":[{"name":"wp","href":"https:\/\/api.w.org\/{rel}","templated":true}]}}