{"id":6053,"date":"2022-11-02T12:28:19","date_gmt":"2022-11-02T18:28:19","guid":{"rendered":"https:\/\/orbiscorporstg.wpengine.com\/product\/optebulk-1200-x-1000-x-896\/"},"modified":"2026-01-29T12:36:11","modified_gmt":"2026-01-29T18:36:11","slug":"optebulk-12x10-35","status":"publish","type":"product","link":"https:\/\/www.orbiscorporation.com\/es-mx\/products\/bulk-containers\/opte-bulk\/optebulk-12x10-35\/","title":{"rendered":"OPTEBULK 1210-35"},"content":{"rendered":"<p>El Sistema de mangas <i>OpteBulk (sleeve pack) de 1210-35<\/i> es un contenedor colapsable para carga a granel, compuesto por una manga de polipropileno trilaminado, una tarima y una tapa. Es una alternativa sustentable a los <i>gaylords<\/i> de cart\u00f3n de un solo uso, que ofrece ahorros en transporte, embalaje y almacenamiento.<\/p>\n<ul>\n<li>Contenedor ligero que puede armar y colapsar solo un operador.<\/li>\n<li>M\u00e1xima colapsabilidad: hasta 120% m\u00e1s <i>OpteBulk\u00a0<\/i>por tr\u00e1iler en comparaci\u00f3n con contenedores r\u00edgidos de pl\u00e1stico.<\/li>\n<li>Dise\u00f1o tipo modular que, al colapsarse, contiene todos los componentes para un almacenamiento eficiente.<\/li>\n<li>Las mangas est\u00e1n fabricadas con Tri-Clone, una extrusi\u00f3n de polipropileno (PP) trilaminada que garantiza mayor resistencia estructural.<\/li>\n<li>Tarima con superficie lisa y s\u00f3lida, que garantiza la protecci\u00f3n de su mercanc\u00eda contra da\u00f1os por compresi\u00f3n.<\/li>\n<\/ul>\n","protected":false},"excerpt":{"rendered":"<p>El Sistema de mangas OpteBulk (sleeve pack) de 1210-35 es un contenedor colapsable para carga a granel, compuesto por una manga de polipropileno trilaminado, una tarima y una tapa. Es una alternativa sustentable a los gaylords de cart\u00f3n de un solo uso, que ofrece ahorros en transporte, embalaje y almacenamiento. Contenedor ligero que puede armar [&hellip;]<\/p>\n","protected":false},"featured_media":4854,"template":"","meta":{"_acf_changed":false},"product_brand":[],"product_cat":[1826,1841],"product_tag":[1814,1821,1823],"class_list":{"0":"post-6053","1":"product","2":"type-product","3":"status-publish","4":"has-post-thumbnail","6":"product_cat-bulk-containers","7":"product_cat-sleeve-packs","8":"product_tag-automotriz","9":"product_tag-farmaceutica","10":"product_tag-minoristas-distribucion","12":"first","13":"instock","14":"product-type-simple"},"acf":[],"gallery_images":[4857,4863,4855],"_links":{"self":[{"href":"https:\/\/www.orbiscorporation.com\/es-mx\/wp-json\/wp\/v2\/product\/6053","targetHints":{"allow":["GET"]}}],"collection":[{"href":"https:\/\/www.orbiscorporation.com\/es-mx\/wp-json\/wp\/v2\/product"}],"about":[{"href":"https:\/\/www.orbiscorporation.com\/es-mx\/wp-json\/wp\/v2\/types\/product"}],"wp:featuredmedia":[{"embeddable":true,"href":"https:\/\/www.orbiscorporation.com\/es-mx\/wp-json\/wp\/v2\/media\/4854"}],"wp:attachment":[{"href":"https:\/\/www.orbiscorporation.com\/es-mx\/wp-json\/wp\/v2\/media?parent=6053"}],"wp:term":[{"taxonomy":"product_brand","embeddable":true,"href":"https:\/\/www.orbiscorporation.com\/es-mx\/wp-json\/wp\/v2\/product_brand?post=6053"},{"taxonomy":"product_cat","embeddable":true,"href":"https:\/\/www.orbiscorporation.com\/es-mx\/wp-json\/wp\/v2\/product_cat?post=6053"},{"taxonomy":"product_tag","embeddable":true,"href":"https:\/\/www.orbiscorporation.com\/es-mx\/wp-json\/wp\/v2\/product_tag?post=6053"}],"curies":[{"name":"wp","href":"https:\/\/api.w.org\/{rel}","templated":true}]}}