{"id":6056,"date":"2022-11-22T12:28:19","date_gmt":"2022-11-22T18:28:19","guid":{"rendered":"https:\/\/orbiscorporstg.wpengine.com\/product\/optebulk-40-x-48-x-54\/"},"modified":"2026-01-29T12:31:33","modified_gmt":"2026-01-29T18:31:33","slug":"optebulk4048-53","status":"publish","type":"product","link":"https:\/\/www.orbiscorporation.com\/es-mx\/products\/bulk-containers\/opte-bulk\/optebulk4048-53\/","title":{"rendered":"OPTEBULK 4048-53"},"content":{"rendered":"<p>l sistema de mangas <i>OpteBulk (sleeve pack)\u00a0<\/i>de 40\u201d x 48\u201d, es un contenedor colapsable para carga a granel, econ\u00f3mico, compuesto por una manga de polipropileno trilaminado y dos tarimas espejo, que pueden usarse como base o tapa.<\/p>\n<p>Las mangas <i>OpteBulk<\/i>, est\u00e1n fabricadas con Tri-Clone, el material trilaminado exclusivo de ORBIS; disponibles en tres alturas est\u00e1ndar. ORBIS ofrece la opci\u00f3n de impresi\u00f3n personalizada y etiquetas tipo <i>placard<\/i> para facilitar su identificaci\u00f3n. Como accesorio adicional, ofrecemos puertas de acceso con cierre de velcro para mayor comodidad.<\/p>\n<ul>\n<li>Contenedor ligero que puede armar y colapsar solo un operador.<\/li>\n<li>M\u00e1xima colapsabilidad: hasta 115% m\u00e1s <i>OPTEBULK<\/i> por tr\u00e1iler en comparaci\u00f3n con contenedores r\u00edgidos de pl\u00e1stico.<\/li>\n<li>Las mangas est\u00e1n fabricadas con Tri-Clone, una extrusi\u00f3n de polipropileno (PP) trilaminada que garantiza mayor resistencia estructural.<\/li>\n<li>Tarima con superficie lisa y s\u00f3lida, que garantiza la protecci\u00f3n de su mercanc\u00eda contra da\u00f1os por compresi\u00f3n.<\/li>\n<\/ul>\n","protected":false},"excerpt":{"rendered":"<p>l sistema de mangas OpteBulk (sleeve pack)\u00a0de 40\u201d x 48\u201d, es un contenedor colapsable para carga a granel, econ\u00f3mico, compuesto por una manga de polipropileno trilaminado y dos tarimas espejo, que pueden usarse como base o tapa. Las mangas OpteBulk, est\u00e1n fabricadas con Tri-Clone, el material trilaminado exclusivo de ORBIS; disponibles en tres alturas est\u00e1ndar. [&hellip;]<\/p>\n","protected":false},"featured_media":4832,"template":"","meta":{"_acf_changed":false},"product_brand":[],"product_cat":[1826,1841],"product_tag":[1814,1821,1823],"class_list":{"0":"post-6056","1":"product","2":"type-product","3":"status-publish","4":"has-post-thumbnail","6":"product_cat-bulk-containers","7":"product_cat-sleeve-packs","8":"product_tag-automotriz","9":"product_tag-farmaceutica","10":"product_tag-minoristas-distribucion","12":"first","13":"instock","14":"product-type-simple"},"acf":[],"gallery_images":[4828,4830],"_links":{"self":[{"href":"https:\/\/www.orbiscorporation.com\/es-mx\/wp-json\/wp\/v2\/product\/6056","targetHints":{"allow":["GET"]}}],"collection":[{"href":"https:\/\/www.orbiscorporation.com\/es-mx\/wp-json\/wp\/v2\/product"}],"about":[{"href":"https:\/\/www.orbiscorporation.com\/es-mx\/wp-json\/wp\/v2\/types\/product"}],"wp:featuredmedia":[{"embeddable":true,"href":"https:\/\/www.orbiscorporation.com\/es-mx\/wp-json\/wp\/v2\/media\/4832"}],"wp:attachment":[{"href":"https:\/\/www.orbiscorporation.com\/es-mx\/wp-json\/wp\/v2\/media?parent=6056"}],"wp:term":[{"taxonomy":"product_brand","embeddable":true,"href":"https:\/\/www.orbiscorporation.com\/es-mx\/wp-json\/wp\/v2\/product_brand?post=6056"},{"taxonomy":"product_cat","embeddable":true,"href":"https:\/\/www.orbiscorporation.com\/es-mx\/wp-json\/wp\/v2\/product_cat?post=6056"},{"taxonomy":"product_tag","embeddable":true,"href":"https:\/\/www.orbiscorporation.com\/es-mx\/wp-json\/wp\/v2\/product_tag?post=6056"}],"curies":[{"name":"wp","href":"https:\/\/api.w.org\/{rel}","templated":true}]}}