{"id":6063,"date":"2022-11-22T12:50:34","date_gmt":"2022-11-22T18:50:34","guid":{"rendered":"https:\/\/orbiscorporstg.wpengine.com\/product\/two-sided-standard-cart-with-brake-600-x-400\/"},"modified":"2023-01-23T20:55:27","modified_gmt":"2023-01-24T02:55:27","slug":"two-sided-standard-cart-with-brake-600-x-400","status":"publish","type":"product","link":"https:\/\/www.orbiscorporation.com\/es-mx\/products\/movil-y-merchandising\/carros-de-distribucion\/two-sided-standard-cart-with-brake-600-x-400\/","title":{"rendered":"Two Sided Standard Cart &#8211; with Brake &#8211; 600 x 400"},"content":{"rendered":"<p>El carro est\u00e1ndar de dos lados de 600 x 400 de ORBIS satisface una amplia variedad de necesidades de recolecci\u00f3n y surtido, desde el centro de distribuci\u00f3n hasta el pasillo minorista. Pick-to-cart es un m\u00e9todo com\u00fan utilizado cuando los minoristas buscan aumentar su cumplimiento de comercio electr\u00f3nico, optimizar las entregas en tiendas de formato peque\u00f1o y cumplir con los pedidos de recogida en l\u00edne<\/p>\n<ul>\n<li>Capacidad para bolsas de 600 x 400 en un espacio de 24&#8243; x 16&#8243;<\/li>\n<li>Acceso unilateral<\/li>\n<li>Los estantes en \u00e1ngulo proporcionan una mayor ergonom\u00eda con un acceso m\u00e1s f\u00e1cil al producto<\/li>\n<li>Ideal para la preparaci\u00f3n y preparaci\u00f3n de pedidos en el centro de distribuci\u00f3n de mercanc\u00edas de comercio electr\u00f3nico<\/li>\n<\/ul>\n","protected":false},"excerpt":{"rendered":"<p>El carro est\u00e1ndar de dos lados de 600 x 400 de ORBIS satisface una amplia variedad de necesidades de recolecci\u00f3n y surtido, desde el centro de distribuci\u00f3n hasta el pasillo minorista. Pick-to-cart es un m\u00e9todo com\u00fan utilizado cuando los minoristas buscan aumentar su cumplimiento de comercio electr\u00f3nico, optimizar las entregas en tiendas de formato peque\u00f1o [&hellip;]<\/p>\n","protected":false},"featured_media":4244,"template":"","meta":{"_acf_changed":false},"product_brand":[],"product_cat":[1844,1842],"product_tag":[1818,1823],"class_list":{"0":"post-6063","1":"product","2":"type-product","3":"status-publish","4":"has-post-thumbnail","6":"product_cat-carros-de-distribucion","7":"product_cat-movil-y-merchandising","8":"product_tag-comercio-electronico","9":"product_tag-minoristas-distribucion","11":"first","12":"instock","13":"product-type-simple"},"acf":[],"gallery_images":[3198],"_links":{"self":[{"href":"https:\/\/www.orbiscorporation.com\/es-mx\/wp-json\/wp\/v2\/product\/6063","targetHints":{"allow":["GET"]}}],"collection":[{"href":"https:\/\/www.orbiscorporation.com\/es-mx\/wp-json\/wp\/v2\/product"}],"about":[{"href":"https:\/\/www.orbiscorporation.com\/es-mx\/wp-json\/wp\/v2\/types\/product"}],"wp:featuredmedia":[{"embeddable":true,"href":"https:\/\/www.orbiscorporation.com\/es-mx\/wp-json\/wp\/v2\/media\/4244"}],"wp:attachment":[{"href":"https:\/\/www.orbiscorporation.com\/es-mx\/wp-json\/wp\/v2\/media?parent=6063"}],"wp:term":[{"taxonomy":"product_brand","embeddable":true,"href":"https:\/\/www.orbiscorporation.com\/es-mx\/wp-json\/wp\/v2\/product_brand?post=6063"},{"taxonomy":"product_cat","embeddable":true,"href":"https:\/\/www.orbiscorporation.com\/es-mx\/wp-json\/wp\/v2\/product_cat?post=6063"},{"taxonomy":"product_tag","embeddable":true,"href":"https:\/\/www.orbiscorporation.com\/es-mx\/wp-json\/wp\/v2\/product_tag?post=6063"}],"curies":[{"name":"wp","href":"https:\/\/api.w.org\/{rel}","templated":true}]}}