{"id":6066,"date":"2022-11-22T12:54:14","date_gmt":"2022-11-22T18:54:14","guid":{"rendered":"https:\/\/orbiscorporstg.wpengine.com\/product\/dfp243\/"},"modified":"2022-12-28T12:49:02","modified_gmt":"2022-12-28T18:49:02","slug":"dfp243","status":"publish","type":"product","link":"https:\/\/www.orbiscorporation.com\/es-mx\/products\/movil-y-merchandising\/bases-rodantes\/dfp243\/","title":{"rendered":"DFP243"},"content":{"rendered":"<table width=\"1139\">\n<tbody>\n<tr>\n<td width=\"1139\">Presentamos la nueva base rodante DFP243 para usarse con los contenedores FliPak\u00ae de ORBIS. Estas robustas bases rodantes est\u00e1n dise\u00f1adas para aumentar la eficiencia de movimiento de contenedores en muchas aplicaciones. Los soportes de esquina alta sujetan los FliPaks en su lugar minimizando el movimiento y desplazamiento durante el transporte. La construcci\u00f3n totalmente de pl\u00e1stico elimina las esquinas afiladas presentes en bases rodantes de acero comparables, aumentando as\u00ed la seguridad de los empleados y minimizando da\u00f1os al producto. La base rodante DFP243 es compatible con los tama\u00f1os de contenedor FliPak\u00ae comunes, eliminando la necesidad de usar m\u00faltiples bases rodantes para acomodar cada tama\u00f1o de contenedor.<\/p>\n<ul>\n<li>Compatible con FP242, FP243, FP402 y FPN402 FliPaks<\/li>\n<li>Los soportes de alta esquina mantienen los contenedores en su lugar<\/li>\n<li>Transporta f\u00e1cilmente m\u00faltiples contenedores FliPak\u00ae<\/li>\n<li>Las bases rodantes se estiban fijamente<\/li>\n<li>Son f\u00e1ciles de limpiar<\/li>\n<li>Dise\u00f1o de doble pared duradera que incrementa la vida \u00fatil<\/li>\n<li>Las robustas ruedas aguantan las cambiantes superficies del suelo<\/li>\n<\/ul>\n<\/td>\n<\/tr>\n<\/tbody>\n<\/table>\n","protected":false},"excerpt":{"rendered":"<p>Presentamos la nueva base rodante DFP243 para usarse con los contenedores FliPak\u00ae de ORBIS. Estas robustas bases rodantes est\u00e1n dise\u00f1adas para aumentar la eficiencia de movimiento de contenedores en muchas aplicaciones. Los soportes de esquina alta sujetan los FliPaks en su lugar minimizando el movimiento y desplazamiento durante el transporte. La construcci\u00f3n totalmente de pl\u00e1stico [&hellip;]<\/p>\n","protected":false},"featured_media":3296,"template":"","meta":{"_acf_changed":false},"product_brand":[],"product_cat":[1845,1842],"product_tag":[1818,1819,1821,1823],"class_list":{"0":"post-6066","1":"product","2":"type-product","3":"status-publish","4":"has-post-thumbnail","6":"product_cat-bases-rodantes","7":"product_cat-movil-y-merchandising","8":"product_tag-comercio-electronico","9":"product_tag-fabricacion-de-alimentos","10":"product_tag-farmaceutica","11":"product_tag-minoristas-distribucion","13":"first","14":"instock","15":"product-type-simple"},"acf":[],"gallery_images":[],"_links":{"self":[{"href":"https:\/\/www.orbiscorporation.com\/es-mx\/wp-json\/wp\/v2\/product\/6066","targetHints":{"allow":["GET"]}}],"collection":[{"href":"https:\/\/www.orbiscorporation.com\/es-mx\/wp-json\/wp\/v2\/product"}],"about":[{"href":"https:\/\/www.orbiscorporation.com\/es-mx\/wp-json\/wp\/v2\/types\/product"}],"wp:featuredmedia":[{"embeddable":true,"href":"https:\/\/www.orbiscorporation.com\/es-mx\/wp-json\/wp\/v2\/media\/3296"}],"wp:attachment":[{"href":"https:\/\/www.orbiscorporation.com\/es-mx\/wp-json\/wp\/v2\/media?parent=6066"}],"wp:term":[{"taxonomy":"product_brand","embeddable":true,"href":"https:\/\/www.orbiscorporation.com\/es-mx\/wp-json\/wp\/v2\/product_brand?post=6066"},{"taxonomy":"product_cat","embeddable":true,"href":"https:\/\/www.orbiscorporation.com\/es-mx\/wp-json\/wp\/v2\/product_cat?post=6066"},{"taxonomy":"product_tag","embeddable":true,"href":"https:\/\/www.orbiscorporation.com\/es-mx\/wp-json\/wp\/v2\/product_tag?post=6066"}],"curies":[{"name":"wp","href":"https:\/\/api.w.org\/{rel}","templated":true}]}}