{"id":6072,"date":"2022-11-22T12:54:14","date_gmt":"2022-11-22T18:54:14","guid":{"rendered":"https:\/\/orbiscorporstg.wpengine.com\/product\/npl-705\/"},"modified":"2023-01-24T17:56:19","modified_gmt":"2023-01-24T23:56:19","slug":"npl-705","status":"publish","type":"product","link":"https:\/\/www.orbiscorporation.com\/es-mx\/products\/movil-y-merchandising\/bases-rodantes\/npl-705\/","title":{"rendered":"NPL 705"},"content":{"rendered":"<table width=\"1139\">\n<tbody>\n<tr>\n<td width=\"1139\">Bases rodantes ORBIS para embarques urgentes de charolas de panader\u00eda y comercializaci\u00f3n en tiendas. Las ruedas sin arrastre no da\u00f1an los pisos de la planta o las tiendas. El perfil contorneado asegura f\u00e1cil manejo desde el cami\u00f3n hasta el pasillo de la panader\u00eda.<\/p>\n<ul>\n<li>Borde de per\u00edmetro<\/li>\n<li>Marco moldeado por inyecci\u00f3n<\/li>\n<li>Disponible en materiales aprobados por la FDA (especifique cuando solicite una cotizaci\u00f3n)<\/li>\n<\/ul>\n<\/td>\n<\/tr>\n<\/tbody>\n<\/table>\n","protected":false},"excerpt":{"rendered":"<p>Bases rodantes ORBIS para embarques urgentes de charolas de panader\u00eda y comercializaci\u00f3n en tiendas. Las ruedas sin arrastre no da\u00f1an los pisos de la planta o las tiendas. El perfil contorneado asegura f\u00e1cil manejo desde el cami\u00f3n hasta el pasillo de la panader\u00eda. Borde de per\u00edmetro Marco moldeado por inyecci\u00f3n Disponible en materiales aprobados por [&hellip;]<\/p>\n","protected":false},"featured_media":4570,"template":"","meta":{"_acf_changed":false},"product_brand":[],"product_cat":[1845,1842],"product_tag":[1815],"class_list":{"0":"post-6072","1":"product","2":"type-product","3":"status-publish","4":"has-post-thumbnail","6":"product_cat-bases-rodantes","7":"product_cat-movil-y-merchandising","8":"product_tag-panaderia","10":"first","11":"instock","12":"product-type-simple"},"acf":[],"gallery_images":[4578,4576,4574,4572],"_links":{"self":[{"href":"https:\/\/www.orbiscorporation.com\/es-mx\/wp-json\/wp\/v2\/product\/6072","targetHints":{"allow":["GET"]}}],"collection":[{"href":"https:\/\/www.orbiscorporation.com\/es-mx\/wp-json\/wp\/v2\/product"}],"about":[{"href":"https:\/\/www.orbiscorporation.com\/es-mx\/wp-json\/wp\/v2\/types\/product"}],"wp:featuredmedia":[{"embeddable":true,"href":"https:\/\/www.orbiscorporation.com\/es-mx\/wp-json\/wp\/v2\/media\/4570"}],"wp:attachment":[{"href":"https:\/\/www.orbiscorporation.com\/es-mx\/wp-json\/wp\/v2\/media?parent=6072"}],"wp:term":[{"taxonomy":"product_brand","embeddable":true,"href":"https:\/\/www.orbiscorporation.com\/es-mx\/wp-json\/wp\/v2\/product_brand?post=6072"},{"taxonomy":"product_cat","embeddable":true,"href":"https:\/\/www.orbiscorporation.com\/es-mx\/wp-json\/wp\/v2\/product_cat?post=6072"},{"taxonomy":"product_tag","embeddable":true,"href":"https:\/\/www.orbiscorporation.com\/es-mx\/wp-json\/wp\/v2\/product_tag?post=6072"}],"curies":[{"name":"wp","href":"https:\/\/api.w.org\/{rel}","templated":true}]}}